{"id":16043,"date":"2024-07-10T16:59:22","date_gmt":"2024-07-10T14:59:22","guid":{"rendered":"https:\/\/axtshade.com\/?page_id=16043"},"modified":"2024-07-10T17:25:13","modified_gmt":"2024-07-10T15:25:13","slug":"privacy-policy","status":"publish","type":"page","link":"https:\/\/axtshade.com\/de\/privacy-policy\/","title":{"rendered":"Datenschutzrichtlinie"},"content":{"rendered":"<div data-elementor-type=\"wp-page\" data-elementor-id=\"16043\" class=\"elementor elementor-16043\" data-elementor-post-type=\"page\">\n\t\t\t\t<div class=\"wd-negative-gap elementor-element elementor-element-60d409c e-flex e-con-boxed e-con e-parent\" data-id=\"60d409c\" data-element_type=\"container\" data-e-type=\"container\">\n\t\t\t\t\t<div class=\"e-con-inner\">\n\t\t\t\t<div class=\"elementor-element elementor-element-23fb052 color-scheme-inherit text-left elementor-widget elementor-widget-text-editor\" data-id=\"23fb052\" data-element_type=\"widget\" data-e-type=\"widget\" data-widget_type=\"text-editor.default\">\n\t\t\t\t<div class=\"elementor-widget-container\">\n\t\t\t\t\t\t\t\t\t<p><b>Zuletzt aktualisiert: 25.07.2023<\/b><\/p>\n<p>Diese Datenschutzrichtlinie beschreibt, wie Axtshade (die \u201eSite\u201c, \u201ewir\u201c, \u201euns\u201c oder \u201eunser\u201c) Ihre pers\u00f6nlichen Daten sammelt, verwendet und weitergibt, wenn Sie axtshade.com (die \u201eSite\u201c) besuchen, unsere Dienste nutzen oder einen Kauf dort t\u00e4tigen oder anderweitig mit uns kommunizieren (zusammen die \u201eDienste\u201c). Im Sinne dieser Datenschutzrichtlinie beziehen sich \u201eSie\u201c und \u201eIhr\u201c auf Sie als Benutzer der Dienste, unabh\u00e4ngig davon, ob Sie Kunde, Website-Besucher oder eine andere Person sind, deren Daten wir gem\u00e4\u00df dieser Datenschutzrichtlinie gesammelt haben.<\/p>\n<p>Bitte lesen Sie diese Datenschutzrichtlinie sorgf\u00e4ltig durch. Indem Sie die Dienste nutzen und darauf zugreifen, stimmen Sie der Erfassung, Verwendung und Offenlegung Ihrer Daten wie in dieser Datenschutzrichtlinie beschrieben zu. Wenn Sie dieser Datenschutzrichtlinie nicht zustimmen, nutzen oder greifen Sie bitte nicht auf die Dienste zu.<\/p>\n<p><br><\/p>\n<p>\u00c4nderungen dieser Datenschutzrichtlinie&nbsp;<\/p>\n<p>Wir k\u00f6nnen diese Datenschutzrichtlinie von Zeit zu Zeit aktualisieren, um \u00c4nderungen unserer Praktiken oder aus anderen betrieblichen, rechtlichen oder regulatorischen Gr\u00fcnden Rechnung zu tragen. Wir werden die \u00fcberarbeitete Datenschutzrichtlinie auf der Website ver\u00f6ffentlichen, das Datum \u201eZuletzt aktualisiert\u201c aktualisieren und alle anderen gesetzlich erforderlichen Schritte unternehmen.<\/p>\n<p>So erfassen und verwenden wir Ihre personenbezogenen Daten&nbsp;<\/p>\n<p>Um die Dienste bereitzustellen, erfassen wir in den letzten 12 Monaten pers\u00f6nliche Informationen \u00fcber Sie aus verschiedenen Quellen, wie unten aufgef\u00fchrt. Die von uns erfassten und verwendeten Informationen variieren je nachdem, wie Sie mit uns interagieren.<\/p>\n<p>Zus\u00e4tzlich zu den unten aufgef\u00fchrten spezifischen Verwendungszwecken k\u00f6nnen wir die \u00fcber Sie gesammelten Informationen verwenden, um mit Ihnen zu kommunizieren, die Dienste bereitzustellen, geltende gesetzliche Verpflichtungen zu erf\u00fcllen, geltende Servicebedingungen durchzusetzen und die Dienste, unsere Rechte und die Rechte unserer Benutzer oder anderer zu sch\u00fctzen oder zu verteidigen.<\/p>\n<p>Welche pers\u00f6nlichen Daten sammeln wir?<\/p>\n<p>Die Art der personenbezogenen Daten, die wir \u00fcber Sie erhalten, h\u00e4ngt davon ab, wie Sie mit unserer Site interagieren und unsere Dienste nutzen. Wenn wir den Begriff \u201epersonenbezogene Daten\u201c verwenden, beziehen wir uns auf Informationen, die Sie identifizieren, sich auf Sie beziehen, Sie beschreiben oder mit Ihnen in Verbindung gebracht werden k\u00f6nnen. In den folgenden Abschnitten werden die Kategorien und spezifischen Arten der von uns erfassten personenbezogenen Daten beschrieben.<\/p>\n<p>Informationen, die wir direkt von Ihnen erfassen&nbsp;<\/p>\n<p>Zu den Informationen, die Sie uns direkt \u00fcber unsere Dienste \u00fcbermitteln, k\u00f6nnen geh\u00f6ren:<\/p>\n<p><ul><li>Grundlegende Kontaktdaten, einschlie\u00dflich Ihres Namens, Ihrer Adresse, Telefonnummer und E-Mail-Adresse.&nbsp;<\/li><li>Bestellinformationen, einschlie\u00dflich Ihres Namens, Ihrer Rechnungsadresse, Lieferadresse, Zahlungsbest\u00e4tigung, E-Mail-Adresse und Telefonnummer.&nbsp;<\/li><li>Kontoinformationen, einschlie\u00dflich Ihres Benutzernamens, Passworts und Sicherheitsfragen.&nbsp;<\/li><li>Einkaufsinformationen, einschlie\u00dflich der Artikel, die Sie ansehen, in Ihren Einkaufswagen legen oder zu Ihrer Wunschliste hinzuf\u00fcgen.&nbsp;<\/li><li>Kundensupportinformationen, einschlie\u00dflich der Informationen, die Sie in Ihre Kommunikation mit uns aufnehmen m\u00f6chten, beispielsweise beim Senden einer Nachricht \u00fcber die Dienste.&nbsp;<\/li><\/ul><\/p>\n\n\n\n\n<p>F\u00fcr einige Funktionen der Dienste m\u00fcssen Sie uns m\u00f6glicherweise bestimmte Informationen \u00fcber sich selbst direkt zur Verf\u00fcgung stellen. Sie k\u00f6nnen sich dazu entscheiden, diese Informationen nicht bereitzustellen, dies kann jedoch dazu f\u00fchren, dass Sie diese Funktionen nicht nutzen oder nicht darauf zugreifen k\u00f6nnen.<\/p>\n<p>Von uns durch Cookies erfasste Informationen&nbsp;<\/p><p>Wir erfassen au\u00dferdem automatisch bestimmte Informationen \u00fcber Ihre Interaktion mit den Diensten (\u201eNutzungsdaten\u201c). Zu diesem Zweck k\u00f6nnen wir Cookies, Pixel und \u00e4hnliche Technologien (\u201eCookies\u201c) verwenden. Nutzungsdaten k\u00f6nnen Informationen dar\u00fcber enthalten, wie Sie auf unsere Site und Ihr Konto zugreifen und diese verwenden, einschlie\u00dflich Ger\u00e4teinformationen, Browserinformationen, Informationen \u00fcber Ihre Netzwerkverbindung, Ihre IP-Adresse und andere Informationen bez\u00fcglich Ihrer Interaktion mit den Diensten.<\/p>\n<p>Von Dritten erhaltene Informationen&nbsp;<\/p><p>Schlie\u00dflich k\u00f6nnen wir Informationen \u00fcber Sie von Dritten erhalten, darunter von Anbietern und Dienstleistern, die in unserem Namen Informationen erfassen, beispielsweise:<\/p>\n<p><ul><li>Unsere Zahlungsabwickler, die Zahlungsinformationen (z. B. Bankkonto, Kredit- oder Debitkarteninformationen, Rechnungsadresse) erfassen, um Ihre Zahlung abzuwickeln, Ihre Bestellungen auszuf\u00fchren und Ihnen die von Ihnen angeforderten Produkte oder Dienstleistungen bereitzustellen, um unseren Vertrag mit Ihnen zu erf\u00fcllen.&nbsp;<\/li><li>Wenn Sie unsere Site besuchen, E-Mails \u00f6ffnen oder anklicken, die wir Ihnen senden, oder mit unseren Diensten oder Anzeigen interagieren, k\u00f6nnen wir oder Dritte, mit denen wir zusammenarbeiten, mithilfe von Online-Tracking-Technologien wie Pixeln, Web Beacons, Software Developer Kits, Drittanbieterbibliotheken und Cookies automatisch bestimmte Informationen erfassen.&nbsp;<\/li><\/ul><\/p><p>Alle Informationen, die wir von Dritten erhalten, werden gem\u00e4\u00df dieser Datenschutzrichtlinie behandelt. Wir sind nicht verantwortlich oder haftbar f\u00fcr die Richtigkeit der Informationen, die uns von Dritten zur Verf\u00fcgung gestellt werden, und sind nicht verantwortlich f\u00fcr die Richtlinien oder Praktiken Dritter. Weitere Informationen finden Sie im Abschnitt \u201eWebsites und Links Dritter\u201c weiter unten.<\/p>\n<p>So verwenden wir Ihre pers\u00f6nlichen Daten&nbsp;<\/p><p><ul><li>Bereitstellung von Produkten und Dienstleistungen. Wir verwenden Ihre personenbezogenen Daten, um Ihnen die Dienstleistungen bereitzustellen und unseren Vertrag mit Ihnen zu erf\u00fcllen. Dazu geh\u00f6ren die Bearbeitung Ihrer Zahlungen, die Ausf\u00fchrung Ihrer Bestellungen, das Senden von Benachrichtigungen zu Ihrem Konto, Eink\u00e4ufen, R\u00fccksendungen, Umtausch oder anderen Transaktionen, das Erstellen, Aufrechterhalten und anderweitige Verwalten Ihres Kontos, die Organisation des Versands, die Erleichterung von R\u00fccksendungen und Umtausch und die Erm\u00f6glichung der Abgabe von Bewertungen.&nbsp;<\/li><li>Marketing und Werbung. Wir verwenden Ihre personenbezogenen Daten f\u00fcr Marketing- und Werbezwecke, beispielsweise um Marketing-, Werbe- und Verkaufsf\u00f6rderungsmitteilungen per E-Mail, SMS oder Post zu versenden und Ihnen Werbung f\u00fcr Produkte oder Dienstleistungen anzuzeigen. Dies kann die Verwendung Ihrer personenbezogenen Daten umfassen, um die Dienstleistungen und Werbung auf unserer Site und anderen Websites besser anzupassen.&nbsp;<\/li><li>Sicherheit und Betrugspr\u00e4vention. Wir verwenden Ihre pers\u00f6nlichen Daten, um m\u00f6gliche betr\u00fcgerische, illegale oder b\u00f6swillige Aktivit\u00e4ten zu erkennen, zu untersuchen oder Ma\u00dfnahmen dagegen zu ergreifen. Wenn Sie sich f\u00fcr die Nutzung der Dienste entscheiden und ein Konto registrieren, sind Sie daf\u00fcr verantwortlich, Ihre Kontoanmeldeinformationen sicher aufzubewahren. Wir empfehlen Ihnen dringend, Ihren Benutzernamen, Ihr Passwort oder andere Zugangsdaten nicht an Dritte weiterzugeben. Wenn Sie glauben, dass Ihr Konto kompromittiert wurde, kontaktieren Sie uns bitte umgehend.&nbsp;<\/li><li>Kommunikation mit Ihnen. Wir verwenden Ihre personenbezogenen Daten, um Ihnen Kundensupport zu bieten und unsere Dienste zu verbessern. Dies liegt in unserem berechtigten Interesse, um auf Ihre Anfragen reagieren zu k\u00f6nnen, Ihnen wirksame Dienste bereitzustellen und unsere Gesch\u00e4ftsbeziehung mit Ihnen aufrechtzuerhalten.&nbsp;<\/li><\/ul><\/p><p>Kekse&nbsp;<\/p><p>Wie viele andere Websites verwenden wir Cookies auf unserer Site. Wir verwenden Cookies, um unsere Site und unsere Dienste zu betreiben und zu verbessern (einschlie\u00dflich der Speicherung Ihrer Aktionen und Einstellungen), um Analysen durchzuf\u00fchren und die Benutzerinteraktion mit den Diensten besser zu verstehen (in unserem berechtigten Interesse, die Dienste zu verwalten, zu verbessern und zu optimieren). Wir k\u00f6nnen auch Dritten und Dienstanbietern gestatten, Cookies auf unserer Site zu verwenden, um die Dienste, Produkte und Werbung auf unserer Site und anderen Websites besser anzupassen.<\/p>\n<p>Die meisten Browser akzeptieren Cookies standardm\u00e4\u00dfig automatisch, Sie k\u00f6nnen Ihren Browser jedoch so einstellen, dass Cookies \u00fcber Ihre Browsersteuerung entfernt oder abgelehnt werden. Bitte beachten Sie, dass das Entfernen oder Blockieren von Cookies Ihre Benutzererfahrung beeintr\u00e4chtigen und dazu f\u00fchren kann, dass einige der Dienste, einschlie\u00dflich bestimmter Funktionen und allgemeiner Funktionalit\u00e4ten, nicht richtig funktionieren oder nicht mehr verf\u00fcgbar sind. Dar\u00fcber hinaus kann das Blockieren von Cookies m\u00f6glicherweise nicht vollst\u00e4ndig verhindern, dass wir Informationen an Dritte, wie etwa unsere Werbepartner, weitergeben.<\/p>\n<p>Wie wir personenbezogene Daten weitergeben&nbsp;<\/p><p>Unter bestimmten Umst\u00e4nden k\u00f6nnen wir Ihre personenbezogenen Daten zu legitimen Zwecken gem\u00e4\u00df dieser Datenschutzrichtlinie an Dritte weitergeben. Zu diesen Umst\u00e4nden k\u00f6nnen geh\u00f6ren:<\/p>\n<p><ul><li>Mit Anbietern oder anderen Drittparteien, die in unserem Auftrag Dienstleistungen erbringen (z. B. IT-Management, Zahlungsabwicklung, Datenanalyse, Kundensupport, Cloud-Speicher, Auftragserf\u00fcllung und Versand).&nbsp;<\/li><li>Wenn Sie uns anweisen, auffordern oder uns anderweitig Ihre Zustimmung zur Weitergabe bestimmter Informationen an Dritte erteilen, beispielsweise um Ihnen Produkte zuzusenden oder durch Ihre Nutzung von Social-Media-Widgets oder Login-Integrationen, und zwar mit Ihrer Zustimmung.&nbsp;<\/li><li>Mit unseren Tochtergesellschaften oder anderweitig innerhalb unserer Unternehmensgruppe, in unserem berechtigten Interesse, ein erfolgreiches Gesch\u00e4ft zu f\u00fchren.&nbsp;<\/li><li>Im Zusammenhang mit einer Gesch\u00e4ftstransaktion wie einer Fusion oder einem Konkurs, um alle geltenden gesetzlichen Verpflichtungen zu erf\u00fcllen (einschlie\u00dflich der Beantwortung von Vorladungen, Durchsuchungsbefehlen und \u00e4hnlichen Anfragen), um alle geltenden Servicebedingungen durchzusetzen und um die Dienste, unsere Rechte und die Rechte unserer Benutzer oder anderer zu sch\u00fctzen oder zu verteidigen.&nbsp;<\/li><\/ul><\/p><p>Wir haben in den letzten 12 Monaten die folgenden Kategorien personenbezogener Daten und sensibler personenbezogener Daten (gekennzeichnet mit *) \u00fcber Benutzer f\u00fcr die oben in den Abschnitten \u201eWie wir Ihre personenbezogenen Daten erfassen und verwenden\u201c und \u201eWie wir personenbezogene Daten weitergeben\u201c genannten Zwecke offengelegt:<\/p>\n<table>\n<thead>\n<tr>\n<th>Kategorie<\/th>\n<th>Kategorien von Empf\u00e4ngern<\/th>\n<\/tr>\n<\/thead>\n<tbody>\n<tr>\n<td>Identifikatoren wie grundlegende Kontaktdaten und bestimmte Bestell- und Kontoinformationen<\/td>\n<td>Anbieter und Dritte, die in unserem Auftrag Dienstleistungen erbringen (wie etwa Internetdienstanbieter, Zahlungsabwickler, Fulfillment-Partner, Kundensupport-Partner und Datenanalyseanbieter), Gesch\u00e4fts- und Marketingpartner, verbundene Unternehmen<\/td>\n<\/tr>\n<tr>\n<td>Kommerzielle Informationen wie Bestellinformationen, Einkaufsinformationen und Kundensupportinformationen<\/td>\n<td>Anbieter und Dritte, die in unserem Auftrag Dienstleistungen erbringen (wie etwa Internetdienstanbieter, Zahlungsabwickler, Fulfillment-Partner, Kundensupport-Partner und Datenanalyseanbieter), Gesch\u00e4fts- und Marketingpartner, verbundene Unternehmen<\/td>\n<\/tr>\n<tr>\n<td>Internet oder andere \u00e4hnliche Netzwerkaktivit\u00e4ten, wie etwa Nutzungsdaten<\/td>\n<td>Anbieter und Dritte, die in unserem Auftrag Dienstleistungen erbringen (wie etwa Internetdienstanbieter, Zahlungsabwickler, Fulfillment-Partner, Kundensupport-Partner und Datenanalyseanbieter), Gesch\u00e4fts- und Marketingpartner, verbundene Unternehmen<\/td>\n<\/tr>\n<\/tbody>\n<\/table>\n<p>Wir verwenden oder ver\u00f6ffentlichen keine sensiblen pers\u00f6nlichen Informationen zu dem Zweck, R\u00fcckschl\u00fcsse auf Ihre Eigenschaften zu ziehen.<\/p>\n<p>Nutzergenerierte Inhalte&nbsp;<\/p><p>Die Dienste erm\u00f6glichen Ihnen m\u00f6glicherweise das Posten von Produktbewertungen und anderen benutzergenerierten Inhalten. Wenn Sie benutzergenerierte Inhalte in einem \u00f6ffentlichen Bereich der Dienste ver\u00f6ffentlichen, sind diese Inhalte \u00f6ffentlich und f\u00fcr jedermann zug\u00e4nglich.<\/p>\n<p>Wir haben keine Kontrolle dar\u00fcber, wer Zugriff auf die Informationen hat, die Sie anderen zur Verf\u00fcgung stellen, und k\u00f6nnen nicht gew\u00e4hrleisten, dass Parteien, die Zugriff auf diese Informationen haben, Ihre Privatsph\u00e4re respektieren oder sie sch\u00fctzen. Wir sind nicht verantwortlich f\u00fcr den Datenschutz oder die Sicherheit von Informationen, die Sie \u00f6ffentlich zug\u00e4nglich machen, oder f\u00fcr die Richtigkeit, Verwendung oder den Missbrauch von Informationen, die Sie offenlegen oder von Dritten erhalten.<\/p>\n<p>Websites und Links Dritter<\/p><p>Unsere Site kann Links zu Websites oder anderen Online-Plattformen enthalten, die von Dritten betrieben werden. Wenn Sie Links zu Sites folgen, die nicht mit uns verbunden sind oder von uns kontrolliert werden, sollten Sie deren Datenschutz- und Sicherheitsrichtlinien und andere Gesch\u00e4ftsbedingungen lesen. Wir \u00fcbernehmen keine Garantie und Verantwortung f\u00fcr den Datenschutz oder die Sicherheit derartiger Sites, einschlie\u00dflich der Richtigkeit, Vollst\u00e4ndigkeit oder Zuverl\u00e4ssigkeit der auf diesen Sites gefundenen Informationen. Informationen, die Sie an \u00f6ffentlichen oder halb-\u00f6ffentlichen Orten bereitstellen, einschlie\u00dflich Informationen, die Sie auf Social-Networking-Plattformen Dritter teilen, k\u00f6nnen auch f\u00fcr andere Benutzer der Dienste und\/oder Benutzer dieser Plattformen Dritter einsehbar sein, ohne Einschr\u00e4nkung hinsichtlich der Verwendung durch uns oder Dritte. Unsere Aufnahme derartiger Links bedeutet f\u00fcr sich genommen keine Billigung der Inhalte derartiger Plattformen oder deren Eigent\u00fcmer oder Betreiber, au\u00dfer wie in den Diensten offengelegt.<\/p>\n<p>Daten von Kindern&nbsp;<\/p><p>Die Dienste sind nicht f\u00fcr die Nutzung durch Kinder vorgesehen und wir erfassen wissentlich keine personenbezogenen Daten von Kindern. Wenn Sie ein Elternteil oder Erziehungsberechtigter eines Kindes sind, das uns seine personenbezogenen Daten \u00fcbermittelt hat, k\u00f6nnen Sie uns \u00fcber die unten angegebenen Kontaktdaten kontaktieren und die L\u00f6schung dieser Daten verlangen.<\/p>\n<p>Zum Zeitpunkt des Inkrafttretens dieser Datenschutzrichtlinie liegt uns keine tats\u00e4chliche Kenntnis dar\u00fcber vor, dass wir personenbezogene Daten von Personen unter 16 Jahren \u201eweitergeben\u201c oder \u201everkaufen\u201c (wie diese Begriffe im geltenden Recht definiert sind).<\/p>\n<p>Sicherheit und Aufbewahrung Ihrer Daten&nbsp;<\/p><p>Bitte beachten Sie, dass keine Sicherheitsma\u00dfnahmen perfekt oder undurchdringlich sind und wir keine \u201eperfekte Sicherheit\u201c garantieren k\u00f6nnen. Dar\u00fcber hinaus sind alle Informationen, die Sie uns senden, w\u00e4hrend der \u00dcbertragung m\u00f6glicherweise nicht sicher. Wir empfehlen Ihnen, keine unsicheren Kan\u00e4le zu verwenden, um sensible oder vertrauliche Informationen an uns zu \u00fcbermitteln.<\/p>\n<p>Wie lange wir Ihre personenbezogenen Daten aufbewahren, h\u00e4ngt von verschiedenen Faktoren ab, beispielsweise davon, ob wir die Daten ben\u00f6tigen, um Ihr Konto zu verwalten, die Dienste bereitzustellen, gesetzlichen Verpflichtungen nachzukommen, Streitigkeiten beizulegen oder andere geltende Vertr\u00e4ge und Richtlinien durchzusetzen.<\/p>\n<p>Ihre Rechte und Wahlm\u00f6glichkeiten&nbsp;<\/p><p>Je nachdem, wo Sie leben, haben Sie m\u00f6glicherweise einige oder alle der unten aufgef\u00fchrten Rechte in Bezug auf Ihre pers\u00f6nlichen Daten. Diese Rechte sind jedoch nicht absolut und gelten m\u00f6glicherweise nur unter bestimmten Umst\u00e4nden. In bestimmten F\u00e4llen k\u00f6nnen wir Ihre Anfrage ablehnen, soweit gesetzlich zul\u00e4ssig.<\/p>\n<p><ul><li>Recht auf Zugriff\/Information. Sie haben m\u00f6glicherweise das Recht, Zugriff auf die personenbezogenen Daten zu verlangen, die wir \u00fcber Sie gespeichert haben, einschlie\u00dflich Einzelheiten dazu, wie wir Ihre Daten verwenden und weitergeben.&nbsp;<\/li><li>Recht auf L\u00f6schung. Sie haben m\u00f6glicherweise das Recht, die L\u00f6schung der von uns \u00fcber Sie gespeicherten personenbezogenen Daten zu verlangen.&nbsp;<\/li><li>Recht auf Berichtigung. Sie haben m\u00f6glicherweise das Recht, die Berichtigung unrichtiger personenbezogener Daten zu verlangen, die wir \u00fcber Sie gespeichert haben.&nbsp;<\/li><li>Recht auf Daten\u00fcbertragbarkeit. Sie haben m\u00f6glicherweise das Recht, eine Kopie der von uns \u00fcber Sie gespeicherten personenbezogenen Daten zu erhalten und unter bestimmten Umst\u00e4nden und mit bestimmten Ausnahmen die \u00dcbertragung dieser Daten an Dritte zu verlangen.&nbsp;<\/li><li>Einschr\u00e4nkung der Verarbeitung: Sie haben m\u00f6glicherweise das Recht, uns aufzufordern, die Verarbeitung Ihrer personenbezogenen Daten einzustellen oder einzuschr\u00e4nken.&nbsp;<\/li><li>Widerruf der Einwilligung: Wenn wir zur Verarbeitung Ihrer personenbezogenen Daten auf Ihre Einwilligung angewiesen sind, haben Sie m\u00f6glicherweise das Recht, diese Einwilligung zu widerrufen.&nbsp;<\/li><li>Einspruch: Sie haben m\u00f6glicherweise das Recht, gegen unsere Entscheidung Einspruch einzulegen, wenn wir die Bearbeitung Ihres Antrags ablehnen. Sie k\u00f6nnen dies tun, indem Sie direkt auf unsere Ablehnung antworten.&nbsp;<\/li><li>Kommunikationseinstellungen verwalten: Wir k\u00f6nnen Ihnen Werbe-E-Mails senden und Sie k\u00f6nnen den Erhalt dieser E-Mails jederzeit ablehnen, indem Sie die in unseren E-Mails angezeigte Abmeldeoption verwenden. Wenn Sie sich abmelden, senden wir Ihnen m\u00f6glicherweise weiterhin E-Mails ohne Werbezweck, z. B. zu Ihrem Konto oder zu Ihren Bestellungen.&nbsp;<\/li><\/ul><\/p><p>Sie k\u00f6nnen diese Rechte wie auf unserer Site angegeben aus\u00fcben oder indem Sie uns \u00fcber die unten angegebenen Kontaktdaten kontaktieren.<\/p>\n<p>Wir werden Sie nicht diskriminieren, wenn Sie eines dieser Rechte aus\u00fcben. M\u00f6glicherweise m\u00fcssen wir Informationen von Ihnen erfassen, um Ihre Identit\u00e4t zu \u00fcberpr\u00fcfen, z. B. Ihre E-Mail-Adresse oder Kontoinformationen, bevor wir eine inhaltliche Antwort auf die Anfrage geben k\u00f6nnen. Gem\u00e4\u00df den geltenden Gesetzen k\u00f6nnen Sie einen autorisierten Vertreter benennen, der in Ihrem Namen Anfragen zur Aus\u00fcbung Ihrer Rechte stellt. Bevor wir eine solche Anfrage von einem Vertreter annehmen, m\u00fcssen wir von diesem einen Nachweis erbringen, dass Sie ihn bevollm\u00e4chtigt haben, in Ihrem Namen zu handeln. M\u00f6glicherweise m\u00fcssen Sie auch Ihre Identit\u00e4t direkt bei uns best\u00e4tigen. Wir werden Ihre Anfrage zeitnah beantworten, wie dies nach geltendem Recht erforderlich ist.<\/p>\n<p>Beschwerden&nbsp;<\/p><p>Wenn Sie Beschwerden \u00fcber die Art und Weise haben, wie wir Ihre personenbezogenen Daten verarbeiten, kontaktieren Sie uns bitte \u00fcber die unten angegebenen Kontaktdaten. Wenn Sie mit unserer Antwort auf Ihre Beschwerde nicht zufrieden sind, haben Sie je nach Ihrem Wohnort m\u00f6glicherweise das Recht, gegen unsere Entscheidung Berufung einzulegen, indem Sie uns \u00fcber die unten angegebenen Kontaktdaten kontaktieren oder Ihre Beschwerde bei Ihrer lokalen Datenschutzbeh\u00f6rde einreichen.<\/p>\n<p>Internationale Benutzer&nbsp;<\/p><p>Bitte beachten Sie, dass wir Ihre personenbezogenen Daten m\u00f6glicherweise au\u00dferhalb des Landes, in dem Sie leben, einschlie\u00dflich der Vereinigten Staaten, \u00fcbertragen, speichern und verarbeiten. Ihre personenbezogenen Daten werden auch von Mitarbeitern und Drittanbietern und Partnern in diesen L\u00e4ndern verarbeitet.<\/p>\n<p>Wenn wir Ihre personenbezogenen Daten in L\u00e4nder au\u00dferhalb Europas \u00fcbermitteln, verlassen wir uns dabei auf anerkannte \u00dcbermittlungsmechanismen wie die Standardvertragsklauseln der Europ\u00e4ischen Kommission oder gleichwertige Vertr\u00e4ge der jeweils zust\u00e4ndigen britischen Beh\u00f6rde, es sei denn, die Daten\u00fcbertragung erfolgt in ein Land, von dem festgestellt wurde, dass es ein angemessenes Schutzniveau bietet.<\/p>\n<p>Kontakt&nbsp;<\/p><p>Sollten Sie Fragen zu unseren Datenschutzpraktiken oder dieser Datenschutzrichtlinie haben oder eines der Ihnen zustehenden Rechte aus\u00fcben m\u00f6chten, senden Sie uns eine E-Mail an <a rel=\"noreferrer\">info@axtshade.com<\/a> oder kontaktieren Sie uns unter Carrer del Consell de Cent 394, 08009 Barcelona, Barcelona, Espa\u00f1a.<\/p>\t\t\t\t\t\t\t\t<\/div>\n\t\t\t\t<\/div>\n\t\t\t\t\t<\/div>\n\t\t\t\t<\/div>\n\t\t\t\t<\/div>","protected":false},"excerpt":{"rendered":"<p>Last updated: 25\/07\/2023 This Privacy Policy describes how Axtshade (the \u201cSite\u201c, \u201cwe\u201c, \u201cus\u201c, or \u201cour\u201c) collects, uses, and discloses your<\/p>","protected":false},"author":1,"featured_media":0,"parent":0,"menu_order":0,"comment_status":"closed","ping_status":"closed","template":"elementor_header_footer","meta":{"footnotes":""},"class_list":["post-16043","page","type-page","status-publish","hentry"],"_links":{"self":[{"href":"https:\/\/axtshade.com\/de\/wp-json\/wp\/v2\/pages\/16043","targetHints":{"allow":["GET"]}}],"collection":[{"href":"https:\/\/axtshade.com\/de\/wp-json\/wp\/v2\/pages"}],"about":[{"href":"https:\/\/axtshade.com\/de\/wp-json\/wp\/v2\/types\/page"}],"author":[{"embeddable":true,"href":"https:\/\/axtshade.com\/de\/wp-json\/wp\/v2\/users\/1"}],"replies":[{"embeddable":true,"href":"https:\/\/axtshade.com\/de\/wp-json\/wp\/v2\/comments?post=16043"}],"version-history":[{"count":4,"href":"https:\/\/axtshade.com\/de\/wp-json\/wp\/v2\/pages\/16043\/revisions"}],"predecessor-version":[{"id":16047,"href":"https:\/\/axtshade.com\/de\/wp-json\/wp\/v2\/pages\/16043\/revisions\/16047"}],"wp:attachment":[{"href":"https:\/\/axtshade.com\/de\/wp-json\/wp\/v2\/media?parent=16043"}],"curies":[{"name":"wp","href":"https:\/\/api.w.org\/{rel}","templated":true}]}}