{"id":16048,"date":"2024-07-10T17:16:21","date_gmt":"2024-07-10T15:16:21","guid":{"rendered":"https:\/\/axtshade.com\/?page_id=16048"},"modified":"2024-07-10T17:17:07","modified_gmt":"2024-07-10T15:17:07","slug":"refund-policy","status":"publish","type":"page","link":"https:\/\/axtshade.com\/de\/refund-policy\/","title":{"rendered":"R\u00fcckgaberecht"},"content":{"rendered":"<div data-elementor-type=\"wp-page\" data-elementor-id=\"16048\" class=\"elementor elementor-16048\" data-elementor-post-type=\"page\">\n\t\t\t\t<div class=\"wd-negative-gap elementor-element elementor-element-1ec5d8e e-flex e-con-boxed e-con e-parent\" data-id=\"1ec5d8e\" data-element_type=\"container\" data-e-type=\"container\">\n\t\t\t\t\t<div class=\"e-con-inner\">\n\t\t\t\t<div class=\"elementor-element elementor-element-b787fd5 color-scheme-inherit text-left elementor-widget elementor-widget-text-editor\" data-id=\"b787fd5\" data-element_type=\"widget\" data-e-type=\"widget\" data-widget_type=\"text-editor.default\">\n\t\t\t\t<div class=\"elementor-widget-container\">\n\t\t\t\t\t\t\t\t\t<p>Um Ihnen ein noch besseres Einkaufserlebnis zu bieten, akzeptieren wir gem\u00e4\u00df unserer R\u00fcckerstattungsrichtlinie R\u00fccksendungen innerhalb von 20 Tagen ab dem Datum, an dem Sie Ihr Produkt erhalten haben. Wir m\u00f6chten sicherstellen, dass Sie mit Ihrem Kauf zufrieden sind, deshalb haben wir den R\u00fcckgabeprozess vereinfacht.<\/p><p>Wir legen gro\u00dfen Wert auf die Qualit\u00e4t unserer Produkte und jeder ma\u00dfgefertigte Artikel wird auf Ihre individuellen Bed\u00fcrfnisse und Vorlieben zugeschnitten. Daher bitten wir Sie, Ihre Bestellung vor dem Kauf sorgf\u00e4ltig zu \u00fcberpr\u00fcfen.<\/p><p>Um diese besondere R\u00fcckgabem\u00f6glichkeit zu nutzen, befolgen Sie bitte diese Schritte:<\/p><p><strong>Kontaktiere uns:<\/strong><\/p><p>Wenn Sie ein Produkt zur\u00fcckgeben m\u00f6chten, kontaktieren Sie uns bitte innerhalb von 14 Tagen nach Erhalt. Bitte erl\u00e4utern Sie die Gr\u00fcnde f\u00fcr Ihre R\u00fccksendung, damit wir Ihnen bestm\u00f6glich helfen k\u00f6nnen.<\/p><p><strong>Produktzustand:<\/strong><\/p><p>Stellen Sie sicher, dass das Produkt in einwandfreiem Zustand ist. Es sollte ordnungsgem\u00e4\u00df funktionieren, sauber und frei von Sch\u00e4den, Kratzern, Dellen oder Absch\u00fcrfungen sein.<\/p><p><strong>Originalverpackung:<\/strong><\/p><p>Senden Sie das Produkt in der Originalverpackung zur\u00fcck. Achten Sie darauf, es genau so zu falten, wie es geliefert wurde, und legen Sie s\u00e4mtliches Zubeh\u00f6r und die Verpackung bei, die zum Zeitpunkt der Lieferung vorhanden waren.<\/p><p><strong>R\u00fccksendekosten:<\/strong><\/p><p>Wenn der Grund f\u00fcr die R\u00fccksendung darin besteht, dass das Produkt besch\u00e4digt oder defekt ist, \u00fcbernimmt das Unternehmen die R\u00fccksendekosten. Wir m\u00f6chten alle Probleme beheben, die bei unseren Produkten auftreten k\u00f6nnen.<\/p><p>Wenn die R\u00fccksendung darauf zur\u00fcckzuf\u00fchren ist, dass das Produkt nicht Ihren W\u00fcnschen entspricht oder Sie Ihre Meinung einfach ge\u00e4ndert haben, m\u00fcssen Sie die R\u00fccksendekosten tragen.<\/p><p>Sobald Ihre R\u00fccksendung bei uns eingetroffen und ausgewertet ist, benachrichtigen wir Sie \u00fcber den Status und gehen wie folgt vor:<\/p><p><strong>R\u00fcckerstattungsprozess:<\/strong><\/p><p>Wenn die R\u00fccksendung die genannten Anforderungen erf\u00fcllt und genehmigt wird, veranlassen wir die R\u00fcckerstattung innerhalb von 10 Werktagen auf Ihre urspr\u00fcngliche Zahlungsmethode.<\/p><p>Wenn Sie Fragen haben oder weitere Informationen zu Ihrer R\u00fccksendung ben\u00f6tigen, kontaktieren Sie uns bitte unter <a rel=\"noreferrer\">info@axtshade.com<\/a>. Wir sind hier, um Ihnen zu einem zufriedenstellenden Einkaufserlebnis zu verhelfen.<\/p><p>Wir sch\u00e4tzen Ihr Vertrauen in uns und freuen uns, Ihnen auch weiterhin bestm\u00f6glich zu dienen.<\/p>\t\t\t\t\t\t\t\t<\/div>\n\t\t\t\t<\/div>\n\t\t\t\t\t<\/div>\n\t\t\t\t<\/div>\n\t\t\t\t<\/div>","protected":false},"excerpt":{"rendered":"<p>According to our refund policy, in order to provide you with an even better shopping experience, we accept returns within<\/p>","protected":false},"author":1,"featured_media":0,"parent":0,"menu_order":0,"comment_status":"closed","ping_status":"closed","template":"elementor_header_footer","meta":{"footnotes":""},"class_list":["post-16048","page","type-page","status-publish","hentry"],"_links":{"self":[{"href":"https:\/\/axtshade.com\/de\/wp-json\/wp\/v2\/pages\/16048","targetHints":{"allow":["GET"]}}],"collection":[{"href":"https:\/\/axtshade.com\/de\/wp-json\/wp\/v2\/pages"}],"about":[{"href":"https:\/\/axtshade.com\/de\/wp-json\/wp\/v2\/types\/page"}],"author":[{"embeddable":true,"href":"https:\/\/axtshade.com\/de\/wp-json\/wp\/v2\/users\/1"}],"replies":[{"embeddable":true,"href":"https:\/\/axtshade.com\/de\/wp-json\/wp\/v2\/comments?post=16048"}],"version-history":[{"count":4,"href":"https:\/\/axtshade.com\/de\/wp-json\/wp\/v2\/pages\/16048\/revisions"}],"predecessor-version":[{"id":16052,"href":"https:\/\/axtshade.com\/de\/wp-json\/wp\/v2\/pages\/16048\/revisions\/16052"}],"wp:attachment":[{"href":"https:\/\/axtshade.com\/de\/wp-json\/wp\/v2\/media?parent=16048"}],"curies":[{"name":"wp","href":"https:\/\/api.w.org\/{rel}","templated":true}]}}