{"id":16094,"date":"2024-07-17T16:09:51","date_gmt":"2024-07-17T14:09:51","guid":{"rendered":"https:\/\/axtshade.com\/?post_type=product&#038;p=16094"},"modified":"2025-11-07T21:58:04","modified_gmt":"2025-11-07T20:58:04","slug":"custom-sun-shade-sails-rectangle","status":"publish","type":"product","link":"https:\/\/axtshade.com\/de\/producto\/custom-sun-shade-sails-rectangle\/","title":{"rendered":"Sonnensegel \u2013 Rechteck"},"content":{"rendered":"<div data-elementor-type=\"product-post\" data-elementor-id=\"16094\" class=\"elementor elementor-16094\" data-elementor-post-type=\"product\">\n\t\t\t\t<div class=\"wd-negative-gap elementor-element elementor-element-671fd65e e-flex e-con-boxed e-con e-parent\" data-id=\"671fd65e\" data-element_type=\"container\" data-e-type=\"container\">\n\t\t\t\t\t<div class=\"e-con-inner\">\n\t\t<div class=\"elementor-element elementor-element-e127a6d e-con-full e-flex e-con e-child\" data-id=\"e127a6d\" data-element_type=\"container\" data-e-type=\"container\">\n\t\t\t\t<div class=\"elementor-element elementor-element-40314673 elementor-widget__width-initial color-scheme-inherit text-left elementor-widget elementor-widget-text-editor\" data-id=\"40314673\" data-element_type=\"widget\" data-e-type=\"widget\" data-widget_type=\"text-editor.default\">\n\t\t\t\t<div class=\"elementor-widget-container\">\n\t\t\t\t\t\t\t\t\t<strong>Ideale Schattenl\u00f6sung<\/strong>: Perfekt f\u00fcr den Einsatz auf Terrassen, Rasenfl\u00e4chen, in G\u00e4rten, Pools, auf Terrassen, in Parks, Garagen oder anderen Au\u00dfenbereichen. H\u00e4lt Sie an hei\u00dfen Sommertagen k\u00fchl und bietet einen sicheren und vor UV-Strahlen gesch\u00fctzten Bereich.\u00a0<strong>Hochwertige Garantie<\/strong>: Die Markise besteht aus hochdichter Polyesterfaser mit PU-Beschichtung und ist daher resistent gegen Feuchtigkeit, Schimmel und Flecken.\u00a0<strong>95% UV-Schutz<\/strong>: Das wasserdichte Gewebe bietet wirksamen Schutz vor sch\u00e4dlichen Sonnenstrahlen mit einem Lichtschutzfaktor (UPF) von 50+. Sch\u00fctzt Ihre Haut vor den sch\u00e4dlichen Auswirkungen der Sonne.\u00a0<strong>Langlebige Konstruktion<\/strong>: Konkave Kanten f\u00fcr bessere Spannung und D-Ringe aus 316 Edelstahl an jeder Ecke f\u00fcr zus\u00e4tzliche Festigkeit. Das dicke, um die Segelkante gewebte Band sorgt f\u00fcr zus\u00e4tzliche Stabilit\u00e4t. Zus\u00e4tzlich haben die Kanten verst\u00e4rkte N\u00e4hte mit doppelter Dicke, um Ausfransen und Verformungen zu verhindern.\u00a0<strong>Einfache Installation<\/strong>: Gemessen wird von D-Ring zu D-Ring. Es wird empfohlen, zwischen Befestigungspunkt und Segel einen Abstand von 30\u201345 cm f\u00fcr Beschl\u00e4ge oder Seile zu lassen. Die Stoffnaht zeigt nach unten. F\u00fcr maximale Spannung wird ein Montagewinkel von 20 bis 40 Grad empfohlen. Erm\u00f6glicht schnelles Abflie\u00dfen des Wassers.\t\t\t\t\t\t\t\t<\/div>\n\t\t\t\t<\/div>\n\t\t\t\t<div class=\"elementor-element elementor-element-ca04a5a elementor-widget__width-initial color-scheme-inherit text-left elementor-widget elementor-widget-text-editor\" data-id=\"ca04a5a\" data-element_type=\"widget\" data-e-type=\"widget\" data-widget_type=\"text-editor.default\">\n\t\t\t\t<div class=\"elementor-widget-container\">\n\t\t\t\t\t\t\t\t\t<h2>Packungsinhalt:<\/h2><ul><li>1x individuelles Sonnensegel<\/li><li>4x 5FT Seil<\/li><li>1x Bedienungsanleitung<\/li><\/ul>\t\t\t\t\t\t\t\t<\/div>\n\t\t\t\t<\/div>\n\t\t\t\t<\/div>\n\t\t<div class=\"elementor-element elementor-element-52f55a2 e-con-full e-flex e-con e-child\" data-id=\"52f55a2\" data-element_type=\"container\" data-e-type=\"container\">\n\t\t\t\t<div class=\"elementor-element elementor-element-3d68c02 elementor-widget elementor-widget-heading\" data-id=\"3d68c02\" data-element_type=\"widget\" data-e-type=\"widget\" data-widget_type=\"heading.default\">\n\t\t\t\t<div class=\"elementor-widget-container\">\n\t\t\t\t\t<h4 class=\"elementor-heading-title elementor-size-default\">Wasserdicht vs. atmungsaktiv<\/h4>\t\t\t\t<\/div>\n\t\t\t\t<\/div>\n\t\t\t\t<div class=\"elementor-element elementor-element-29f3a68 elementor-widget__width-initial elementor-widget elementor-widget-gallery\" data-id=\"29f3a68\" data-element_type=\"widget\" data-e-type=\"widget\" data-settings=\"{&quot;columns&quot;:1,&quot;columns_mobile&quot;:2,&quot;aspect_ratio&quot;:&quot;1:1&quot;,&quot;lazyload&quot;:&quot;yes&quot;,&quot;gallery_layout&quot;:&quot;grid&quot;,&quot;columns_tablet&quot;:2,&quot;gap&quot;:{&quot;unit&quot;:&quot;px&quot;,&quot;size&quot;:10,&quot;sizes&quot;:[]},&quot;gap_tablet&quot;:{&quot;unit&quot;:&quot;px&quot;,&quot;size&quot;:10,&quot;sizes&quot;:[]},&quot;gap_mobile&quot;:{&quot;unit&quot;:&quot;px&quot;,&quot;size&quot;:10,&quot;sizes&quot;:[]},&quot;link_to&quot;:&quot;file&quot;,&quot;overlay_background&quot;:&quot;yes&quot;,&quot;content_hover_animation&quot;:&quot;fade-in&quot;}\" data-widget_type=\"gallery.default\">\n\t\t\t\t<div class=\"elementor-widget-container\">\n\t\t\t\t\t\t\t<div class=\"elementor-gallery__container\">\n\t\t\t\t\t\t\t<a class=\"e-gallery-item elementor-gallery-item elementor-animated-content\" href=\"https:\/\/axtshade.com\/wp-content\/uploads\/2024\/07\/custom_made_triangle_fabric.webp\" data-elementor-open-lightbox=\"yes\" data-elementor-lightbox-slideshow=\"29f3a68\" data-elementor-lightbox-title=\"custom_made_triangle_fabric\" data-e-action-hash=\"#elementor-action%3Aaction%3Dlightbox%26settings%3DeyJpZCI6MTU5MDMsInVybCI6Imh0dHBzOlwvXC9heHRzaGFkZS5jb21cL3dwLWNvbnRlbnRcL3VwbG9hZHNcLzIwMjRcLzA3XC9jdXN0b21fbWFkZV90cmlhbmdsZV9mYWJyaWMud2VicCIsInNsaWRlc2hvdyI6IjI5ZjNhNjgifQ%3D%3D\">\n\t\t\t\t\t<div class=\"e-gallery-image elementor-gallery-item__image\" data-thumbnail=\"https:\/\/axtshade.com\/wp-content\/uploads\/2024\/07\/custom_made_triangle_fabric.webp\" data-width=\"640\" data-height=\"640\" aria-label=\"\" role=\"img\" ><\/div>\n\t\t\t\t\t\t\t\t\t\t\t<div class=\"elementor-gallery-item__overlay\"><\/div>\n\t\t\t\t\t\t\t\t\t\t\t\t\t\t<\/a>\n\t\t\t\t\t<\/div>\n\t\t\t\t\t<\/div>\n\t\t\t\t<\/div>\n\t\t\t\t<\/div>\n\t\t<div class=\"elementor-element elementor-element-490384a e-con-full e-flex e-con e-child\" data-id=\"490384a\" data-element_type=\"container\" data-e-type=\"container\" id=\"mea\">\n\t\t\t\t<div class=\"elementor-element elementor-element-0d1b20b elementor-widget elementor-widget-heading\" data-id=\"0d1b20b\" data-element_type=\"widget\" data-e-type=\"widget\" data-widget_type=\"heading.default\">\n\t\t\t\t<div class=\"elementor-widget-container\">\n\t\t\t\t\t<h4 class=\"elementor-heading-title elementor-size-default\">Gr\u00f6\u00dfenmessung und Montage<\/h4>\t\t\t\t<\/div>\n\t\t\t\t<\/div>\n\t\t\t\t<div class=\"elementor-element elementor-element-2c44007 elementor-widget elementor-widget-gallery\" data-id=\"2c44007\" data-element_type=\"widget\" data-e-type=\"widget\" data-settings=\"{&quot;columns&quot;:2,&quot;columns_mobile&quot;:2,&quot;aspect_ratio&quot;:&quot;1:1&quot;,&quot;lazyload&quot;:&quot;yes&quot;,&quot;gallery_layout&quot;:&quot;grid&quot;,&quot;columns_tablet&quot;:2,&quot;gap&quot;:{&quot;unit&quot;:&quot;px&quot;,&quot;size&quot;:10,&quot;sizes&quot;:[]},&quot;gap_tablet&quot;:{&quot;unit&quot;:&quot;px&quot;,&quot;size&quot;:10,&quot;sizes&quot;:[]},&quot;gap_mobile&quot;:{&quot;unit&quot;:&quot;px&quot;,&quot;size&quot;:10,&quot;sizes&quot;:[]},&quot;link_to&quot;:&quot;file&quot;,&quot;overlay_background&quot;:&quot;yes&quot;,&quot;content_hover_animation&quot;:&quot;fade-in&quot;}\" data-widget_type=\"gallery.default\">\n\t\t\t\t<div class=\"elementor-widget-container\">\n\t\t\t\t\t\t\t<div class=\"elementor-gallery__container\">\n\t\t\t\t\t\t\t<a class=\"e-gallery-item elementor-gallery-item elementor-animated-content\" href=\"https:\/\/axtshade.com\/wp-content\/uploads\/2024\/07\/71XKe7UpD9L._AC_SL1500_.jpg\" data-elementor-open-lightbox=\"yes\" data-elementor-lightbox-slideshow=\"2c44007\" data-elementor-lightbox-title=\"71XKe7UpD9L._AC_SL1500_\" data-e-action-hash=\"#elementor-action%3Aaction%3Dlightbox%26settings%3DeyJpZCI6MTU4OTQsInVybCI6Imh0dHBzOlwvXC9heHRzaGFkZS5jb21cL3dwLWNvbnRlbnRcL3VwbG9hZHNcLzIwMjRcLzA3XC83MVhLZTdVcEQ5TC5fQUNfU0wxNTAwXy5qcGciLCJzbGlkZXNob3ciOiIyYzQ0MDA3In0%3D\">\n\t\t\t\t\t<div class=\"e-gallery-image elementor-gallery-item__image\" data-thumbnail=\"https:\/\/axtshade.com\/wp-content\/uploads\/2024\/07\/71XKe7UpD9L._AC_SL1500_-832x800.jpg\" data-width=\"832\" data-height=\"800\" aria-label=\"\" role=\"img\" ><\/div>\n\t\t\t\t\t\t\t\t\t\t\t<div class=\"elementor-gallery-item__overlay\"><\/div>\n\t\t\t\t\t\t\t\t\t\t\t\t\t\t<\/a>\n\t\t\t\t\t\t\t<a class=\"e-gallery-item elementor-gallery-item elementor-animated-content\" href=\"https:\/\/axtshade.com\/wp-content\/uploads\/2024\/07\/71CLbAXXHkL._AC_SL1500_.jpg\" data-elementor-open-lightbox=\"yes\" data-elementor-lightbox-slideshow=\"2c44007\" data-elementor-lightbox-title=\"71CLbAXXHkL._AC_SL1500_\" data-e-action-hash=\"#elementor-action%3Aaction%3Dlightbox%26settings%3DeyJpZCI6MTU4OTMsInVybCI6Imh0dHBzOlwvXC9heHRzaGFkZS5jb21cL3dwLWNvbnRlbnRcL3VwbG9hZHNcLzIwMjRcLzA3XC83MUNMYkFYWEhrTC5fQUNfU0wxNTAwXy5qcGciLCJzbGlkZXNob3ciOiIyYzQ0MDA3In0%3D\">\n\t\t\t\t\t<div class=\"e-gallery-image elementor-gallery-item__image\" data-thumbnail=\"https:\/\/axtshade.com\/wp-content\/uploads\/2024\/07\/71CLbAXXHkL._AC_SL1500_-817x800.jpg\" data-width=\"817\" data-height=\"800\" aria-label=\"\" role=\"img\" ><\/div>\n\t\t\t\t\t\t\t\t\t\t\t<div class=\"elementor-gallery-item__overlay\"><\/div>\n\t\t\t\t\t\t\t\t\t\t\t\t\t\t<\/a>\n\t\t\t\t\t<\/div>\n\t\t\t\t\t<\/div>\n\t\t\t\t<\/div>\n\t\t\t\t<\/div>\n\t\t<div class=\"elementor-element elementor-element-abc07b3 e-con-full e-flex e-con e-child\" data-id=\"abc07b3\" data-element_type=\"container\" data-e-type=\"container\">\n\t\t\t\t<div class=\"elementor-element elementor-element-bea9f77 elementor-widget elementor-widget-heading\" data-id=\"bea9f77\" data-element_type=\"widget\" data-e-type=\"widget\" data-widget_type=\"heading.default\">\n\t\t\t\t<div class=\"elementor-widget-container\">\n\t\t\t\t\t<h4 class=\"elementor-heading-title elementor-size-default\">N\u00fctzliche Informationen<\/h4>\t\t\t\t<\/div>\n\t\t\t\t<\/div>\n\t\t\t\t<div class=\"elementor-element elementor-element-469f02a elementor-widget elementor-widget-gallery\" data-id=\"469f02a\" data-element_type=\"widget\" data-e-type=\"widget\" data-settings=\"{&quot;columns&quot;:2,&quot;columns_mobile&quot;:2,&quot;aspect_ratio&quot;:&quot;1:1&quot;,&quot;lazyload&quot;:&quot;yes&quot;,&quot;gallery_layout&quot;:&quot;grid&quot;,&quot;columns_tablet&quot;:2,&quot;gap&quot;:{&quot;unit&quot;:&quot;px&quot;,&quot;size&quot;:10,&quot;sizes&quot;:[]},&quot;gap_tablet&quot;:{&quot;unit&quot;:&quot;px&quot;,&quot;size&quot;:10,&quot;sizes&quot;:[]},&quot;gap_mobile&quot;:{&quot;unit&quot;:&quot;px&quot;,&quot;size&quot;:10,&quot;sizes&quot;:[]},&quot;link_to&quot;:&quot;file&quot;,&quot;overlay_background&quot;:&quot;yes&quot;,&quot;content_hover_animation&quot;:&quot;fade-in&quot;}\" data-widget_type=\"gallery.default\">\n\t\t\t\t<div class=\"elementor-widget-container\">\n\t\t\t\t\t\t\t<div class=\"elementor-gallery__container\">\n\t\t\t\t\t\t\t<a class=\"e-gallery-item elementor-gallery-item elementor-animated-content\" href=\"https:\/\/axtshade.com\/wp-content\/uploads\/2024\/07\/custom_made_rectangle_side.webp\" data-elementor-open-lightbox=\"yes\" data-elementor-lightbox-slideshow=\"469f02a\" data-elementor-lightbox-title=\"custom_made_rectangle_side\" data-e-action-hash=\"#elementor-action%3Aaction%3Dlightbox%26settings%3DeyJpZCI6MTYwOTUsInVybCI6Imh0dHBzOlwvXC9heHRzaGFkZS5jb21cL3dwLWNvbnRlbnRcL3VwbG9hZHNcLzIwMjRcLzA3XC9jdXN0b21fbWFkZV9yZWN0YW5nbGVfc2lkZS53ZWJwIiwic2xpZGVzaG93IjoiNDY5ZjAyYSJ9\">\n\t\t\t\t\t<div class=\"e-gallery-image elementor-gallery-item__image\" data-thumbnail=\"https:\/\/axtshade.com\/wp-content\/uploads\/2024\/07\/custom_made_rectangle_side.webp\" data-width=\"640\" data-height=\"640\" aria-label=\"\" role=\"img\" ><\/div>\n\t\t\t\t\t\t\t\t\t\t\t<div class=\"elementor-gallery-item__overlay\"><\/div>\n\t\t\t\t\t\t\t\t\t\t\t\t\t\t<\/a>\n\t\t\t\t\t\t\t<a class=\"e-gallery-item elementor-gallery-item elementor-animated-content\" href=\"https:\/\/axtshade.com\/wp-content\/uploads\/2024\/07\/custom_made_triangle_diy_installation.webp\" data-elementor-open-lightbox=\"yes\" data-elementor-lightbox-slideshow=\"469f02a\" data-elementor-lightbox-title=\"custom_made_triangle_diy_installation\" data-e-action-hash=\"#elementor-action%3Aaction%3Dlightbox%26settings%3DeyJpZCI6MTU4OTIsInVybCI6Imh0dHBzOlwvXC9heHRzaGFkZS5jb21cL3dwLWNvbnRlbnRcL3VwbG9hZHNcLzIwMjRcLzA3XC9jdXN0b21fbWFkZV90cmlhbmdsZV9kaXlfaW5zdGFsbGF0aW9uLndlYnAiLCJzbGlkZXNob3ciOiI0NjlmMDJhIn0%3D\">\n\t\t\t\t\t<div class=\"e-gallery-image elementor-gallery-item__image\" data-thumbnail=\"https:\/\/axtshade.com\/wp-content\/uploads\/2024\/07\/custom_made_triangle_diy_installation.webp\" data-width=\"640\" data-height=\"640\" aria-label=\"\" role=\"img\" ><\/div>\n\t\t\t\t\t\t\t\t\t\t\t<div class=\"elementor-gallery-item__overlay\"><\/div>\n\t\t\t\t\t\t\t\t\t\t\t\t\t\t<\/a>\n\t\t\t\t\t<\/div>\n\t\t\t\t\t<\/div>\n\t\t\t\t<\/div>\n\t\t\t\t<\/div>\n\t\t<div class=\"elementor-element elementor-element-494f3af e-con-full e-flex e-con e-child\" data-id=\"494f3af\" data-element_type=\"container\" data-e-type=\"container\">\n\t\t\t\t<div class=\"elementor-element elementor-element-d60e7a2 elementor-widget elementor-widget-wd_accordion\" data-id=\"d60e7a2\" data-element_type=\"widget\" data-e-type=\"widget\" data-widget_type=\"wd_accordion.default\">\n\t\t\t\t<div class=\"elementor-widget-container\">\n\t\t\t\t\t\n\t\t<div class=\"wd-accordion wd-style-shadow wd-titles-left wd-opener-pos-left wd-opener-style-arrow\" data-state=\"first\">\n\t\t\t\t\t\t\t\n\t\t\t\t<div class=\"wd-accordion-item\">\n\t\t\t\t\t<div class=\"wd-accordion-title wd-active\" data-accordion-index=\"0\">\n\t\t\t\t\t\t<div class=\"wd-accordion-title-text\">\n\t\t\t\t\t\t\t\t\t\t\t\t\t\t<span>\n\t\t\t\t\t\t\t\tInformationen zu Gr\u00f6\u00dfenfehlern\t\t\t\t\t\t\t<\/span>\n\t\t\t\t\t\t<\/div>\n\t\t\t\t\t\t<span class=\"wd-accordion-opener\"><\/span>\n\t\t\t\t\t<\/div>\n\n\t\t\t\t\t<div class=\"wd-accordion-content wd-entry-content wd-active\" data-accordion-index=\"0\">\n\t\t\t\t\t\t\t\t\t\t\t\t\t\n\t\t\t\t\t\t\t<p>Bitte beachten Sie, dass der Stoff manuell zugeschnitten und gen\u00e4ht wird und Gr\u00f6\u00dfenfehler auftreten. (Gemessen gem\u00e4\u00df den Video- oder Bildanweisungen, liegt der Gr\u00f6\u00dfenfehler im Bereich von 1 bis 10 cm.)<\/p>\n\t\t\t\t\t\t\t\t\t\t\t\t\t\t\t\t\t\t<\/div>\n\t\t\t\t<\/div>\n\t\t\t\t\t\t\t\n\t\t\t\t<div class=\"wd-accordion-item\">\n\t\t\t\t\t<div class=\"wd-accordion-title\" data-accordion-index=\"1\">\n\t\t\t\t\t\t<div class=\"wd-accordion-title-text\">\n\t\t\t\t\t\t\t\t\t\t\t\t\t\t<span>\n\t\t\t\t\t\t\t\tWie ist die Materialzusammensetzung des Sonnensegels?\t\t\t\t\t\t\t<\/span>\n\t\t\t\t\t\t<\/div>\n\t\t\t\t\t\t<span class=\"wd-accordion-opener\"><\/span>\n\t\t\t\t\t<\/div>\n\n\t\t\t\t\t<div class=\"wd-accordion-content wd-entry-content\" data-accordion-index=\"1\">\n\t\t\t\t\t\t\t\t\t\t\t\t\t\n\t\t\t\t\t\t\t<p>Das Sonnensegel besteht aus<b> hochdichte Polyesterfaser mit PU-Beschichtung<\/b>. Dar\u00fcber hinaus besteht das atmungsaktive Gewebe aus <strong>100% reines Polyethylen hoher Dichte<\/strong>, sodass k\u00fchle Temperaturen und Regen durchkommen.<\/p>\n\t\t\t\t\t\t\t\t\t\t\t\t\t\t\t\t\t\t<\/div>\n\t\t\t\t<\/div>\n\t\t\t\t\t\t\t\n\t\t\t\t<div class=\"wd-accordion-item\">\n\t\t\t\t\t<div class=\"wd-accordion-title\" data-accordion-index=\"2\">\n\t\t\t\t\t\t<div class=\"wd-accordion-title-text\">\n\t\t\t\t\t\t\t\t\t\t\t\t\t\t<span>\n\t\t\t\t\t\t\t\tWann ist ein wasserdichtes Sonnensegel besser geeignet und wann ein atmungsaktives?\t\t\t\t\t\t\t<\/span>\n\t\t\t\t\t\t<\/div>\n\t\t\t\t\t\t<span class=\"wd-accordion-opener\"><\/span>\n\t\t\t\t\t<\/div>\n\n\t\t\t\t\t<div class=\"wd-accordion-content wd-entry-content\" data-accordion-index=\"2\">\n\t\t\t\t\t\t\t\t\t\t\t\t\t\n\t\t\t\t\t\t\t<p>Die Wahl zwischen einem wasserdichten oder atmungsaktiven Sonnensegel\u00a0<b>h\u00e4ngt von Ihren spezifischen Bed\u00fcrfnissen ab<\/b>Wenn Sie Schutz vor Regen w\u00fcnschen, w\u00e4hlen Sie die wasserdichte Option. Wenn Ihnen Luftzirkulation und K\u00fchlung am wichtigsten sind, ist das atmungsaktive Gewebe ideal.<\/p>\n\t\t\t\t\t\t\t\t\t\t\t\t\t\t\t\t\t\t<\/div>\n\t\t\t\t<\/div>\n\t\t\t\t\t\t\t\n\t\t\t\t<div class=\"wd-accordion-item\">\n\t\t\t\t\t<div class=\"wd-accordion-title\" data-accordion-index=\"3\">\n\t\t\t\t\t\t<div class=\"wd-accordion-title-text\">\n\t\t\t\t\t\t\t\t\t\t\t\t\t\t<span>\n\t\t\t\t\t\t\t\tKann ich das Sonnensegel einfach installieren?\t\t\t\t\t\t\t<\/span>\n\t\t\t\t\t\t<\/div>\n\t\t\t\t\t\t<span class=\"wd-accordion-opener\"><\/span>\n\t\t\t\t\t<\/div>\n\n\t\t\t\t\t<div class=\"wd-accordion-content wd-entry-content\" data-accordion-index=\"3\">\n\t\t\t\t\t\t\t\t\t\t\t\t\t\n\t\t\t\t\t\t\t<p><b>Ja, die Installation ist unkompliziert<\/b>. Messen Sie von D-Ring zu D-Ring und lassen Sie zwischen Befestigungspunkt und Segel 30-45 cm Platz f\u00fcr Beschl\u00e4ge oder Seile. Die Stoffnaht zeigt nach unten und f\u00fcr maximale Spannung wird ein Montagewinkel von 20 bis 40 Grad empfohlen. Das Design erm\u00f6glicht eine schnelle Wasserableitung.<\/p>\n\t\t\t\t\t\t\t\t\t\t\t\t\t\t\t\t\t\t<\/div>\n\t\t\t\t<\/div>\n\t\t\t\t\t\t\t\n\t\t\t\t<div class=\"wd-accordion-item\">\n\t\t\t\t\t<div class=\"wd-accordion-title\" data-accordion-index=\"4\">\n\t\t\t\t\t\t<div class=\"wd-accordion-title-text\">\n\t\t\t\t\t\t\t\t\t\t\t\t\t\t<span>\n\t\t\t\t\t\t\t\tWas ist im Paket enthalten?\t\t\t\t\t\t\t<\/span>\n\t\t\t\t\t\t<\/div>\n\t\t\t\t\t\t<span class=\"wd-accordion-opener\"><\/span>\n\t\t\t\t\t<\/div>\n\n\t\t\t\t\t<div class=\"wd-accordion-content wd-entry-content\" data-accordion-index=\"4\">\n\t\t\t\t\t\t\t\t\t\t\t\t\t\n\t\t\t\t\t\t\t<p>Neben dem Sonnensegel beinhaltet das Paket <strong>Seile f\u00fcr jeden Eckring<\/strong> Und <strong>detaillierte Anleitung<\/strong> zum Installieren.<\/p>\n\t\t\t\t\t\t\t\t\t\t\t\t\t\t\t\t\t\t<\/div>\n\t\t\t\t<\/div>\n\t\t\t\t\t\t\t\n\t\t\t\t<div class=\"wd-accordion-item\">\n\t\t\t\t\t<div class=\"wd-accordion-title\" data-accordion-index=\"5\">\n\t\t\t\t\t\t<div class=\"wd-accordion-title-text\">\n\t\t\t\t\t\t\t\t\t\t\t\t\t\t<span>\n\t\t\t\t\t\t\t\tIst das Sonnensegel best\u00e4ndig gegen Umwelteinfl\u00fcsse?\t\t\t\t\t\t\t<\/span>\n\t\t\t\t\t\t<\/div>\n\t\t\t\t\t\t<span class=\"wd-accordion-opener\"><\/span>\n\t\t\t\t\t<\/div>\n\n\t\t\t\t\t<div class=\"wd-accordion-content wd-entry-content\" data-accordion-index=\"5\">\n\t\t\t\t\t\t\t\t\t\t\t\t\t\n\t\t\t\t\t\t\t<p>Ja, die hochdichte Polyesterfaser mit PU-Beschichtung macht das Sonnensegel <strong>resistent gegen Feuchtigkeit, Schimmel und Flecken<\/strong>Es ist auf Langlebigkeit bei unterschiedlichen Wetterbedingungen ausgelegt.<\/p>\n\t\t\t\t\t\t\t\t\t\t\t\t\t\t\t\t\t\t<\/div>\n\t\t\t\t<\/div>\n\t\t\t\t\t\t\t\n\t\t\t\t<div class=\"wd-accordion-item\">\n\t\t\t\t\t<div class=\"wd-accordion-title\" data-accordion-index=\"6\">\n\t\t\t\t\t\t<div class=\"wd-accordion-title-text\">\n\t\t\t\t\t\t\t\t\t\t\t\t\t\t<span>\n\t\t\t\t\t\t\t\tWie kann ich das Sonnensegel in gutem Zustand halten?\t\t\t\t\t\t\t<\/span>\n\t\t\t\t\t\t<\/div>\n\t\t\t\t\t\t<span class=\"wd-accordion-opener\"><\/span>\n\t\t\t\t\t<\/div>\n\n\t\t\t\t\t<div class=\"wd-accordion-content wd-entry-content\" data-accordion-index=\"6\">\n\t\t\t\t\t\t\t\t\t\t\t\t\t\n\t\t\t\t\t\t\t<p>Wir empfehlen, Staub auf beiden Seiten des Stoffes mit einer weichen B\u00fcrste oder einem Staubsauger zu entfernen und den Stoff anschlie\u00dfend mit Wasser und neutraler Seife, vorzugsweise nat\u00fcrlichen Ursprungs, zu waschen. Lassen Sie den Stoff an der Luft trocknen und tragen Sie f\u00fcr zus\u00e4tzlichen Schutz spezielles Wachs f\u00fcr Segeltuch auf. Diese Pflegeschritte tragen dazu bei, Ihr Sonnensegel in optimalem Zustand zu halten.<\/p>\n\t\t\t\t\t\t\t\t\t\t\t\t\t\t\t\t\t\t<\/div>\n\t\t\t\t<\/div>\n\t\t\t\t\t\t\t\n\t\t\t\t<div class=\"wd-accordion-item\">\n\t\t\t\t\t<div class=\"wd-accordion-title\" data-accordion-index=\"7\">\n\t\t\t\t\t\t<div class=\"wd-accordion-title-text\">\n\t\t\t\t\t\t\t\t\t\t\t\t\t\t<span>\n\t\t\t\t\t\t\t\tWo ist der ideale Standort f\u00fcr dieses Outdoor-Sonnensegel?\t\t\t\t\t\t\t<\/span>\n\t\t\t\t\t\t<\/div>\n\t\t\t\t\t\t<span class=\"wd-accordion-opener\"><\/span>\n\t\t\t\t\t<\/div>\n\n\t\t\t\t\t<div class=\"wd-accordion-content wd-entry-content\" data-accordion-index=\"7\">\n\t\t\t\t\t\t\t\t\t\t\t\t\t\n\t\t\t\t\t\t\t<p>Dieses Sonnensegel ist ideal f\u00fcr den Einsatz in <strong>Terrassen, Rasenfl\u00e4chen, G\u00e4rten, Pools, Terrassen, Parks, Garagen oder andere Au\u00dfenbereiche<\/strong> die Schatten und UV-Schutz ben\u00f6tigen.<\/p>\n\t\t\t\t\t\t\t\t\t\t\t\t\t\t\t\t\t\t<\/div>\n\t\t\t\t<\/div>\n\t\t\t\t\t\t\t\n\t\t\t\t<div class=\"wd-accordion-item\">\n\t\t\t\t\t<div class=\"wd-accordion-title\" data-accordion-index=\"8\">\n\t\t\t\t\t\t<div class=\"wd-accordion-title-text\">\n\t\t\t\t\t\t\t\t\t\t\t\t\t\t<span>\n\t\t\t\t\t\t\t\tWelchen Schutz bietet das Sonnensegel?\t\t\t\t\t\t\t<\/span>\n\t\t\t\t\t\t<\/div>\n\t\t\t\t\t\t<span class=\"wd-accordion-opener\"><\/span>\n\t\t\t\t\t<\/div>\n\n\t\t\t\t\t<div class=\"wd-accordion-content wd-entry-content\" data-accordion-index=\"8\">\n\t\t\t\t\t\t\t\t\t\t\t\t\t\n\t\t\t\t\t\t\t<p>Das Sonnensegel bietet eine umfassende L\u00f6sung, <strong>spendet Schatten, k\u00fchlt an hei\u00dfen Sommertagen und sch\u00fctzt wirksam vor sch\u00e4dlicher UV-Strahlung<\/strong>Der Stoff hat einen Lichtschutzfaktor (UPF) von 50+.<\/p>\n\t\t\t\t\t\t\t\t\t\t\t\t\t\t\t\t\t\t<\/div>\n\t\t\t\t<\/div>\n\t\t\t\t\t\t\t\n\t\t\t\t<div class=\"wd-accordion-item\">\n\t\t\t\t\t<div class=\"wd-accordion-title\" data-accordion-index=\"9\">\n\t\t\t\t\t\t<div class=\"wd-accordion-title-text\">\n\t\t\t\t\t\t\t\t\t\t\t\t\t\t<span>\n\t\t\t\t\t\t\t\tWelche Eigenschaften gew\u00e4hrleisten die Stabilit\u00e4t und Haltbarkeit des Sonnensegels?\t\t\t\t\t\t\t<\/span>\n\t\t\t\t\t\t<\/div>\n\t\t\t\t\t\t<span class=\"wd-accordion-opener\"><\/span>\n\t\t\t\t\t<\/div>\n\n\t\t\t\t\t<div class=\"wd-accordion-content wd-entry-content\" data-accordion-index=\"9\">\n\t\t\t\t\t\t\t\t\t\t\t\t\t\n\t\t\t\t\t\t\t<p>Das Sonnensegel ist mit <strong>konkave Kanten<\/strong> f\u00fcr bessere Spannung, <strong>D-Ringe aus Edelstahl 316<\/strong> an jeder Ecke f\u00fcr zus\u00e4tzliche Stabilit\u00e4t und <strong>schweres Band gewebt<\/strong> um den Rand herum f\u00fcr Stabilit\u00e4t. Die Kanten verf\u00fcgen au\u00dferdem \u00fcber verst\u00e4rkte N\u00e4hte in doppelter Dicke, um Ausfransen und Verformungen zu verhindern.<\/p>\n\t\t\t\t\t\t\t\t\t\t\t\t\t\t\t\t\t\t<\/div>\n\t\t\t\t<\/div>\n\t\t\t\t\t<\/div>\n\t\t\t\t\t\t<\/div>\n\t\t\t\t<\/div>\n\t\t\t\t<\/div>\n\t\t\t\t\t<\/div>\n\t\t\t\t<\/div>\n\t\t\t\t<\/div>","protected":false},"excerpt":{"rendered":"<h4>Warum sollten Sie sich f\u00fcr unsere ma\u00dfgeschneiderten Sonnensegel entscheiden?<\/h4>\n<ul>\n<li>Schutz vor den Elementen: Ma\u00dfgefertigte Sonnensegel bieten Schutz vor UV-Strahlen und Regen, sodass Ihr Au\u00dfenbereich das ganze Jahr \u00fcber nutzbar ist. Bel\u00fcftung und K\u00fchlung: Das Design dieser Segel erm\u00f6glicht eine Luftzirkulation und k\u00fchlt den Bereich darunter auf nat\u00fcrliche Weise.<\/li>\n<li>Bel\u00fcftung und K\u00fchlung: Das Design dieser Segel erm\u00f6glicht eine Luftzirkulation und sorgt so f\u00fcr eine nat\u00fcrliche K\u00fchlung des darunter liegenden Bereichs.<\/li>\n<li>Energieeffizienz: Durch die Verringerung des Bedarfs an k\u00fcnstlicher K\u00fchlung k\u00f6nnen diese Segel zur Senkung Ihrer Energiekosten beitragen.<\/li>\n<li>Einfache Installation und Wartung: Diese Segel sind eine praktische Wahl f\u00fcr jedes Anwesen und lassen sich problemlos installieren und pflegen.<\/li>\n<li>Vielseitigkeit und Stil: Mit einer Reihe an benutzerdefinierten Optionen k\u00f6nnen Sie ein Design ausw\u00e4hlen, das nicht nur Ihren Anforderungen entspricht, sondern auch das Aussehen Ihrer Immobilie verbessert.<\/li>\n<\/ul>","protected":false},"featured_media":16466,"comment_status":"open","ping_status":"closed","template":"","meta":[],"product_brand":[],"product_cat":[70],"product_tag":[],"class_list":{"0":"post-16094","1":"product","2":"type-product","3":"status-publish","4":"has-post-thumbnail","6":"product_cat-custom-shade-sails","8":"first","9":"instock","10":"taxable","11":"shipping-taxable","12":"purchasable","13":"product-type-simple"},"_links":{"self":[{"href":"https:\/\/axtshade.com\/de\/wp-json\/wp\/v2\/product\/16094","targetHints":{"allow":["GET"]}}],"collection":[{"href":"https:\/\/axtshade.com\/de\/wp-json\/wp\/v2\/product"}],"about":[{"href":"https:\/\/axtshade.com\/de\/wp-json\/wp\/v2\/types\/product"}],"replies":[{"embeddable":true,"href":"https:\/\/axtshade.com\/de\/wp-json\/wp\/v2\/comments?post=16094"}],"version-history":[{"count":24,"href":"https:\/\/axtshade.com\/de\/wp-json\/wp\/v2\/product\/16094\/revisions"}],"predecessor-version":[{"id":16614,"href":"https:\/\/axtshade.com\/de\/wp-json\/wp\/v2\/product\/16094\/revisions\/16614"}],"wp:featuredmedia":[{"embeddable":true,"href":"https:\/\/axtshade.com\/de\/wp-json\/wp\/v2\/media\/16466"}],"wp:attachment":[{"href":"https:\/\/axtshade.com\/de\/wp-json\/wp\/v2\/media?parent=16094"}],"wp:term":[{"taxonomy":"product_brand","embeddable":true,"href":"https:\/\/axtshade.com\/de\/wp-json\/wp\/v2\/product_brand?post=16094"},{"taxonomy":"product_cat","embeddable":true,"href":"https:\/\/axtshade.com\/de\/wp-json\/wp\/v2\/product_cat?post=16094"},{"taxonomy":"product_tag","embeddable":true,"href":"https:\/\/axtshade.com\/de\/wp-json\/wp\/v2\/product_tag?post=16094"}],"curies":[{"name":"wp","href":"https:\/\/api.w.org\/{rel}","templated":true}]}}