{"id":16211,"date":"2024-07-18T15:05:28","date_gmt":"2024-07-18T13:05:28","guid":{"rendered":"https:\/\/axtshade.com\/?post_type=product&#038;p=16211"},"modified":"2025-11-07T22:15:35","modified_gmt":"2025-11-07T21:15:35","slug":"hardware-kit-for-shade-sail","status":"publish","type":"product","link":"https:\/\/axtshade.com\/de\/producto\/hardware-kit-for-shade-sail\/","title":{"rendered":"Hardware-Kit f\u00fcr Sonnensegel"},"content":{"rendered":"<p>Material: Hochwertiger 316 Edelstahl, korrosionsbest\u00e4ndig und langlebig<\/p>\n<p>Leistung: Verstellbarer Spannschloss, perfekt f\u00fcr Sonnensegel verschiedener Gr\u00f6\u00dfen. Unsere Sonnensegel-Hardware-Kits machen die Installation von Sonnensegeln einfacher und einfacher und halten Ihr Segel im Wind stabil<\/p>\n<p>Anwendung: Geeignet f\u00fcr die Installation von dreieckigen, quadratischen und rechteckigen Sonnensegeln. Sie k\u00f6nnen Sonnensegel zwischen B\u00e4umen, W\u00e4nden, Masten oder \u00fcberall dort installieren, wo Sie m\u00f6chten.<\/p>\n<p>Packungsinhalt: \u00d6se, Karabinerhaken, Spannschloss, Schraube, Kunststoff-Spreizer<br \/>\n<img fetchpriority=\"high\" decoding=\"async\" class=\"alignnone wp-image-16216 size-full\" src=\"https:\/\/axtshade.com\/wp-content\/uploads\/2024\/07\/6_inch_rectangle_hardware_03.webp\" alt=\"\" width=\"640\" height=\"640\" srcset=\"https:\/\/axtshade.com\/wp-content\/uploads\/2024\/07\/6_inch_rectangle_hardware_03.webp 640w, https:\/\/axtshade.com\/wp-content\/uploads\/2024\/07\/6_inch_rectangle_hardware_03-300x300.webp 300w, https:\/\/axtshade.com\/wp-content\/uploads\/2024\/07\/6_inch_rectangle_hardware_03-150x150.webp 150w, https:\/\/axtshade.com\/wp-content\/uploads\/2024\/07\/6_inch_rectangle_hardware_03-430x430.webp 430w\" sizes=\"(max-width: 640px) 100vw, 640px\" \/><img decoding=\"async\" class=\"alignnone wp-image-16214 size-full\" src=\"https:\/\/axtshade.com\/wp-content\/uploads\/2024\/07\/6_inch_triangle_hardware_02_5b6b26c0-cc62-4f13-9d4e-d284f19bf8c6.webp\" alt=\"\" width=\"640\" height=\"640\" srcset=\"https:\/\/axtshade.com\/wp-content\/uploads\/2024\/07\/6_inch_triangle_hardware_02_5b6b26c0-cc62-4f13-9d4e-d284f19bf8c6.webp 640w, https:\/\/axtshade.com\/wp-content\/uploads\/2024\/07\/6_inch_triangle_hardware_02_5b6b26c0-cc62-4f13-9d4e-d284f19bf8c6-300x300.webp 300w, https:\/\/axtshade.com\/wp-content\/uploads\/2024\/07\/6_inch_triangle_hardware_02_5b6b26c0-cc62-4f13-9d4e-d284f19bf8c6-150x150.webp 150w, https:\/\/axtshade.com\/wp-content\/uploads\/2024\/07\/6_inch_triangle_hardware_02_5b6b26c0-cc62-4f13-9d4e-d284f19bf8c6-430x430.webp 430w\" sizes=\"(max-width: 640px) 100vw, 640px\" \/><\/p>\n<p><img decoding=\"async\" class=\"alignnone wp-image-16217 size-full\" src=\"https:\/\/axtshade.com\/wp-content\/uploads\/2024\/07\/6_inch_rectangle_hardware_04.webp\" alt=\"\" width=\"640\" height=\"640\" srcset=\"https:\/\/axtshade.com\/wp-content\/uploads\/2024\/07\/6_inch_rectangle_hardware_04.webp 640w, https:\/\/axtshade.com\/wp-content\/uploads\/2024\/07\/6_inch_rectangle_hardware_04-300x300.webp 300w, https:\/\/axtshade.com\/wp-content\/uploads\/2024\/07\/6_inch_rectangle_hardware_04-150x150.webp 150w, https:\/\/axtshade.com\/wp-content\/uploads\/2024\/07\/6_inch_rectangle_hardware_04-430x430.webp 430w\" sizes=\"(max-width: 640px) 100vw, 640px\" \/><img loading=\"lazy\" decoding=\"async\" class=\"alignnone wp-image-16212 size-full\" src=\"https:\/\/axtshade.com\/wp-content\/uploads\/2024\/07\/6_inch_rectangle_hardware_05.webp\" alt=\"\" width=\"640\" height=\"640\" srcset=\"https:\/\/axtshade.com\/wp-content\/uploads\/2024\/07\/6_inch_rectangle_hardware_05.webp 640w, https:\/\/axtshade.com\/wp-content\/uploads\/2024\/07\/6_inch_rectangle_hardware_05-300x300.webp 300w, https:\/\/axtshade.com\/wp-content\/uploads\/2024\/07\/6_inch_rectangle_hardware_05-150x150.webp 150w, https:\/\/axtshade.com\/wp-content\/uploads\/2024\/07\/6_inch_rectangle_hardware_05-430x430.webp 430w\" sizes=\"(max-width: 640px) 100vw, 640px\" \/><\/p>\n<p><img loading=\"lazy\" decoding=\"async\" class=\"alignnone wp-image-16213 size-full\" src=\"https:\/\/axtshade.com\/wp-content\/uploads\/2024\/07\/6_inch_rectangle_hardware_06.webp\" alt=\"\" width=\"640\" height=\"640\" srcset=\"https:\/\/axtshade.com\/wp-content\/uploads\/2024\/07\/6_inch_rectangle_hardware_06.webp 640w, https:\/\/axtshade.com\/wp-content\/uploads\/2024\/07\/6_inch_rectangle_hardware_06-300x300.webp 300w, https:\/\/axtshade.com\/wp-content\/uploads\/2024\/07\/6_inch_rectangle_hardware_06-150x150.webp 150w, https:\/\/axtshade.com\/wp-content\/uploads\/2024\/07\/6_inch_rectangle_hardware_06-430x430.webp 430w\" sizes=\"(max-width: 640px) 100vw, 640px\" \/><img loading=\"lazy\" decoding=\"async\" class=\"alignnone wp-image-16215\" src=\"https:\/\/axtshade.com\/wp-content\/uploads\/2024\/07\/81zlfEig-HL._AC_SL1500_-300x300.jpg\" alt=\"\" width=\"640\" height=\"640\" srcset=\"https:\/\/axtshade.com\/wp-content\/uploads\/2024\/07\/81zlfEig-HL._AC_SL1500_-300x300.jpg 300w, https:\/\/axtshade.com\/wp-content\/uploads\/2024\/07\/81zlfEig-HL._AC_SL1500_-800x800.jpg 800w, https:\/\/axtshade.com\/wp-content\/uploads\/2024\/07\/81zlfEig-HL._AC_SL1500_-150x150.jpg 150w, https:\/\/axtshade.com\/wp-content\/uploads\/2024\/07\/81zlfEig-HL._AC_SL1500_-768x768.jpg 768w, https:\/\/axtshade.com\/wp-content\/uploads\/2024\/07\/81zlfEig-HL._AC_SL1500_-430x430.jpg 430w, https:\/\/axtshade.com\/wp-content\/uploads\/2024\/07\/81zlfEig-HL._AC_SL1500_-700x700.jpg 700w, https:\/\/axtshade.com\/wp-content\/uploads\/2024\/07\/81zlfEig-HL._AC_SL1500_.jpg 1500w\" sizes=\"(max-width: 640px) 100vw, 640px\" \/><\/p>","protected":false},"excerpt":{"rendered":"<p>was ist inbegriffen<\/p>\n<p>\u25cf Spannschloss x 2<br \/>\n\u25cf Pad Auge x 4<br \/>\n\u25cf Karabinerhaken x 2<br \/>\n\u25cf Schraube x 16<br \/>\n\u25cf Kunststofferweiterung x 16<\/p>","protected":false},"featured_media":16218,"comment_status":"open","ping_status":"closed","template":"","meta":[],"product_brand":[],"product_cat":[20],"product_tag":[],"class_list":{"0":"post-16211","1":"product","2":"type-product","3":"status-publish","4":"has-post-thumbnail","6":"product_cat-accessories","8":"first","9":"instock","10":"taxable","11":"shipping-taxable","12":"purchasable","13":"product-type-simple"},"_links":{"self":[{"href":"https:\/\/axtshade.com\/de\/wp-json\/wp\/v2\/product\/16211","targetHints":{"allow":["GET"]}}],"collection":[{"href":"https:\/\/axtshade.com\/de\/wp-json\/wp\/v2\/product"}],"about":[{"href":"https:\/\/axtshade.com\/de\/wp-json\/wp\/v2\/types\/product"}],"replies":[{"embeddable":true,"href":"https:\/\/axtshade.com\/de\/wp-json\/wp\/v2\/comments?post=16211"}],"version-history":[{"count":1,"href":"https:\/\/axtshade.com\/de\/wp-json\/wp\/v2\/product\/16211\/revisions"}],"predecessor-version":[{"id":16219,"href":"https:\/\/axtshade.com\/de\/wp-json\/wp\/v2\/product\/16211\/revisions\/16219"}],"wp:featuredmedia":[{"embeddable":true,"href":"https:\/\/axtshade.com\/de\/wp-json\/wp\/v2\/media\/16218"}],"wp:attachment":[{"href":"https:\/\/axtshade.com\/de\/wp-json\/wp\/v2\/media?parent=16211"}],"wp:term":[{"taxonomy":"product_brand","embeddable":true,"href":"https:\/\/axtshade.com\/de\/wp-json\/wp\/v2\/product_brand?post=16211"},{"taxonomy":"product_cat","embeddable":true,"href":"https:\/\/axtshade.com\/de\/wp-json\/wp\/v2\/product_cat?post=16211"},{"taxonomy":"product_tag","embeddable":true,"href":"https:\/\/axtshade.com\/de\/wp-json\/wp\/v2\/product_tag?post=16211"}],"curies":[{"name":"wp","href":"https:\/\/api.w.org\/{rel}","templated":true}]}}