{"id":16048,"date":"2024-07-10T17:16:21","date_gmt":"2024-07-10T15:16:21","guid":{"rendered":"https:\/\/axtshade.com\/?page_id=16048"},"modified":"2024-07-10T17:17:07","modified_gmt":"2024-07-10T15:17:07","slug":"refund-policy","status":"publish","type":"page","link":"https:\/\/axtshade.com\/es\/refund-policy\/","title":{"rendered":"Politica de reembolso"},"content":{"rendered":"<div data-elementor-type=\"wp-page\" data-elementor-id=\"16048\" class=\"elementor elementor-16048\" data-elementor-post-type=\"page\">\n\t\t\t\t<div class=\"wd-negative-gap elementor-element elementor-element-1ec5d8e e-flex e-con-boxed e-con e-parent\" data-id=\"1ec5d8e\" data-element_type=\"container\" data-e-type=\"container\">\n\t\t\t\t\t<div class=\"e-con-inner\">\n\t\t\t\t<div class=\"elementor-element elementor-element-b787fd5 color-scheme-inherit text-left elementor-widget elementor-widget-text-editor\" data-id=\"b787fd5\" data-element_type=\"widget\" data-e-type=\"widget\" data-widget_type=\"text-editor.default\">\n\t\t\t\t<div class=\"elementor-widget-container\">\n\t\t\t\t\t\t\t\t\t<p>De acuerdo con nuestra pol\u00edtica de reembolso, para brindarle una experiencia de compra a\u00fan mejor, aceptamos devoluciones dentro de los 20 d\u00edas posteriores a la fecha de recepci\u00f3n de su producto en su domicilio. Queremos asegurarnos de que est\u00e9 satisfecho con su compra, por eso hemos simplificado el proceso de devoluci\u00f3n.<\/p><p>Nos esforzamos mucho en garantizar la calidad de nuestros productos y cada art\u00edculo hecho a medida se adapta a sus necesidades y preferencias \u00fanicas. Por lo tanto, le rogamos que revise cuidadosamente su pedido antes de realizar una compra.<\/p><p>Para aprovechar esta opci\u00f3n de devoluci\u00f3n especial, siga estos pasos:<\/p><p><strong>Cont\u00e1ctenos:<\/strong><\/p><p>Si desea devolver un producto, comun\u00edquese con nosotros dentro de los 14 d\u00edas posteriores a la recepci\u00f3n. Por favor, explique los motivos de su devoluci\u00f3n para que podamos brindarle la mejor asistencia posible.<\/p><p><strong>Condici\u00f3n del producto:<\/strong><\/p><p>Aseg\u00farese de que el producto est\u00e9 en perfectas condiciones. Debe funcionar correctamente, estar limpio y libre de da\u00f1os, rayones, abolladuras o abrasiones.<\/p><p><strong>Embalaje original:<\/strong><\/p><p>Devolver el producto en su embalaje original. Aseg\u00farate de doblarlo exactamente como lleg\u00f3 e incluir todos los accesorios y embalajes que estaban presentes en el momento de la entrega.<\/p><p><strong>Costo de devoluci\u00f3n:<\/strong><\/p><p>Si el motivo de la devoluci\u00f3n es que el producto est\u00e1 da\u00f1ado o defectuoso, la empresa cubrir\u00e1 el coste de la devoluci\u00f3n. Queremos rectificar cualquier problema que pueda encontrar con nuestros productos.<\/p><p>Si la devoluci\u00f3n se debe a que el producto no cumple con sus preferencias o simplemente cambia de opini\u00f3n, usted ser\u00e1 responsable de cubrir el costo de devoluci\u00f3n.<\/p><p>Una vez que hayamos recibido y evaluado su devoluci\u00f3n, le notificaremos su estado y procederemos de la siguiente manera:<\/p><p><strong>Proceso de reembolso:<\/strong><\/p><p>Si la devoluci\u00f3n cumple con los requisitos mencionados y se aprueba, procesaremos el reembolso a su m\u00e9todo de pago original dentro de los 10 d\u00edas h\u00e1biles.<\/p><p>Si tiene alguna pregunta o necesita m\u00e1s informaci\u00f3n sobre su devoluci\u00f3n, no dude en contactarnos en <a rel=\"noreferrer\">info@axtshade.com<\/a>. Estamos aqu\u00ed para ayudarle a tener una experiencia de compra satisfactoria.<\/p><p>Agradecemos su confianza en nosotros y esperamos continuar sirvi\u00e9ndole de la mejor manera posible.<\/p>\t\t\t\t\t\t\t\t<\/div>\n\t\t\t\t<\/div>\n\t\t\t\t\t<\/div>\n\t\t\t\t<\/div>\n\t\t\t\t<\/div>","protected":false},"excerpt":{"rendered":"<p>According to our refund policy, in order to provide you with an even better shopping experience, we accept returns within<\/p>","protected":false},"author":1,"featured_media":0,"parent":0,"menu_order":0,"comment_status":"closed","ping_status":"closed","template":"elementor_header_footer","meta":{"footnotes":""},"class_list":["post-16048","page","type-page","status-publish","hentry"],"_links":{"self":[{"href":"https:\/\/axtshade.com\/es\/wp-json\/wp\/v2\/pages\/16048","targetHints":{"allow":["GET"]}}],"collection":[{"href":"https:\/\/axtshade.com\/es\/wp-json\/wp\/v2\/pages"}],"about":[{"href":"https:\/\/axtshade.com\/es\/wp-json\/wp\/v2\/types\/page"}],"author":[{"embeddable":true,"href":"https:\/\/axtshade.com\/es\/wp-json\/wp\/v2\/users\/1"}],"replies":[{"embeddable":true,"href":"https:\/\/axtshade.com\/es\/wp-json\/wp\/v2\/comments?post=16048"}],"version-history":[{"count":4,"href":"https:\/\/axtshade.com\/es\/wp-json\/wp\/v2\/pages\/16048\/revisions"}],"predecessor-version":[{"id":16052,"href":"https:\/\/axtshade.com\/es\/wp-json\/wp\/v2\/pages\/16048\/revisions\/16052"}],"wp:attachment":[{"href":"https:\/\/axtshade.com\/es\/wp-json\/wp\/v2\/media?parent=16048"}],"curies":[{"name":"wp","href":"https:\/\/api.w.org\/{rel}","templated":true}]}}