{"id":16140,"date":"2024-07-17T21:26:17","date_gmt":"2024-07-17T19:26:17","guid":{"rendered":"https:\/\/axtshade.com\/?post_type=product&#038;p=16140"},"modified":"2025-11-07T22:23:17","modified_gmt":"2025-11-07T21:23:17","slug":"shade-cloth","status":"publish","type":"product","link":"https:\/\/axtshade.com\/es\/producto\/shade-cloth\/","title":{"rendered":"Pa\u00f1o de sombra"},"content":{"rendered":"<div data-elementor-type=\"product-post\" data-elementor-id=\"16140\" class=\"elementor elementor-16140\" data-elementor-post-type=\"product\">\n\t\t\t\t<div class=\"wd-negative-gap elementor-element elementor-element-671fd65e e-flex e-con-boxed e-con e-parent\" data-id=\"671fd65e\" data-element_type=\"container\" data-e-type=\"container\">\n\t\t\t\t\t<div class=\"e-con-inner\">\n\t\t<div class=\"elementor-element elementor-element-e127a6d e-con-full e-flex e-con e-child\" data-id=\"e127a6d\" data-element_type=\"container\" data-e-type=\"container\">\n\t\t\t\t<div class=\"elementor-element elementor-element-40314673 elementor-widget__width-initial color-scheme-inherit text-left elementor-widget elementor-widget-text-editor\" data-id=\"40314673\" data-element_type=\"widget\" data-e-type=\"widget\" data-widget_type=\"text-editor.default\">\n\t\t\t\t<div class=\"elementor-widget-container\">\n\t\t\t\t\t\t\t\t\t<p>Transforme sus espacios al aire libre en refugios frescos y c\u00f3modos con esto\u00a0<strong>tela parasol de polietileno de alta densidad<\/strong>. Buena permeabilidad al aire, sin acumulaci\u00f3n de agua. Ofreciendo hasta <strong>95% protecci\u00f3n UV<\/strong>, es ideal para \u00e1reas que requieren una importante protecci\u00f3n solar mientras se mantiene el flujo de aire. Esta tela de sombra est\u00e1 equipada con\u00a0<strong>ojales de cobre inoxidable<\/strong>\u00a0para una f\u00e1cil instalaci\u00f3n y est\u00e1 disponible en varios tama\u00f1os y colores, incluidos arena, carb\u00f3n, marr\u00f3n, turquesa y beige. Est\u00e1 dise\u00f1ado para ser\u00a0<strong>respirable<\/strong>,\u00a0<strong>filtrado de luz<\/strong>, y resistente a\u00a0<strong>desvanecimiento<\/strong>,\u00a0<strong>moho<\/strong>, y\u00a0<strong>moho<\/strong>, lo que lo convierte en un complemento pr\u00e1ctico para jardines, patios y m\u00e1s.<\/p>\t\t\t\t\t\t\t\t<\/div>\n\t\t\t\t<\/div>\n\t\t\t\t<div class=\"elementor-element elementor-element-ca04a5a elementor-widget__width-initial color-scheme-inherit text-left elementor-widget elementor-widget-text-editor\" data-id=\"ca04a5a\" data-element_type=\"widget\" data-e-type=\"widget\" data-widget_type=\"text-editor.default\">\n\t\t\t\t<div class=\"elementor-widget-container\">\n\t\t\t\t\t\t\t\t\t<h2>Contenidos del paquete:<\/h2><ul><li>1x pa\u00f1o resistente personalizado para parasol<\/li><li>Un paquete de bridas<\/li><li>1x Manual de instrucciones<\/li><\/ul>\t\t\t\t\t\t\t\t<\/div>\n\t\t\t\t<\/div>\n\t\t\t\t<\/div>\n\t\t<div class=\"elementor-element elementor-element-10309ab e-con-full e-flex e-con e-child\" data-id=\"10309ab\" data-element_type=\"container\" data-e-type=\"container\">\n\t\t<div class=\"elementor-element elementor-element-08ee870 e-con-full e-flex e-con e-child\" data-id=\"08ee870\" data-element_type=\"container\" data-e-type=\"container\">\n\t\t\t\t<div class=\"elementor-element elementor-element-da79d98 elementor-widget elementor-widget-heading\" data-id=\"da79d98\" data-element_type=\"widget\" data-e-type=\"widget\" data-widget_type=\"heading.default\">\n\t\t\t\t<div class=\"elementor-widget-container\">\n\t\t\t\t\t<h4 class=\"elementor-heading-title elementor-size-default\">Protecci\u00f3n UV<\/h4>\t\t\t\t<\/div>\n\t\t\t\t<\/div>\n\t\t\t\t<div class=\"elementor-element elementor-element-d3bbd00 elementor-widget elementor-widget-gallery\" data-id=\"d3bbd00\" data-element_type=\"widget\" data-e-type=\"widget\" data-settings=\"{&quot;columns&quot;:2,&quot;columns_mobile&quot;:2,&quot;aspect_ratio&quot;:&quot;1:1&quot;,&quot;lazyload&quot;:&quot;yes&quot;,&quot;gallery_layout&quot;:&quot;grid&quot;,&quot;columns_tablet&quot;:2,&quot;gap&quot;:{&quot;unit&quot;:&quot;px&quot;,&quot;size&quot;:10,&quot;sizes&quot;:[]},&quot;gap_tablet&quot;:{&quot;unit&quot;:&quot;px&quot;,&quot;size&quot;:10,&quot;sizes&quot;:[]},&quot;gap_mobile&quot;:{&quot;unit&quot;:&quot;px&quot;,&quot;size&quot;:10,&quot;sizes&quot;:[]},&quot;link_to&quot;:&quot;file&quot;,&quot;overlay_background&quot;:&quot;yes&quot;,&quot;content_hover_animation&quot;:&quot;fade-in&quot;}\" data-widget_type=\"gallery.default\">\n\t\t\t\t<div class=\"elementor-widget-container\">\n\t\t\t\t\t\t\t<div class=\"elementor-gallery__container\">\n\t\t\t\t\t\t\t<a class=\"e-gallery-item elementor-gallery-item elementor-animated-content\" href=\"https:\/\/axtshade.com\/wp-content\/uploads\/2024\/07\/hdpe_shade_cloth_charcoal_01.webp\" data-elementor-open-lightbox=\"yes\" data-elementor-lightbox-slideshow=\"d3bbd00\" data-elementor-lightbox-title=\"hdpe_shade_cloth_charcoal_01\" data-e-action-hash=\"#elementor-action%3Aaction%3Dlightbox%26settings%3DeyJpZCI6MTYxNDksInVybCI6Imh0dHBzOlwvXC9heHRzaGFkZS5jb21cL3dwLWNvbnRlbnRcL3VwbG9hZHNcLzIwMjRcLzA3XC9oZHBlX3NoYWRlX2Nsb3RoX2NoYXJjb2FsXzAxLndlYnAiLCJzbGlkZXNob3ciOiJkM2JiZDAwIn0%3D\">\n\t\t\t\t\t<div class=\"e-gallery-image elementor-gallery-item__image\" data-thumbnail=\"https:\/\/axtshade.com\/wp-content\/uploads\/2024\/07\/hdpe_shade_cloth_charcoal_01.webp\" data-width=\"640\" data-height=\"640\" aria-label=\"\" role=\"img\" ><\/div>\n\t\t\t\t\t\t\t\t\t\t\t<div class=\"elementor-gallery-item__overlay\"><\/div>\n\t\t\t\t\t\t\t\t\t\t\t\t\t\t<\/a>\n\t\t\t\t\t\t\t<a class=\"e-gallery-item elementor-gallery-item elementor-animated-content\" href=\"https:\/\/axtshade.com\/wp-content\/uploads\/2024\/07\/hdpe_shade_cloth_charcoal_02.webp\" data-elementor-open-lightbox=\"yes\" data-elementor-lightbox-slideshow=\"d3bbd00\" data-elementor-lightbox-title=\"hdpe_shade_cloth_charcoal_02\" data-e-action-hash=\"#elementor-action%3Aaction%3Dlightbox%26settings%3DeyJpZCI6MTYxNTAsInVybCI6Imh0dHBzOlwvXC9heHRzaGFkZS5jb21cL3dwLWNvbnRlbnRcL3VwbG9hZHNcLzIwMjRcLzA3XC9oZHBlX3NoYWRlX2Nsb3RoX2NoYXJjb2FsXzAyLndlYnAiLCJzbGlkZXNob3ciOiJkM2JiZDAwIn0%3D\">\n\t\t\t\t\t<div class=\"e-gallery-image elementor-gallery-item__image\" data-thumbnail=\"https:\/\/axtshade.com\/wp-content\/uploads\/2024\/07\/hdpe_shade_cloth_charcoal_02.webp\" data-width=\"640\" data-height=\"637\" aria-label=\"\" role=\"img\" ><\/div>\n\t\t\t\t\t\t\t\t\t\t\t<div class=\"elementor-gallery-item__overlay\"><\/div>\n\t\t\t\t\t\t\t\t\t\t\t\t\t\t<\/a>\n\t\t\t\t\t<\/div>\n\t\t\t\t\t<\/div>\n\t\t\t\t<\/div>\n\t\t\t\t<\/div>\n\t\t<div class=\"elementor-element elementor-element-d04da1b e-con-full e-flex e-con e-child\" data-id=\"d04da1b\" data-element_type=\"container\" data-e-type=\"container\">\n\t\t\t\t<div class=\"elementor-element elementor-element-601590c elementor-widget elementor-widget-heading\" data-id=\"601590c\" data-element_type=\"widget\" data-e-type=\"widget\" data-widget_type=\"heading.default\">\n\t\t\t\t<div class=\"elementor-widget-container\">\n\t\t\t\t\t<h4 class=\"elementor-heading-title elementor-size-default\">Materiales de alta calidad<\/h4>\t\t\t\t<\/div>\n\t\t\t\t<\/div>\n\t\t\t\t<div class=\"elementor-element elementor-element-28a6073 elementor-widget elementor-widget-gallery\" data-id=\"28a6073\" data-element_type=\"widget\" data-e-type=\"widget\" data-settings=\"{&quot;columns&quot;:2,&quot;columns_mobile&quot;:2,&quot;aspect_ratio&quot;:&quot;1:1&quot;,&quot;lazyload&quot;:&quot;yes&quot;,&quot;gallery_layout&quot;:&quot;grid&quot;,&quot;columns_tablet&quot;:2,&quot;gap&quot;:{&quot;unit&quot;:&quot;px&quot;,&quot;size&quot;:10,&quot;sizes&quot;:[]},&quot;gap_tablet&quot;:{&quot;unit&quot;:&quot;px&quot;,&quot;size&quot;:10,&quot;sizes&quot;:[]},&quot;gap_mobile&quot;:{&quot;unit&quot;:&quot;px&quot;,&quot;size&quot;:10,&quot;sizes&quot;:[]},&quot;link_to&quot;:&quot;file&quot;,&quot;overlay_background&quot;:&quot;yes&quot;,&quot;content_hover_animation&quot;:&quot;fade-in&quot;}\" data-widget_type=\"gallery.default\">\n\t\t\t\t<div class=\"elementor-widget-container\">\n\t\t\t\t\t\t\t<div class=\"elementor-gallery__container\">\n\t\t\t\t\t\t\t<a class=\"e-gallery-item elementor-gallery-item elementor-animated-content\" href=\"https:\/\/axtshade.com\/wp-content\/uploads\/2024\/07\/hdpe_shade_cloth_charcoal_03.jpg\" data-elementor-open-lightbox=\"yes\" data-elementor-lightbox-slideshow=\"28a6073\" data-elementor-lightbox-title=\"hdpe_shade_cloth_charcoal_03\" data-e-action-hash=\"#elementor-action%3Aaction%3Dlightbox%26settings%3DeyJpZCI6MTYxNTEsInVybCI6Imh0dHBzOlwvXC9heHRzaGFkZS5jb21cL3dwLWNvbnRlbnRcL3VwbG9hZHNcLzIwMjRcLzA3XC9oZHBlX3NoYWRlX2Nsb3RoX2NoYXJjb2FsXzAzLmpwZyIsInNsaWRlc2hvdyI6IjI4YTYwNzMifQ%3D%3D\">\n\t\t\t\t\t<div class=\"e-gallery-image elementor-gallery-item__image\" data-thumbnail=\"https:\/\/axtshade.com\/wp-content\/uploads\/2024\/07\/hdpe_shade_cloth_charcoal_03.jpg\" data-width=\"640\" data-height=\"640\" aria-label=\"\" role=\"img\" ><\/div>\n\t\t\t\t\t\t\t\t\t\t\t<div class=\"elementor-gallery-item__overlay\"><\/div>\n\t\t\t\t\t\t\t\t\t\t\t\t\t\t<\/a>\n\t\t\t\t\t\t\t<a class=\"e-gallery-item elementor-gallery-item elementor-animated-content\" href=\"https:\/\/axtshade.com\/wp-content\/uploads\/2024\/07\/hdpe_shade_cloth_charcoal_04.webp\" data-elementor-open-lightbox=\"yes\" data-elementor-lightbox-slideshow=\"28a6073\" data-elementor-lightbox-title=\"hdpe_shade_cloth_charcoal_04\" data-e-action-hash=\"#elementor-action%3Aaction%3Dlightbox%26settings%3DeyJpZCI6MTYxNTIsInVybCI6Imh0dHBzOlwvXC9heHRzaGFkZS5jb21cL3dwLWNvbnRlbnRcL3VwbG9hZHNcLzIwMjRcLzA3XC9oZHBlX3NoYWRlX2Nsb3RoX2NoYXJjb2FsXzA0LndlYnAiLCJzbGlkZXNob3ciOiIyOGE2MDczIn0%3D\">\n\t\t\t\t\t<div class=\"e-gallery-image elementor-gallery-item__image\" data-thumbnail=\"https:\/\/axtshade.com\/wp-content\/uploads\/2024\/07\/hdpe_shade_cloth_charcoal_04.webp\" data-width=\"640\" data-height=\"640\" aria-label=\"\" role=\"img\" ><\/div>\n\t\t\t\t\t\t\t\t\t\t\t<div class=\"elementor-gallery-item__overlay\"><\/div>\n\t\t\t\t\t\t\t\t\t\t\t\t\t\t<\/a>\n\t\t\t\t\t<\/div>\n\t\t\t\t\t<\/div>\n\t\t\t\t<\/div>\n\t\t\t\t<\/div>\n\t\t<div class=\"elementor-element elementor-element-347fd4f e-con-full e-flex e-con e-child\" data-id=\"347fd4f\" data-element_type=\"container\" data-e-type=\"container\">\n\t\t\t\t<div class=\"elementor-element elementor-element-238f847 elementor-widget elementor-widget-heading\" data-id=\"238f847\" data-element_type=\"widget\" data-e-type=\"widget\" data-widget_type=\"heading.default\">\n\t\t\t\t<div class=\"elementor-widget-container\">\n\t\t\t\t\t<h4 class=\"elementor-heading-title elementor-size-default\">Informaci\u00f3n \u00fatil<\/h4>\t\t\t\t<\/div>\n\t\t\t\t<\/div>\n\t\t\t\t<div class=\"elementor-element elementor-element-5116488 elementor-widget elementor-widget-gallery\" data-id=\"5116488\" data-element_type=\"widget\" data-e-type=\"widget\" data-settings=\"{&quot;columns&quot;:2,&quot;columns_mobile&quot;:2,&quot;aspect_ratio&quot;:&quot;1:1&quot;,&quot;lazyload&quot;:&quot;yes&quot;,&quot;gallery_layout&quot;:&quot;grid&quot;,&quot;columns_tablet&quot;:2,&quot;gap&quot;:{&quot;unit&quot;:&quot;px&quot;,&quot;size&quot;:10,&quot;sizes&quot;:[]},&quot;gap_tablet&quot;:{&quot;unit&quot;:&quot;px&quot;,&quot;size&quot;:10,&quot;sizes&quot;:[]},&quot;gap_mobile&quot;:{&quot;unit&quot;:&quot;px&quot;,&quot;size&quot;:10,&quot;sizes&quot;:[]},&quot;link_to&quot;:&quot;file&quot;,&quot;overlay_background&quot;:&quot;yes&quot;,&quot;content_hover_animation&quot;:&quot;fade-in&quot;}\" data-widget_type=\"gallery.default\">\n\t\t\t\t<div class=\"elementor-widget-container\">\n\t\t\t\t\t\t\t<div class=\"elementor-gallery__container\">\n\t\t\t\t\t\t\t<a class=\"e-gallery-item elementor-gallery-item elementor-animated-content\" href=\"https:\/\/axtshade.com\/wp-content\/uploads\/2024\/07\/hdpe_shade_cloth_charcoal_05.webp\" data-elementor-open-lightbox=\"yes\" data-elementor-lightbox-slideshow=\"5116488\" data-elementor-lightbox-title=\"hdpe_shade_cloth_charcoal_05\" data-e-action-hash=\"#elementor-action%3Aaction%3Dlightbox%26settings%3DeyJpZCI6MTYxNTMsInVybCI6Imh0dHBzOlwvXC9heHRzaGFkZS5jb21cL3dwLWNvbnRlbnRcL3VwbG9hZHNcLzIwMjRcLzA3XC9oZHBlX3NoYWRlX2Nsb3RoX2NoYXJjb2FsXzA1LndlYnAiLCJzbGlkZXNob3ciOiI1MTE2NDg4In0%3D\">\n\t\t\t\t\t<div class=\"e-gallery-image elementor-gallery-item__image\" data-thumbnail=\"https:\/\/axtshade.com\/wp-content\/uploads\/2024\/07\/hdpe_shade_cloth_charcoal_05.webp\" data-width=\"640\" data-height=\"640\" aria-label=\"\" role=\"img\" ><\/div>\n\t\t\t\t\t\t\t\t\t\t\t<div class=\"elementor-gallery-item__overlay\"><\/div>\n\t\t\t\t\t\t\t\t\t\t\t\t\t\t<\/a>\n\t\t\t\t\t\t\t<a class=\"e-gallery-item elementor-gallery-item elementor-animated-content\" href=\"https:\/\/axtshade.com\/wp-content\/uploads\/2024\/07\/hdpe_shade_cloth_charcoal_06.webp\" data-elementor-open-lightbox=\"yes\" data-elementor-lightbox-slideshow=\"5116488\" data-elementor-lightbox-title=\"hdpe_shade_cloth_charcoal_06\" data-e-action-hash=\"#elementor-action%3Aaction%3Dlightbox%26settings%3DeyJpZCI6MTYxNTQsInVybCI6Imh0dHBzOlwvXC9heHRzaGFkZS5jb21cL3dwLWNvbnRlbnRcL3VwbG9hZHNcLzIwMjRcLzA3XC9oZHBlX3NoYWRlX2Nsb3RoX2NoYXJjb2FsXzA2LndlYnAiLCJzbGlkZXNob3ciOiI1MTE2NDg4In0%3D\">\n\t\t\t\t\t<div class=\"e-gallery-image elementor-gallery-item__image\" data-thumbnail=\"https:\/\/axtshade.com\/wp-content\/uploads\/2024\/07\/hdpe_shade_cloth_charcoal_06.webp\" data-width=\"640\" data-height=\"583\" aria-label=\"\" role=\"img\" ><\/div>\n\t\t\t\t\t\t\t\t\t\t\t<div class=\"elementor-gallery-item__overlay\"><\/div>\n\t\t\t\t\t\t\t\t\t\t\t\t\t\t<\/a>\n\t\t\t\t\t<\/div>\n\t\t\t\t\t<\/div>\n\t\t\t\t<\/div>\n\t\t\t\t<\/div>\n\t\t<div class=\"elementor-element elementor-element-42d75c6 e-con-full e-flex e-con e-child\" data-id=\"42d75c6\" data-element_type=\"container\" data-e-type=\"container\">\n\t\t\t\t<div class=\"elementor-element elementor-element-ee820bf elementor-widget elementor-widget-wd_accordion\" data-id=\"ee820bf\" data-element_type=\"widget\" data-e-type=\"widget\" data-widget_type=\"wd_accordion.default\">\n\t\t\t\t<div class=\"elementor-widget-container\">\n\t\t\t\t\t\n\t\t<div class=\"wd-accordion wd-style-shadow wd-titles-left wd-opener-pos-left wd-opener-style-arrow\" data-state=\"first\">\n\t\t\t\t\t\t\t\n\t\t\t\t<div class=\"wd-accordion-item\">\n\t\t\t\t\t<div class=\"wd-accordion-title wd-active\" data-accordion-index=\"0\">\n\t\t\t\t\t\t<div class=\"wd-accordion-title-text\">\n\t\t\t\t\t\t\t\t\t\t\t\t\t\t<span>\n\t\t\t\t\t\t\t\tAcerca de los errores de tama\u00f1o\t\t\t\t\t\t\t<\/span>\n\t\t\t\t\t\t<\/div>\n\t\t\t\t\t\t<span class=\"wd-accordion-opener\"><\/span>\n\t\t\t\t\t<\/div>\n\n\t\t\t\t\t<div class=\"wd-accordion-content wd-entry-content wd-active\" data-accordion-index=\"0\">\n\t\t\t\t\t\t\t\t\t\t\t\t\t\n\t\t\t\t\t\t\t<p>Tenga en cuenta que la tela se corta y cose manualmente, por lo que pueden producirse errores de tama\u00f1o. (Medido de acuerdo con las instrucciones del video o la imagen, el error de tama\u00f1o est\u00e1 en el rango de 1 a 10 cm)<\/p>\n\t\t\t\t\t\t\t\t\t\t\t\t\t\t\t\t\t\t<\/div>\n\t\t\t\t<\/div>\n\t\t\t\t\t\t\t\n\t\t\t\t<div class=\"wd-accordion-item\">\n\t\t\t\t\t<div class=\"wd-accordion-title\" data-accordion-index=\"1\">\n\t\t\t\t\t\t<div class=\"wd-accordion-title-text\">\n\t\t\t\t\t\t\t\t\t\t\t\t\t\t<span>\n\t\t\t\t\t\t\t\t\u00bfDe qu\u00e9 material est\u00e1 hecha la tela parasol?\t\t\t\t\t\t\t<\/span>\n\t\t\t\t\t\t<\/div>\n\t\t\t\t\t\t<span class=\"wd-accordion-opener\"><\/span>\n\t\t\t\t\t<\/div>\n\n\t\t\t\t\t<div class=\"wd-accordion-content wd-entry-content\" data-accordion-index=\"1\">\n\t\t\t\t\t\t\t\t\t\t\t\t\t\n\t\t\t\t\t\t\t<p>La tela parasol est\u00e1 hecha de\u00a0<strong>polietileno de alta densidad<\/strong>, proporcionando una durabilidad excepcional y una s\u00f3lida protecci\u00f3n UV. Este material se elige espec\u00edficamente por su capacidad para resistir una exposici\u00f3n prolongada a elementos ambientales hostiles.<\/p>\n\t\t\t\t\t\t\t\t\t\t\t\t\t\t\t\t\t\t<\/div>\n\t\t\t\t<\/div>\n\t\t\t\t\t\t\t\n\t\t\t\t<div class=\"wd-accordion-item\">\n\t\t\t\t\t<div class=\"wd-accordion-title\" data-accordion-index=\"2\">\n\t\t\t\t\t\t<div class=\"wd-accordion-title-text\">\n\t\t\t\t\t\t\t\t\t\t\t\t\t\t<span>\n\t\t\t\t\t\t\t\t\u00bfPuedo personalizar el tama\u00f1o?\t\t\t\t\t\t\t<\/span>\n\t\t\t\t\t\t<\/div>\n\t\t\t\t\t\t<span class=\"wd-accordion-opener\"><\/span>\n\t\t\t\t\t<\/div>\n\n\t\t\t\t\t<div class=\"wd-accordion-content wd-entry-content\" data-accordion-index=\"2\">\n\t\t\t\t\t\t\t\t\t\t\t\t\t\n\t\t\t\t\t\t\t<p>S\u00ed, la tela de sombra viene en varias dimensiones est\u00e1ndar pero tambi\u00e9n ofrece flexibilidad para\u00a0<strong>personalizaci\u00f3n<\/strong>. Ya sea que necesite un tama\u00f1o m\u00e1s grande para un proyecto comercial o uno m\u00e1s peque\u00f1o para uso residencial, puede adaptarlo para que se ajuste a sus requisitos espec\u00edficos.<\/p>\n\t\t\t\t\t\t\t\t\t\t\t\t\t\t\t\t\t\t<\/div>\n\t\t\t\t<\/div>\n\t\t\t\t\t\t\t\n\t\t\t\t<div class=\"wd-accordion-item\">\n\t\t\t\t\t<div class=\"wd-accordion-title\" data-accordion-index=\"3\">\n\t\t\t\t\t\t<div class=\"wd-accordion-title-text\">\n\t\t\t\t\t\t\t\t\t\t\t\t\t\t<span>\n\t\t\t\t\t\t\t\t\u00bfC\u00f3mo se instala la tela parasol?\t\t\t\t\t\t\t<\/span>\n\t\t\t\t\t\t<\/div>\n\t\t\t\t\t\t<span class=\"wd-accordion-opener\"><\/span>\n\t\t\t\t\t<\/div>\n\n\t\t\t\t\t<div class=\"wd-accordion-content wd-entry-content\" data-accordion-index=\"3\">\n\t\t\t\t\t\t\t\t\t\t\t\t\t\n\t\t\t\t\t\t\t<p>La instalaci\u00f3n se simplifica con\u00a0<strong>ojales<\/strong>\u00a0distribuidos a lo largo de los bordes, lo que permite una fijaci\u00f3n f\u00e1cil y segura a vallas, marcos o estructuras existentes. Esta configuraci\u00f3n permite un montaje y desmontaje r\u00e1pido, lo que la hace pr\u00e1ctica tanto para usos permanentes como temporales.<\/p>\n\t\t\t\t\t\t\t\t\t\t\t\t\t\t\t\t\t\t<\/div>\n\t\t\t\t<\/div>\n\t\t\t\t\t\t\t\n\t\t\t\t<div class=\"wd-accordion-item\">\n\t\t\t\t\t<div class=\"wd-accordion-title\" data-accordion-index=\"4\">\n\t\t\t\t\t\t<div class=\"wd-accordion-title-text\">\n\t\t\t\t\t\t\t\t\t\t\t\t\t\t<span>\n\t\t\t\t\t\t\t\t\u00bfEs adecuado para todas las condiciones clim\u00e1ticas?\t\t\t\t\t\t\t<\/span>\n\t\t\t\t\t\t<\/div>\n\t\t\t\t\t\t<span class=\"wd-accordion-opener\"><\/span>\n\t\t\t\t\t<\/div>\n\n\t\t\t\t\t<div class=\"wd-accordion-content wd-entry-content\" data-accordion-index=\"4\">\n\t\t\t\t\t\t\t\t\t\t\t\t\t\n\t\t\t\t\t\t\t<p>Por supuesto, la tela de sombra est\u00e1 dise\u00f1ada para soportar todas las condiciones clim\u00e1ticas, desde luz solar intensa hasta lluvia intensa. Su material est\u00e1 tratado para ser\u00a0<strong>Resistente al clima<\/strong>, asegurando que siga siendo funcional y est\u00e9ticamente agradable durante varias estaciones.<\/p>\n\t\t\t\t\t\t\t\t\t\t\t\t\t\t\t\t\t\t<\/div>\n\t\t\t\t<\/div>\n\t\t\t\t\t\t\t\n\t\t\t\t<div class=\"wd-accordion-item\">\n\t\t\t\t\t<div class=\"wd-accordion-title\" data-accordion-index=\"5\">\n\t\t\t\t\t\t<div class=\"wd-accordion-title-text\">\n\t\t\t\t\t\t\t\t\t\t\t\t\t\t<span>\n\t\t\t\t\t\t\t\t\u00bfSe puede utilizar para otros fines?\t\t\t\t\t\t\t<\/span>\n\t\t\t\t\t\t<\/div>\n\t\t\t\t\t\t<span class=\"wd-accordion-opener\"><\/span>\n\t\t\t\t\t<\/div>\n\n\t\t\t\t\t<div class=\"wd-accordion-content wd-entry-content\" data-accordion-index=\"5\">\n\t\t\t\t\t\t\t\t\t\t\t\t\t\n\t\t\t\t\t\t\t<p>De hecho, m\u00e1s all\u00e1 de proporcionar sombra, esta tela se puede utilizar eficazmente en una variedad de entornos, incluidos jardines, patios o como parabrisas. Su versatilidad lo convierte en una excelente opci\u00f3n para mejorar la privacidad y el confort en m\u00faltiples \u00e1reas al aire libre.<\/p>\n\t\t\t\t\t\t\t\t\t\t\t\t\t\t\t\t\t\t<\/div>\n\t\t\t\t<\/div>\n\t\t\t\t\t\t\t\n\t\t\t\t<div class=\"wd-accordion-item\">\n\t\t\t\t\t<div class=\"wd-accordion-title\" data-accordion-index=\"6\">\n\t\t\t\t\t\t<div class=\"wd-accordion-title-text\">\n\t\t\t\t\t\t\t\t\t\t\t\t\t\t<span>\n\t\t\t\t\t\t\t\t\u00bfC\u00f3mo lo limpio y lo mantengo?\t\t\t\t\t\t\t<\/span>\n\t\t\t\t\t\t<\/div>\n\t\t\t\t\t\t<span class=\"wd-accordion-opener\"><\/span>\n\t\t\t\t\t<\/div>\n\n\t\t\t\t\t<div class=\"wd-accordion-content wd-entry-content\" data-accordion-index=\"6\">\n\t\t\t\t\t\t\t\t\t\t\t\t\t\n\t\t\t\t\t\t\t<p>La limpieza del pa\u00f1o de sombra implica una rutina simple de lavado con\u00a0<strong>agua y jab\u00f3n suave<\/strong>. Se recomienda limpiar la tela con regularidad para evitar la acumulaci\u00f3n de suciedad e inspeccionar los accesorios para detectar cualquier ajuste necesario, asegur\u00e1ndose de que se mantenga en \u00f3ptimas condiciones.<\/p>\n\t\t\t\t\t\t\t\t\t\t\t\t\t\t\t\t\t\t<\/div>\n\t\t\t\t<\/div>\n\t\t\t\t\t\t\t\n\t\t\t\t<div class=\"wd-accordion-item\">\n\t\t\t\t\t<div class=\"wd-accordion-title\" data-accordion-index=\"7\">\n\t\t\t\t\t\t<div class=\"wd-accordion-title-text\">\n\t\t\t\t\t\t\t\t\t\t\t\t\t\t<span>\n\t\t\t\t\t\t\t\t\u00bfQu\u00e9 est\u00e1 incluido en el paquete?\t\t\t\t\t\t\t<\/span>\n\t\t\t\t\t\t<\/div>\n\t\t\t\t\t\t<span class=\"wd-accordion-opener\"><\/span>\n\t\t\t\t\t<\/div>\n\n\t\t\t\t\t<div class=\"wd-accordion-content wd-entry-content\" data-accordion-index=\"7\">\n\t\t\t\t\t\t\t\t\t\t\t\t\t\n\t\t\t\t\t\t\t<div class=\"elementor-element elementor-element-41c96b0a e-flex e-con-boxed e-con e-parent\" data-id=\"41c96b0a\" data-element_type=\"container\"><div class=\"e-con-inner\"><div class=\"elementor-element elementor-element-37f553ed e-flex e-con-boxed e-con e-child\" data-id=\"37f553ed\" data-element_type=\"container\"><div class=\"e-con-inner\"><div class=\"elementor-element elementor-element-b212f0b elementor-widget elementor-widget-text-editor\" data-id=\"b212f0b\" data-element_type=\"widget\" data-widget_type=\"text-editor.default\"><div class=\"elementor-widget-container\"><p>El paquete generalmente incluye el\u00a0<strong>Pa\u00f1o para sombra de sol<\/strong>\u00a0junto con todo lo necesario\u00a0<strong>accesorios de instalaci\u00f3n<\/strong>\u00a0como bridas o cuerdas, seg\u00fan modelo. Esto garantiza que tendr\u00e1 todo lo necesario para configurarlo desde el primer momento.<\/p><\/div><\/div><\/div><\/div><\/div><\/div><div class=\"elementor-element elementor-element-80d940c e-flex e-con-boxed e-con e-parent\" data-id=\"80d940c\" data-element_type=\"container\"><div class=\"e-con-inner\"><div class=\"elementor-element elementor-element-64502fb elementor-icon-list--layout-inline elementor-list-item-link-full_width elementor-widget elementor-widget-icon-list\" data-id=\"64502fb\" data-element_type=\"widget\" data-widget_type=\"icon-list.default\"><div class=\"elementor-widget-container\"><ul class=\"elementor-icon-list-items elementor-inline-items\"><li class=\"elementor-icon-list-item elementor-inline-item\">\u00a0<\/li><\/ul><\/div><\/div><\/div><\/div>\n\t\t\t\t\t\t\t\t\t\t\t\t\t\t\t\t\t\t<\/div>\n\t\t\t\t<\/div>\n\t\t\t\t\t<\/div>\n\t\t\t\t\t\t<\/div>\n\t\t\t\t<\/div>\n\t\t\t\t<\/div>\n\t\t\t\t<\/div>\n\t\t\t\t\t<\/div>\n\t\t\t\t<\/div>\n\t\t\t\t<\/div>","protected":false},"excerpt":{"rendered":"<div class=\"elementor-element elementor-element-468f3aa elementor-widget elementor-widget-heading\" data-id=\"468f3aa\" data-element_type=\"widget\" data-widget_type=\"heading.default\">\n<div class=\"elementor-widget-container\">\n<div class=\"elementor-element elementor-element-122bea1b elementor-widget elementor-widget-heading\" data-id=\"122bea1b\" data-element_type=\"widget\" data-widget_type=\"heading.default\">\n<div class=\"elementor-widget-container\">\n<h2 class=\"elementor-heading-title elementor-size-default\">\u00bfPor qu\u00e9 elegir nuestro pa\u00f1o parasol resistente?<\/h2>\n<\/div>\n<\/div>\n<div class=\"elementor-element elementor-element-4848f6a elementor-icon-list--layout-traditional elementor-list-item-link-full_width elementor-widget elementor-widget-icon-list\" data-id=\"4848f6a\" data-element_type=\"widget\" data-widget_type=\"icon-list.default\">\n<div class=\"elementor-widget-container\">\n<ul class=\"elementor-icon-list-items\">\n<li class=\"elementor-icon-list-item\"><i class=\"fas fa-check\" aria-hidden=\"true\"><\/i><span class=\"elementor-icon-list-text\"><strong>Material robusto<\/strong>: Dise\u00f1ado con polietileno de alta densidad para una durabilidad superior en condiciones exteriores.<\/span><\/li>\n<li class=\"elementor-icon-list-item\"><i class=\"fas fa-check\" aria-hidden=\"true\"><\/i><span class=\"elementor-icon-list-text\"><strong>Protecci\u00f3n UV<\/strong>: Ofrece hasta 95% de bloqueo UV para proteger tanto la piel como los muebles del da\u00f1o solar.<\/span><\/li>\n<li class=\"elementor-icon-list-item\"><i class=\"fas fa-check\" aria-hidden=\"true\"><\/i><span class=\"elementor-icon-list-text\"><strong>Circulaci\u00f3n a\u00e9rea<\/strong>: Dise\u00f1ado para ser transpirable, asegurando un ambiente m\u00e1s fresco al facilitar el flujo de aire.<\/span><\/li>\n<li class=\"elementor-icon-list-item\"><i class=\"fas fa-check\" aria-hidden=\"true\"><\/i><span class=\"elementor-icon-list-text\"><strong>Hecho a tu medida<\/strong>: Disponible en una variedad de tama\u00f1os y colores para adaptarse a diversos espacios al aire libre.<\/span><\/li>\n<li class=\"elementor-icon-list-item\"><i class=\"fas fa-check\" aria-hidden=\"true\"><\/i><span class=\"elementor-icon-list-text\"><strong>F\u00e1cil instalaci\u00f3n<\/strong>: Equipado con ojales de cobre inoxidable duraderos para un montaje r\u00e1pido y seguro.<\/span><\/li>\n<li class=\"elementor-icon-list-item\"><i class=\"fas fa-check\" aria-hidden=\"true\"><\/i><span class=\"elementor-icon-list-text\"><strong>Bajo mantenimiento<\/strong>: Resistente a la decoloraci\u00f3n y al moho para un mantenimiento sin complicaciones.<\/span><\/li>\n<\/ul>\n<\/div>\n<\/div>\n<\/div>\n<\/div>","protected":false},"featured_media":16141,"comment_status":"open","ping_status":"closed","template":"","meta":[],"product_brand":[],"product_cat":[71],"product_tag":[],"class_list":{"0":"post-16140","1":"product","2":"type-product","3":"status-publish","4":"has-post-thumbnail","6":"product_cat-custom-shade-cloth","8":"first","9":"instock","10":"taxable","11":"shipping-taxable","12":"purchasable","13":"product-type-simple"},"_links":{"self":[{"href":"https:\/\/axtshade.com\/es\/wp-json\/wp\/v2\/product\/16140","targetHints":{"allow":["GET"]}}],"collection":[{"href":"https:\/\/axtshade.com\/es\/wp-json\/wp\/v2\/product"}],"about":[{"href":"https:\/\/axtshade.com\/es\/wp-json\/wp\/v2\/types\/product"}],"replies":[{"embeddable":true,"href":"https:\/\/axtshade.com\/es\/wp-json\/wp\/v2\/comments?post=16140"}],"version-history":[{"count":20,"href":"https:\/\/axtshade.com\/es\/wp-json\/wp\/v2\/product\/16140\/revisions"}],"predecessor-version":[{"id":16572,"href":"https:\/\/axtshade.com\/es\/wp-json\/wp\/v2\/product\/16140\/revisions\/16572"}],"wp:featuredmedia":[{"embeddable":true,"href":"https:\/\/axtshade.com\/es\/wp-json\/wp\/v2\/media\/16141"}],"wp:attachment":[{"href":"https:\/\/axtshade.com\/es\/wp-json\/wp\/v2\/media?parent=16140"}],"wp:term":[{"taxonomy":"product_brand","embeddable":true,"href":"https:\/\/axtshade.com\/es\/wp-json\/wp\/v2\/product_brand?post=16140"},{"taxonomy":"product_cat","embeddable":true,"href":"https:\/\/axtshade.com\/es\/wp-json\/wp\/v2\/product_cat?post=16140"},{"taxonomy":"product_tag","embeddable":true,"href":"https:\/\/axtshade.com\/es\/wp-json\/wp\/v2\/product_tag?post=16140"}],"curies":[{"name":"wp","href":"https:\/\/api.w.org\/{rel}","templated":true}]}}