{"id":16043,"date":"2024-07-10T16:59:22","date_gmt":"2024-07-10T14:59:22","guid":{"rendered":"https:\/\/axtshade.com\/?page_id=16043"},"modified":"2024-07-10T17:25:13","modified_gmt":"2024-07-10T15:25:13","slug":"privacy-policy","status":"publish","type":"page","link":"https:\/\/axtshade.com\/fr\/privacy-policy\/","title":{"rendered":"politique de confidentialit\u00e9"},"content":{"rendered":"<div data-elementor-type=\"wp-page\" data-elementor-id=\"16043\" class=\"elementor elementor-16043\" data-elementor-post-type=\"page\">\n\t\t\t\t<div class=\"wd-negative-gap elementor-element elementor-element-60d409c e-flex e-con-boxed e-con e-parent\" data-id=\"60d409c\" data-element_type=\"container\" data-e-type=\"container\">\n\t\t\t\t\t<div class=\"e-con-inner\">\n\t\t\t\t<div class=\"elementor-element elementor-element-23fb052 color-scheme-inherit text-left elementor-widget elementor-widget-text-editor\" data-id=\"23fb052\" data-element_type=\"widget\" data-e-type=\"widget\" data-widget_type=\"text-editor.default\">\n\t\t\t\t<div class=\"elementor-widget-container\">\n\t\t\t\t\t\t\t\t\t<p><b>Derni\u00e8re mise \u00e0 jour : 25\/07\/2023<\/b><\/p>\n<p>Cette politique de confidentialit\u00e9 d\u00e9crit comment Axtshade (le \u00ab Site \u00bb, \u00ab nous \u00bb, \u00ab notre \u00bb ou \u00ab notre \u00bb) collecte, utilise et divulgue vos informations personnelles lorsque vous visitez, utilisez nos services ou effectuez un achat sur axtshade.com. (le \u00ab Site \u00bb) ou communiquer autrement avec nous (collectivement, les \u00ab Services \u00bb). Aux fins de la pr\u00e9sente Politique de confidentialit\u00e9, \u00ab vous \u00bb et \u00ab votre \u00bb d\u00e9signent vous en tant qu&#039;utilisateur des Services, que vous soyez un client, un visiteur du site Web ou une autre personne dont nous avons collect\u00e9 les informations conform\u00e9ment \u00e0 la pr\u00e9sente Politique de confidentialit\u00e9.<\/p>\n<p>Veuillez lire attentivement cette politique de confidentialit\u00e9. En utilisant et en acc\u00e9dant \u00e0 l&#039;un des services, vous acceptez la collecte, l&#039;utilisation et la divulgation de vos informations comme d\u00e9crit dans la pr\u00e9sente politique de confidentialit\u00e9. Si vous n\u2019acceptez pas cette politique de confidentialit\u00e9, veuillez ne pas utiliser ni acc\u00e9der \u00e0 aucun des services.<\/p>\n<p><br><\/p>\n<p>Modifications de cette politique de confidentialit\u00e9&nbsp;<\/p>\n<p>Nous pouvons mettre \u00e0 jour cette politique de confidentialit\u00e9 de temps \u00e0 autre, notamment pour refl\u00e9ter des changements dans nos pratiques ou pour d&#039;autres raisons op\u00e9rationnelles, juridiques ou r\u00e9glementaires. Nous publierons la politique de confidentialit\u00e9 r\u00e9vis\u00e9e sur le site, mettrons \u00e0 jour la date de \u00ab derni\u00e8re mise \u00e0 jour \u00bb et prendrons toute autre mesure requise par la loi applicable.<\/p>\n<p>Comment nous collectons et utilisons vos informations personnelles&nbsp;<\/p>\n<p>Pour fournir les Services, nous collectons et avons collect\u00e9 au cours des 12 derniers mois des informations personnelles vous concernant \u00e0 partir de diverses sources, comme indiqu\u00e9 ci-dessous. Les informations que nous collectons et utilisons varient en fonction de la mani\u00e8re dont vous interagissez avec nous.<\/p>\n<p>En plus des utilisations sp\u00e9cifiques \u00e9nonc\u00e9es ci-dessous, nous pouvons utiliser les informations que nous collectons \u00e0 votre sujet pour communiquer avec vous, fournir les Services, nous conformer \u00e0 toutes les obligations l\u00e9gales applicables, faire respecter les conditions de service applicables et pour prot\u00e9ger ou d\u00e9fendre les Services, nos droits et les droits de nos utilisateurs ou de tiers.<\/p>\n<p>Quelles informations personnelles nous collectons<\/p>\n<p>Les types d&#039;informations personnelles que nous obtenons \u00e0 votre sujet d\u00e9pendent de la mani\u00e8re dont vous interagissez avec notre Site et utilisez nos Services. Lorsque nous utilisons le terme \u00ab informations personnelles \u00bb, nous faisons r\u00e9f\u00e9rence aux informations qui vous identifient, vous concernent, vous d\u00e9crivent ou peuvent \u00eatre associ\u00e9es \u00e0 vous. Les sections suivantes d\u00e9crivent les cat\u00e9gories et les types sp\u00e9cifiques d&#039;informations personnelles que nous collectons.<\/p>\n<p>Informations que nous collectons directement aupr\u00e8s de vous&nbsp;<\/p>\n<p>Les informations que vous nous soumettez directement via nos Services peuvent inclure\u00a0:<\/p>\n<p><ul><li>Coordonn\u00e9es de base, notamment votre nom, adresse, num\u00e9ro de t\u00e9l\u00e9phone, e-mail.&nbsp;<\/li><li>Informations de commande, notamment votre nom, adresse de facturation, adresse de livraison, confirmation de paiement, adresse e-mail, num\u00e9ro de t\u00e9l\u00e9phone.&nbsp;<\/li><li>Informations sur le compte, y compris votre nom d&#039;utilisateur, votre mot de passe et vos questions de s\u00e9curit\u00e9.&nbsp;<\/li><li>Informations d&#039;achat, y compris les articles que vous consultez, mettez dans votre panier ou ajoutez \u00e0 votre liste de souhaits.&nbsp;<\/li><li>Informations de support client, y compris les informations que vous choisissez d&#039;inclure dans les communications avec nous, par exemple, lors de l&#039;envoi d&#039;un message via les Services.&nbsp;<\/li><\/ul><\/p>\n\n\n\n\n<p>Certaines fonctionnalit\u00e9s des Services peuvent n\u00e9cessiter que vous nous fournissiez directement certaines informations vous concernant. Vous pouvez choisir de ne pas fournir ces informations, mais cela pourrait vous emp\u00eacher d&#039;utiliser ou d&#039;acc\u00e9der \u00e0 ces fonctionnalit\u00e9s.<\/p>\n<p>Informations que nous collectons via les cookies&nbsp;<\/p><p>Nous collectons \u00e9galement automatiquement certaines informations sur votre interaction avec les Services (\u00ab\u00a0Donn\u00e9es d&#039;utilisation\u00a0\u00bb). Pour ce faire, nous pouvons utiliser des cookies, des pixels et des technologies similaires (\u00ab Cookies \u00bb). Les donn\u00e9es d&#039;utilisation peuvent inclure des informations sur la fa\u00e7on dont vous acc\u00e9dez et utilisez notre site et votre compte, y compris des informations sur l&#039;appareil, des informations sur le navigateur, des informations sur votre connexion r\u00e9seau, votre adresse IP et d&#039;autres informations concernant votre interaction avec les services.<\/p>\n<p>Informations que nous obtenons de tiers&nbsp;<\/p><p>Enfin, nous pouvons obtenir des informations vous concernant aupr\u00e8s de tiers, notamment aupr\u00e8s de fournisseurs et de prestataires de services qui peuvent collecter des informations en notre nom, tels que\u00a0:<\/p>\n<p><ul><li>Nos processeurs de paiement, qui collectent des informations de paiement (par exemple, des informations sur le compte bancaire, la carte de cr\u00e9dit ou de d\u00e9bit, l&#039;adresse de facturation) pour traiter votre paiement afin d&#039;ex\u00e9cuter vos commandes et de vous fournir les produits ou services que vous avez demand\u00e9s, afin d&#039;ex\u00e9cuter notre contrat. avec toi.&nbsp;<\/li><li>Lorsque vous visitez notre site, ouvrez ou cliquez sur les e-mails que nous vous envoyons, ou interagissez avec nos services ou publicit\u00e9s, nous, ou des tiers avec lesquels nous travaillons, pouvons collecter automatiquement certaines informations \u00e0 l&#039;aide de technologies de suivi en ligne telles que les pixels, les balises Web, les d\u00e9veloppeurs de logiciels. kits, biblioth\u00e8ques tierces et cookies.&nbsp;<\/li><\/ul><\/p><p>Toute information que nous obtenons de tiers sera trait\u00e9e conform\u00e9ment \u00e0 la pr\u00e9sente politique de confidentialit\u00e9. Nous ne sommes pas responsables de l&#039;exactitude des informations qui nous sont fournies par des tiers et ne sommes pas responsables des politiques ou pratiques de tiers. Pour plus d&#039;informations, consultez la section ci-dessous, Sites Web et liens tiers.<\/p>\n<p>Comment utilisons-nous vos informations personnelles&nbsp;<\/p><p><ul><li>Fournir des produits et des services. Nous utilisons vos informations personnelles pour vous fournir les Services afin d&#039;ex\u00e9cuter notre contrat avec vous, notamment pour traiter vos paiements, ex\u00e9cuter vos commandes, pour vous envoyer des notifications relatives \u00e0 votre compte, vos achats, retours, \u00e9changes ou autres transactions, pour cr\u00e9er, maintenir et g\u00e9rer votre compte, organiser l&#039;exp\u00e9dition, faciliter les retours et les \u00e9changes et vous permettre de publier des avis.&nbsp;<\/li><li>Marketing et publicit\u00e9. Nous utilisons vos informations personnelles \u00e0 des fins de marketing et de promotion, par exemple pour envoyer des communications marketing, publicitaires et promotionnelles par courrier \u00e9lectronique, SMS ou courrier postal, et pour vous montrer des publicit\u00e9s pour des produits ou des services. Cela peut inclure l&#039;utilisation de vos informations personnelles pour mieux adapter les services et la publicit\u00e9 sur notre site et d&#039;autres sites Web.&nbsp;<\/li><li>S\u00e9curit\u00e9 et pr\u00e9vention de la fraude. Nous utilisons vos informations personnelles pour d\u00e9tecter, enqu\u00eater ou prendre des mesures concernant d&#039;\u00e9ventuelles activit\u00e9s frauduleuses, ill\u00e9gales ou malveillantes. Si vous choisissez d&#039;utiliser les Services et de cr\u00e9er un compte, vous \u00eates responsable de la s\u00e9curit\u00e9 des informations d&#039;identification de votre compte. Nous vous recommandons fortement de ne partager votre nom d&#039;utilisateur, votre mot de passe ou d&#039;autres informations d&#039;acc\u00e8s avec personne d&#039;autre. Si vous pensez que votre compte a \u00e9t\u00e9 compromis, veuillez nous contacter imm\u00e9diatement.&nbsp;<\/li><li>Communiquer avec vous. Nous utilisons vos informations personnelles pour vous fournir une assistance client et am\u00e9liorer nos services. Il en va de notre int\u00e9r\u00eat l\u00e9gitime de pouvoir vous r\u00e9pondre, de vous fournir des services efficaces et de maintenir notre relation commerciale avec vous.&nbsp;<\/li><\/ul><\/p><p>Biscuits&nbsp;<\/p><p>Comme de nombreux sites Web, nous utilisons des cookies sur notre Site. Nous utilisons des cookies pour alimenter et am\u00e9liorer notre site et nos services (y compris pour m\u00e9moriser vos actions et pr\u00e9f\u00e9rences), pour ex\u00e9cuter des analyses et mieux comprendre l&#039;interaction des utilisateurs avec les services (dans notre int\u00e9r\u00eat l\u00e9gitime d&#039;administrer, d&#039;am\u00e9liorer et d&#039;optimiser les services). Nous pouvons \u00e9galement autoriser des tiers et des fournisseurs de services \u00e0 utiliser des cookies sur notre site afin de mieux adapter les services, produits et publicit\u00e9s sur notre site et d&#039;autres sites Web.<\/p>\n<p>La plupart des navigateurs acceptent automatiquement les cookies par d\u00e9faut, mais vous pouvez choisir de configurer votre navigateur pour qu&#039;il supprime ou rejette les cookies via les contr\u00f4les de votre navigateur. Veuillez garder \u00e0 l\u2019esprit que la suppression ou le blocage des cookies peut avoir un impact n\u00e9gatif sur votre exp\u00e9rience utilisateur et peut entra\u00eener un dysfonctionnement ou une indisponibilit\u00e9 de certains services, y compris certaines fonctionnalit\u00e9s et fonctionnalit\u00e9s g\u00e9n\u00e9rales. De plus, le blocage des cookies peut ne pas emp\u00eacher compl\u00e8tement la mani\u00e8re dont nous partageons des informations avec des tiers tels que nos partenaires publicitaires.<\/p>\n<p>Comment nous divulguons les informations personnelles&nbsp;<\/p><p>Dans certaines circonstances, nous pouvons divulguer vos informations personnelles \u00e0 des tiers \u00e0 des fins l\u00e9gitimes, sous r\u00e9serve de la pr\u00e9sente politique de confidentialit\u00e9. De telles circonstances peuvent inclure\u00a0:<\/p>\n<p><ul><li>Avec des fournisseurs ou d&#039;autres tiers qui fournissent des services en notre nom (par exemple, gestion informatique, traitement des paiements, analyse de donn\u00e9es, support client, stockage dans le cloud, traitement et exp\u00e9dition).&nbsp;<\/li><li>Lorsque vous nous demandez ou consentez de toute autre mani\u00e8re \u00e0 ce que nous divulguions certaines informations \u00e0 des tiers, par exemple pour vous exp\u00e9dier des produits ou via votre utilisation de widgets de m\u00e9dias sociaux ou d&#039;int\u00e9grations de connexion, avec votre consentement.&nbsp;<\/li><li>Avec nos soci\u00e9t\u00e9s affili\u00e9es ou autrement au sein de notre groupe d&#039;entreprises, dans notre int\u00e9r\u00eat l\u00e9gitime de g\u00e9rer une entreprise prosp\u00e8re.&nbsp;<\/li><li>Dans le cadre d&#039;une transaction commerciale telle qu&#039;une fusion ou une faillite, pour se conformer \u00e0 toutes les obligations l\u00e9gales applicables (y compris pour r\u00e9pondre aux assignations \u00e0 compara\u00eetre, aux mandats de perquisition et aux demandes similaires), pour faire respecter les conditions de service applicables et pour prot\u00e9ger ou d\u00e9fendre les Services, nos droits et les droits de nos utilisateurs ou de tiers.&nbsp;<\/li><\/ul><\/p><p>Au cours des 12 derniers mois, nous avons divulgu\u00e9 les cat\u00e9gories suivantes d&#039;informations personnelles et d&#039;informations personnelles sensibles (indiqu\u00e9es par *) sur les utilisateurs aux fins \u00e9nonc\u00e9es ci-dessus dans \u00ab Comment nous collectons et utilisons vos informations personnelles \u00bb et \u00ab Comment nous divulguons les informations personnelles. \u00bb\u00a0:<\/p>\n<table>\n<thead>\n<tr>\n<th>Cat\u00e9gorie<\/th>\n<th>Cat\u00e9gories de destinataires<\/th>\n<\/tr>\n<\/thead>\n<tbody>\n<tr>\n<td>Identifiants tels que les coordonn\u00e9es de base et certaines informations de commande et de compte<\/td>\n<td>Fournisseurs et tiers qui fournissent des services en notre nom (tels que les fournisseurs de services Internet, les processeurs de paiement, les partenaires d&#039;ex\u00e9cution, les partenaires de support client et les fournisseurs d&#039;analyse de donn\u00e9es), les partenaires commerciaux et marketing, les soci\u00e9t\u00e9s affili\u00e9es.<\/td>\n<\/tr>\n<tr>\n<td>Informations commerciales telles que les informations de commande, les informations d&#039;achat et les informations de support client<\/td>\n<td>Fournisseurs et tiers qui fournissent des services en notre nom (tels que les fournisseurs de services Internet, les processeurs de paiement, les partenaires d&#039;ex\u00e9cution, les partenaires de support client et les fournisseurs d&#039;analyse de donn\u00e9es), les partenaires commerciaux et marketing, les soci\u00e9t\u00e9s affili\u00e9es.<\/td>\n<\/tr>\n<tr>\n<td>Internet ou toute autre activit\u00e9 r\u00e9seau similaire, telle que les donn\u00e9es d&#039;utilisation<\/td>\n<td>Fournisseurs et tiers qui fournissent des services en notre nom (tels que les fournisseurs de services Internet, les processeurs de paiement, les partenaires d&#039;ex\u00e9cution, les partenaires de support client et les fournisseurs d&#039;analyse de donn\u00e9es), les partenaires commerciaux et marketing, les soci\u00e9t\u00e9s affili\u00e9es.<\/td>\n<\/tr>\n<\/tbody>\n<\/table>\n<p>Nous n&#039;utilisons ni ne divulguons d&#039;informations personnelles sensibles dans le but de d\u00e9duire des caract\u00e9ristiques vous concernant.<\/p>\n<p>Contenu g\u00e9n\u00e9r\u00e9 par l&#039;utilisateur&nbsp;<\/p><p>Les Services peuvent vous permettre de publier des critiques de produits et d&#039;autres contenus g\u00e9n\u00e9r\u00e9s par les utilisateurs. Si vous choisissez de soumettre du contenu g\u00e9n\u00e9r\u00e9 par l&#039;utilisateur \u00e0 n&#039;importe quelle zone publique des Services, ce contenu sera public et accessible \u00e0 tous.<\/p>\n<p>Nous ne contr\u00f4lons pas qui aura acc\u00e8s aux informations que vous choisissez de mettre \u00e0 la disposition des autres et ne pouvons pas garantir que les parties qui ont acc\u00e8s \u00e0 ces informations respecteront votre vie priv\u00e9e ou la garderont en s\u00e9curit\u00e9. Nous ne sommes pas responsables de la confidentialit\u00e9 ou de la s\u00e9curit\u00e9 des informations que vous rendez publiques, ni de l&#039;exactitude, de l&#039;utilisation ou de la mauvaise utilisation de toute information que vous divulguez ou recevez de tiers.<\/p>\n<p>Sites Web et liens tiers<\/p><p>Notre Site peut fournir des liens vers des sites Web ou d&#039;autres plateformes en ligne exploit\u00e9es par des tiers. Si vous suivez des liens vers des sites non affili\u00e9s ou non contr\u00f4l\u00e9s par nous, vous devez consulter leurs politiques de confidentialit\u00e9 et de s\u00e9curit\u00e9 ainsi que leurs autres termes et conditions. Nous ne garantissons pas et ne sommes pas responsables de la confidentialit\u00e9 ou de la s\u00e9curit\u00e9 de ces sites, y compris de l&#039;exactitude, de l&#039;exhaustivit\u00e9 ou de la fiabilit\u00e9 des informations trouv\u00e9es sur ces sites. Les informations que vous fournissez sur des lieux publics ou semi-publics, y compris les informations que vous partagez sur des plateformes de r\u00e9seaux sociaux tierces, peuvent \u00e9galement \u00eatre visibles par d&#039;autres utilisateurs des Services et\/ou par les utilisateurs de ces plateformes tierces, sans limitation quant \u00e0 leur utilisation par nous. ou par un tiers. Notre inclusion de tels liens n&#039;implique pas, en soi, une approbation du contenu de ces plateformes ou de leurs propri\u00e9taires ou op\u00e9rateurs, sauf dans les cas divulgu\u00e9s sur les Services.<\/p>\n<p>Donn\u00e9es sur les enfants&nbsp;<\/p><p>Les Services ne sont pas destin\u00e9s \u00e0 \u00eatre utilis\u00e9s par des enfants et nous ne collectons sciemment aucune information personnelle sur les enfants. Si vous \u00eates le parent ou le tuteur d&#039;un enfant qui nous a fourni ses informations personnelles, vous pouvez nous contacter en utilisant les coordonn\u00e9es indiqu\u00e9es ci-dessous pour demander leur suppression.<\/p>\n<p>\u00c0 la date d\u2019entr\u00e9e en vigueur de la pr\u00e9sente politique de confidentialit\u00e9, nous ne savons pas r\u00e9ellement que nous \u00ab partageons \u00bb ou \u00ab vendons \u00bb (tels que ces termes sont d\u00e9finis dans la loi applicable) les informations personnelles de personnes de moins de 16 ans.<\/p>\n<p>S\u00e9curit\u00e9 et conservation de vos informations&nbsp;<\/p><p>Sachez qu\u2019aucune mesure de s\u00e9curit\u00e9 n\u2019est parfaite ou imp\u00e9n\u00e9trable et que nous ne pouvons pas garantir une \u00ab s\u00e9curit\u00e9 parfaite \u00bb. De plus, toutes les informations que vous nous envoyez peuvent ne pas \u00eatre s\u00e9curis\u00e9es pendant leur transit. Nous vous recommandons de ne pas utiliser de canaux non s\u00e9curis\u00e9s pour nous communiquer des informations sensibles ou confidentielles.<\/p>\n<p>La dur\u00e9e de conservation de vos informations personnelles d\u00e9pend de diff\u00e9rents facteurs, par exemple si nous avons besoin de ces informations pour g\u00e9rer votre compte, fournir les Services, respecter les obligations l\u00e9gales, r\u00e9soudre des litiges ou faire appliquer d&#039;autres contrats et politiques applicables.<\/p>\n<p>Vos droits et choix&nbsp;<\/p><p>Selon l&#039;endroit o\u00f9 vous vivez, vous pouvez b\u00e9n\u00e9ficier de tout ou partie des droits \u00e9num\u00e9r\u00e9s ci-dessous concernant vos informations personnelles. Toutefois, ces droits ne sont pas absolus et ne peuvent s&#039;appliquer que dans certaines circonstances et, dans certains cas, nous pouvons refuser votre demande comme le permet la loi.<\/p>\n<p><ul><li>Droit d\u2019acc\u00e8s\/connaissance. Vous pouvez avoir le droit de demander l&#039;acc\u00e8s aux informations personnelles que nous d\u00e9tenons \u00e0 votre sujet, y compris les d\u00e9tails relatifs \u00e0 la mani\u00e8re dont nous utilisons et partageons vos informations.&nbsp;<\/li><li>Droit de suppression. Vous pouvez avoir le droit de demander que nous supprimions les informations personnelles que nous conservons \u00e0 votre sujet.&nbsp;<\/li><li>Droit de corriger. Vous pouvez avoir le droit de nous demander de corriger les informations personnelles inexactes que nous conservons \u00e0 votre sujet.&nbsp;<\/li><li>Droit \u00e0 la portabilit\u00e9. Vous pouvez avoir le droit de recevoir une copie des informations personnelles que nous d\u00e9tenons \u00e0 votre sujet et de demander que nous les transf\u00e9rions \u00e0 un tiers, dans certaines circonstances et avec certaines exceptions.&nbsp;<\/li><li>Restriction du traitement\u00a0: vous pouvez avoir le droit de nous demander d&#039;arr\u00eater ou de restreindre notre traitement des informations personnelles.&nbsp;<\/li><li>Retrait du consentement\u00a0: lorsque nous comptons sur le consentement pour traiter vos informations personnelles, vous pouvez avoir le droit de retirer ce consentement.&nbsp;<\/li><li>Appel\u00a0: Vous pouvez avoir le droit de faire appel de notre d\u00e9cision si nous refusons de traiter votre demande. Vous pouvez le faire en r\u00e9pondant directement \u00e0 notre refus.&nbsp;<\/li><li>Gestion des pr\u00e9f\u00e9rences de communication\u00a0: nous pouvons vous envoyer des e-mails promotionnels, et vous pouvez refuser de les recevoir \u00e0 tout moment en utilisant l&#039;option de d\u00e9sabonnement affich\u00e9e dans nos e-mails. Si vous vous d\u00e9sabonnez, nous pouvons toujours vous envoyer des e-mails non promotionnels, tels que ceux concernant votre compte ou les commandes que vous avez pass\u00e9es.&nbsp;<\/li><\/ul><\/p><p>Vous pouvez exercer n&#039;importe lequel de ces droits lorsque cela est indiqu\u00e9 sur notre site ou en nous contactant en utilisant les coordonn\u00e9es fournies ci-dessous.<\/p>\n<p>Nous ne ferons aucune discrimination \u00e0 votre \u00e9gard pour l\u2019exercice de l\u2019un de ces droits. Nous pouvons avoir besoin de collecter des informations aupr\u00e8s de vous pour v\u00e9rifier votre identit\u00e9, telles que votre adresse e-mail ou les informations de votre compte, avant de fournir une r\u00e9ponse substantielle \u00e0 la demande. Conform\u00e9ment aux lois applicables, vous pouvez d\u00e9signer un agent autoris\u00e9 pour faire des demandes en votre nom afin d&#039;exercer vos droits. Avant d&#039;accepter une telle demande d&#039;un agent, nous exigerons que l&#039;agent fournisse la preuve que vous l&#039;avez autoris\u00e9 \u00e0 agir en votre nom, et nous pourrons avoir besoin que vous v\u00e9rifiiez votre identit\u00e9 directement avec nous. Nous r\u00e9pondrons \u00e0 votre demande dans les meilleurs d\u00e9lais, comme l&#039;exige la loi applicable.<\/p>\n<p>Plaintes&nbsp;<\/p><p>Si vous avez des plaintes concernant la fa\u00e7on dont nous traitons vos informations personnelles, veuillez nous contacter en utilisant les coordonn\u00e9es fournies ci-dessous. Si vous n&#039;\u00eates pas satisfait de notre r\u00e9ponse \u00e0 votre plainte, selon l&#039;endroit o\u00f9 vous r\u00e9sidez, vous pouvez avoir le droit de faire appel de notre d\u00e9cision en nous contactant en utilisant les coordonn\u00e9es indiqu\u00e9es ci-dessous, ou de d\u00e9poser votre plainte aupr\u00e8s de votre autorit\u00e9 locale de protection des donn\u00e9es.<\/p>\n<p>Utilisateurs internationaux&nbsp;<\/p><p>Veuillez noter que nous pouvons transf\u00e9rer, stocker et traiter vos informations personnelles en dehors du pays dans lequel vous r\u00e9sidez, y compris les \u00c9tats-Unis. Vos informations personnelles sont \u00e9galement trait\u00e9es par le personnel et par des prestataires de services et partenaires tiers dans ces pays.<\/p>\n<p>Si nous transf\u00e9rons vos informations personnelles hors d&#039;Europe, nous nous appuierons sur des m\u00e9canismes de transfert reconnus tels que les clauses contractuelles types de la Commission europ\u00e9enne ou tout contrat \u00e9quivalent \u00e9mis par l&#039;autorit\u00e9 comp\u00e9tente du Royaume-Uni, le cas \u00e9ch\u00e9ant, sauf si le transfert de donn\u00e9es s&#039;effectue vers un pays. qui a \u00e9t\u00e9 d\u00e9termin\u00e9 pour fournir un niveau de protection ad\u00e9quat.<\/p>\n<p>Contact&nbsp;<\/p><p>Si vous avez des questions sur nos pratiques de confidentialit\u00e9 ou sur cette politique de confidentialit\u00e9, ou si vous souhaitez exercer l&#039;un des droits dont vous disposez, envoyez-nous un e-mail \u00e0 <a rel=\"noreferrer\">info@axtshade.com<\/a> ou contactez-nous \u00e0 Carrer del Consell de Cent 394, 08009 Barcelone, Barcelone, Espa\u00f1a.<\/p>\t\t\t\t\t\t\t\t<\/div>\n\t\t\t\t<\/div>\n\t\t\t\t\t<\/div>\n\t\t\t\t<\/div>\n\t\t\t\t<\/div>","protected":false},"excerpt":{"rendered":"<p>Last updated: 25\/07\/2023 This Privacy Policy describes how Axtshade (the \u201cSite\u201c, \u201cwe\u201c, \u201cus\u201c, or \u201cour\u201c) collects, uses, and discloses your<\/p>","protected":false},"author":1,"featured_media":0,"parent":0,"menu_order":0,"comment_status":"closed","ping_status":"closed","template":"elementor_header_footer","meta":{"footnotes":""},"class_list":["post-16043","page","type-page","status-publish","hentry"],"_links":{"self":[{"href":"https:\/\/axtshade.com\/fr\/wp-json\/wp\/v2\/pages\/16043","targetHints":{"allow":["GET"]}}],"collection":[{"href":"https:\/\/axtshade.com\/fr\/wp-json\/wp\/v2\/pages"}],"about":[{"href":"https:\/\/axtshade.com\/fr\/wp-json\/wp\/v2\/types\/page"}],"author":[{"embeddable":true,"href":"https:\/\/axtshade.com\/fr\/wp-json\/wp\/v2\/users\/1"}],"replies":[{"embeddable":true,"href":"https:\/\/axtshade.com\/fr\/wp-json\/wp\/v2\/comments?post=16043"}],"version-history":[{"count":4,"href":"https:\/\/axtshade.com\/fr\/wp-json\/wp\/v2\/pages\/16043\/revisions"}],"predecessor-version":[{"id":16047,"href":"https:\/\/axtshade.com\/fr\/wp-json\/wp\/v2\/pages\/16043\/revisions\/16047"}],"wp:attachment":[{"href":"https:\/\/axtshade.com\/fr\/wp-json\/wp\/v2\/media?parent=16043"}],"curies":[{"name":"wp","href":"https:\/\/api.w.org\/{rel}","templated":true}]}}