{"id":16048,"date":"2024-07-10T17:16:21","date_gmt":"2024-07-10T15:16:21","guid":{"rendered":"https:\/\/axtshade.com\/?page_id=16048"},"modified":"2024-07-10T17:17:07","modified_gmt":"2024-07-10T15:17:07","slug":"refund-policy","status":"publish","type":"page","link":"https:\/\/axtshade.com\/fr\/refund-policy\/","title":{"rendered":"Politique de remboursement"},"content":{"rendered":"<div data-elementor-type=\"wp-page\" data-elementor-id=\"16048\" class=\"elementor elementor-16048\" data-elementor-post-type=\"page\">\n\t\t\t\t<div class=\"wd-negative-gap elementor-element elementor-element-1ec5d8e e-flex e-con-boxed e-con e-parent\" data-id=\"1ec5d8e\" data-element_type=\"container\" data-e-type=\"container\">\n\t\t\t\t\t<div class=\"e-con-inner\">\n\t\t\t\t<div class=\"elementor-element elementor-element-b787fd5 color-scheme-inherit text-left elementor-widget elementor-widget-text-editor\" data-id=\"b787fd5\" data-element_type=\"widget\" data-e-type=\"widget\" data-widget_type=\"text-editor.default\">\n\t\t\t\t<div class=\"elementor-widget-container\">\n\t\t\t\t\t\t\t\t\t<p>Conform\u00e9ment \u00e0 notre politique de remboursement, afin de vous offrir une exp\u00e9rience d&#039;achat encore meilleure, nous acceptons les retours dans les 20 jours suivant la date de r\u00e9ception de votre produit \u00e0 votre domicile. Nous voulons nous assurer que vous \u00eates satisfait de votre achat, c&#039;est pourquoi nous avons simplifi\u00e9 le processus de retour.<\/p><p>Nous prenons grand soin de garantir la qualit\u00e9 de nos produits et chaque article fabriqu\u00e9 sur mesure est con\u00e7u pour r\u00e9pondre \u00e0 vos besoins et pr\u00e9f\u00e9rences uniques. Par cons\u00e9quent, nous vous demandons de bien vouloir examiner attentivement votre commande avant de proc\u00e9der \u00e0 un achat.<\/p><p>Pour profiter de cette option de retour sp\u00e9ciale, veuillez suivre ces \u00e9tapes :<\/p><p><strong>Contactez-nous:<\/strong><\/p><p>Si vous souhaitez retourner un produit, veuillez nous contacter dans les 14 jours suivant la r\u00e9ception. Veuillez expliquer les raisons de votre retour afin que nous puissions vous apporter la meilleure assistance possible.<\/p><p><strong>\u00c9tat du produit :<\/strong><\/p><p>Assurez-vous que le produit est en parfait \u00e9tat. Il doit fonctionner correctement, \u00eatre propre et exempt de dommages, rayures, bosses ou abrasions.<\/p><p><strong>Emballage d&#039;origine :<\/strong><\/p><p>Renvoyez le produit dans son emballage d&#039;origine. Veillez \u00e0 le plier exactement comme il est arriv\u00e9 et \u00e0 inclure tous les accessoires et emballages qui \u00e9taient pr\u00e9sents au moment de la livraison.<\/p><p><strong>Frais de retour :<\/strong><\/p><p>Si le motif du retour est que le produit est endommag\u00e9 ou d\u00e9fectueux, l&#039;entreprise prendra en charge les frais de retour. Nous souhaitons rem\u00e9dier \u00e0 tout probl\u00e8me que vous pourriez rencontrer avec nos produits.<\/p><p>Si le retour est d\u00fb au fait que le produit ne correspond pas \u00e0 vos pr\u00e9f\u00e9rences ou simplement \u00e0 un changement d&#039;avis, vous serez responsable de la prise en charge des frais de retour.<\/p><p>Une fois que nous aurons re\u00e7u et \u00e9valu\u00e9 votre retour, nous vous informerons de son statut et proc\u00e9derons comme suit :<\/p><p><strong>Processus de remboursement :<\/strong><\/p><p>Si le retour r\u00e9pond aux exigences mentionn\u00e9es et est approuv\u00e9, nous traiterons le remboursement sur votre mode de paiement d&#039;origine dans les 10 jours ouvrables.<\/p><p>Si vous avez des questions ou besoin d&#039;informations suppl\u00e9mentaires concernant votre retour, n&#039;h\u00e9sitez pas \u00e0 nous contacter \u00e0 <a rel=\"noreferrer\">info@axtshade.com<\/a>Nous sommes l\u00e0 pour vous aider \u00e0 vivre une exp\u00e9rience d&#039;achat satisfaisante.<\/p><p>Nous appr\u00e9cions votre confiance et esp\u00e9rons continuer \u00e0 vous servir de la meilleure fa\u00e7on possible.<\/p>\t\t\t\t\t\t\t\t<\/div>\n\t\t\t\t<\/div>\n\t\t\t\t\t<\/div>\n\t\t\t\t<\/div>\n\t\t\t\t<\/div>","protected":false},"excerpt":{"rendered":"<p>According to our refund policy, in order to provide you with an even better shopping experience, we accept returns within<\/p>","protected":false},"author":1,"featured_media":0,"parent":0,"menu_order":0,"comment_status":"closed","ping_status":"closed","template":"elementor_header_footer","meta":{"footnotes":""},"class_list":["post-16048","page","type-page","status-publish","hentry"],"_links":{"self":[{"href":"https:\/\/axtshade.com\/fr\/wp-json\/wp\/v2\/pages\/16048","targetHints":{"allow":["GET"]}}],"collection":[{"href":"https:\/\/axtshade.com\/fr\/wp-json\/wp\/v2\/pages"}],"about":[{"href":"https:\/\/axtshade.com\/fr\/wp-json\/wp\/v2\/types\/page"}],"author":[{"embeddable":true,"href":"https:\/\/axtshade.com\/fr\/wp-json\/wp\/v2\/users\/1"}],"replies":[{"embeddable":true,"href":"https:\/\/axtshade.com\/fr\/wp-json\/wp\/v2\/comments?post=16048"}],"version-history":[{"count":4,"href":"https:\/\/axtshade.com\/fr\/wp-json\/wp\/v2\/pages\/16048\/revisions"}],"predecessor-version":[{"id":16052,"href":"https:\/\/axtshade.com\/fr\/wp-json\/wp\/v2\/pages\/16048\/revisions\/16052"}],"wp:attachment":[{"href":"https:\/\/axtshade.com\/fr\/wp-json\/wp\/v2\/media?parent=16048"}],"curies":[{"name":"wp","href":"https:\/\/api.w.org\/{rel}","templated":true}]}}