{"id":16094,"date":"2024-07-17T16:09:51","date_gmt":"2024-07-17T14:09:51","guid":{"rendered":"https:\/\/axtshade.com\/?post_type=product&#038;p=16094"},"modified":"2025-11-07T21:58:04","modified_gmt":"2025-11-07T20:58:04","slug":"custom-sun-shade-sails-rectangle","status":"publish","type":"product","link":"https:\/\/axtshade.com\/fr\/producto\/custom-sun-shade-sails-rectangle\/","title":{"rendered":"Voiles d&#039;ombrage \u2013 Rectangulaire"},"content":{"rendered":"<div data-elementor-type=\"product-post\" data-elementor-id=\"16094\" class=\"elementor elementor-16094\" data-elementor-post-type=\"product\">\n\t\t\t\t<div class=\"wd-negative-gap elementor-element elementor-element-671fd65e e-flex e-con-boxed e-con e-parent\" data-id=\"671fd65e\" data-element_type=\"container\" data-e-type=\"container\">\n\t\t\t\t\t<div class=\"e-con-inner\">\n\t\t<div class=\"elementor-element elementor-element-e127a6d e-con-full e-flex e-con e-child\" data-id=\"e127a6d\" data-element_type=\"container\" data-e-type=\"container\">\n\t\t\t\t<div class=\"elementor-element elementor-element-40314673 elementor-widget__width-initial color-scheme-inherit text-left elementor-widget elementor-widget-text-editor\" data-id=\"40314673\" data-element_type=\"widget\" data-e-type=\"widget\" data-widget_type=\"text-editor.default\">\n\t\t\t\t<div class=\"elementor-widget-container\">\n\t\t\t\t\t\t\t\t\t<strong>Solution d&#039;ombre id\u00e9ale<\/strong>: Parfait pour une utilisation dans les patios, pelouses, jardins, piscines, terrasses, parcs, garages ou autres espaces ext\u00e9rieurs. Vous garde au frais pendant les chaudes journ\u00e9es d&#039;\u00e9t\u00e9, offrant une zone s\u00fbre et prot\u00e9g\u00e9e des rayons UV.\u00a0<strong>Garantie de haute qualit\u00e9<\/strong>: L&#039;auvent est fabriqu\u00e9 en fibre de polyester haute densit\u00e9 avec rev\u00eatement PU, ce qui le rend r\u00e9sistant \u00e0 l&#039;humidit\u00e9, \u00e0 la moisissure et aux taches.\u00a0<strong>Protection UV 95%<\/strong>: Le tissu imperm\u00e9able offre une protection efficace contre les rayons nocifs du soleil, avec un indice de protection solaire (UPF) de 50+. Prot\u00e8ge votre peau des effets nocifs du soleil.\u00a0<strong>Construction durable<\/strong>: Con\u00e7u avec des bords concaves pour une meilleure tension et des anneaux en D en acier inoxydable 316 \u00e0 chaque coin pour plus de solidit\u00e9. Le ruban \u00e9pais tiss\u00e9 autour du bord de la voile offre une stabilit\u00e9 suppl\u00e9mentaire. De plus, les bords sont dot\u00e9s de coutures renforc\u00e9es \u00e0 double \u00e9paisseur pour \u00e9viter l&#039;effilochage et la d\u00e9formation.\u00a0<strong>Installation facile<\/strong>: Il se mesure d&#039;anneau en D \u00e0 anneau en D, et il est recommand\u00e9 de laisser un espace de 30 \u00e0 45 cm entre le point de fixation et la voile pour l&#039;accastillage ou la corde. La couture du tissu pointe vers le bas et un angle de montage de 20 \u00e0 40 degr\u00e9s est sugg\u00e9r\u00e9 pour une tension maximale. Permet un drainage rapide de l&#039;eau.\t\t\t\t\t\t\t\t<\/div>\n\t\t\t\t<\/div>\n\t\t\t\t<div class=\"elementor-element elementor-element-ca04a5a elementor-widget__width-initial color-scheme-inherit text-left elementor-widget elementor-widget-text-editor\" data-id=\"ca04a5a\" data-element_type=\"widget\" data-e-type=\"widget\" data-widget_type=\"text-editor.default\">\n\t\t\t\t<div class=\"elementor-widget-container\">\n\t\t\t\t\t\t\t\t\t<h2>Contenu du colis:<\/h2><ul><li>1x voile d&#039;ombrage personnalis\u00e9e<\/li><li>Corde 4x 5 pieds<\/li><li>1x manuel d&#039;instructions<\/li><\/ul>\t\t\t\t\t\t\t\t<\/div>\n\t\t\t\t<\/div>\n\t\t\t\t<\/div>\n\t\t<div class=\"elementor-element elementor-element-52f55a2 e-con-full e-flex e-con e-child\" data-id=\"52f55a2\" data-element_type=\"container\" data-e-type=\"container\">\n\t\t\t\t<div class=\"elementor-element elementor-element-3d68c02 elementor-widget elementor-widget-heading\" data-id=\"3d68c02\" data-element_type=\"widget\" data-e-type=\"widget\" data-widget_type=\"heading.default\">\n\t\t\t\t<div class=\"elementor-widget-container\">\n\t\t\t\t\t<h4 class=\"elementor-heading-title elementor-size-default\">Imperm\u00e9able ou respirant<\/h4>\t\t\t\t<\/div>\n\t\t\t\t<\/div>\n\t\t\t\t<div class=\"elementor-element elementor-element-29f3a68 elementor-widget__width-initial elementor-widget elementor-widget-gallery\" data-id=\"29f3a68\" data-element_type=\"widget\" data-e-type=\"widget\" data-settings=\"{&quot;columns&quot;:1,&quot;columns_mobile&quot;:2,&quot;aspect_ratio&quot;:&quot;1:1&quot;,&quot;lazyload&quot;:&quot;yes&quot;,&quot;gallery_layout&quot;:&quot;grid&quot;,&quot;columns_tablet&quot;:2,&quot;gap&quot;:{&quot;unit&quot;:&quot;px&quot;,&quot;size&quot;:10,&quot;sizes&quot;:[]},&quot;gap_tablet&quot;:{&quot;unit&quot;:&quot;px&quot;,&quot;size&quot;:10,&quot;sizes&quot;:[]},&quot;gap_mobile&quot;:{&quot;unit&quot;:&quot;px&quot;,&quot;size&quot;:10,&quot;sizes&quot;:[]},&quot;link_to&quot;:&quot;file&quot;,&quot;overlay_background&quot;:&quot;yes&quot;,&quot;content_hover_animation&quot;:&quot;fade-in&quot;}\" data-widget_type=\"gallery.default\">\n\t\t\t\t<div class=\"elementor-widget-container\">\n\t\t\t\t\t\t\t<div class=\"elementor-gallery__container\">\n\t\t\t\t\t\t\t<a class=\"e-gallery-item elementor-gallery-item elementor-animated-content\" href=\"https:\/\/axtshade.com\/wp-content\/uploads\/2024\/07\/custom_made_triangle_fabric.webp\" data-elementor-open-lightbox=\"yes\" data-elementor-lightbox-slideshow=\"29f3a68\" data-elementor-lightbox-title=\"custom_made_triangle_fabric\" data-e-action-hash=\"#elementor-action%3Aaction%3Dlightbox%26settings%3DeyJpZCI6MTU5MDMsInVybCI6Imh0dHBzOlwvXC9heHRzaGFkZS5jb21cL3dwLWNvbnRlbnRcL3VwbG9hZHNcLzIwMjRcLzA3XC9jdXN0b21fbWFkZV90cmlhbmdsZV9mYWJyaWMud2VicCIsInNsaWRlc2hvdyI6IjI5ZjNhNjgifQ%3D%3D\">\n\t\t\t\t\t<div class=\"e-gallery-image elementor-gallery-item__image\" data-thumbnail=\"https:\/\/axtshade.com\/wp-content\/uploads\/2024\/07\/custom_made_triangle_fabric.webp\" data-width=\"640\" data-height=\"640\" aria-label=\"\" role=\"img\" ><\/div>\n\t\t\t\t\t\t\t\t\t\t\t<div class=\"elementor-gallery-item__overlay\"><\/div>\n\t\t\t\t\t\t\t\t\t\t\t\t\t\t<\/a>\n\t\t\t\t\t<\/div>\n\t\t\t\t\t<\/div>\n\t\t\t\t<\/div>\n\t\t\t\t<\/div>\n\t\t<div class=\"elementor-element elementor-element-490384a e-con-full e-flex e-con e-child\" data-id=\"490384a\" data-element_type=\"container\" data-e-type=\"container\" id=\"mea\">\n\t\t\t\t<div class=\"elementor-element elementor-element-0d1b20b elementor-widget elementor-widget-heading\" data-id=\"0d1b20b\" data-element_type=\"widget\" data-e-type=\"widget\" data-widget_type=\"heading.default\">\n\t\t\t\t<div class=\"elementor-widget-container\">\n\t\t\t\t\t<h4 class=\"elementor-heading-title elementor-size-default\">Mesure de la taille et installation<\/h4>\t\t\t\t<\/div>\n\t\t\t\t<\/div>\n\t\t\t\t<div class=\"elementor-element elementor-element-2c44007 elementor-widget elementor-widget-gallery\" data-id=\"2c44007\" data-element_type=\"widget\" data-e-type=\"widget\" data-settings=\"{&quot;columns&quot;:2,&quot;columns_mobile&quot;:2,&quot;aspect_ratio&quot;:&quot;1:1&quot;,&quot;lazyload&quot;:&quot;yes&quot;,&quot;gallery_layout&quot;:&quot;grid&quot;,&quot;columns_tablet&quot;:2,&quot;gap&quot;:{&quot;unit&quot;:&quot;px&quot;,&quot;size&quot;:10,&quot;sizes&quot;:[]},&quot;gap_tablet&quot;:{&quot;unit&quot;:&quot;px&quot;,&quot;size&quot;:10,&quot;sizes&quot;:[]},&quot;gap_mobile&quot;:{&quot;unit&quot;:&quot;px&quot;,&quot;size&quot;:10,&quot;sizes&quot;:[]},&quot;link_to&quot;:&quot;file&quot;,&quot;overlay_background&quot;:&quot;yes&quot;,&quot;content_hover_animation&quot;:&quot;fade-in&quot;}\" data-widget_type=\"gallery.default\">\n\t\t\t\t<div class=\"elementor-widget-container\">\n\t\t\t\t\t\t\t<div class=\"elementor-gallery__container\">\n\t\t\t\t\t\t\t<a class=\"e-gallery-item elementor-gallery-item elementor-animated-content\" href=\"https:\/\/axtshade.com\/wp-content\/uploads\/2024\/07\/71XKe7UpD9L._AC_SL1500_.jpg\" data-elementor-open-lightbox=\"yes\" data-elementor-lightbox-slideshow=\"2c44007\" data-elementor-lightbox-title=\"71XKe7UpD9L._AC_SL1500_\" data-e-action-hash=\"#elementor-action%3Aaction%3Dlightbox%26settings%3DeyJpZCI6MTU4OTQsInVybCI6Imh0dHBzOlwvXC9heHRzaGFkZS5jb21cL3dwLWNvbnRlbnRcL3VwbG9hZHNcLzIwMjRcLzA3XC83MVhLZTdVcEQ5TC5fQUNfU0wxNTAwXy5qcGciLCJzbGlkZXNob3ciOiIyYzQ0MDA3In0%3D\">\n\t\t\t\t\t<div class=\"e-gallery-image elementor-gallery-item__image\" data-thumbnail=\"https:\/\/axtshade.com\/wp-content\/uploads\/2024\/07\/71XKe7UpD9L._AC_SL1500_-832x800.jpg\" data-width=\"832\" data-height=\"800\" aria-label=\"\" role=\"img\" ><\/div>\n\t\t\t\t\t\t\t\t\t\t\t<div class=\"elementor-gallery-item__overlay\"><\/div>\n\t\t\t\t\t\t\t\t\t\t\t\t\t\t<\/a>\n\t\t\t\t\t\t\t<a class=\"e-gallery-item elementor-gallery-item elementor-animated-content\" href=\"https:\/\/axtshade.com\/wp-content\/uploads\/2024\/07\/71CLbAXXHkL._AC_SL1500_.jpg\" data-elementor-open-lightbox=\"yes\" data-elementor-lightbox-slideshow=\"2c44007\" data-elementor-lightbox-title=\"71CLbAXXHkL._AC_SL1500_\" data-e-action-hash=\"#elementor-action%3Aaction%3Dlightbox%26settings%3DeyJpZCI6MTU4OTMsInVybCI6Imh0dHBzOlwvXC9heHRzaGFkZS5jb21cL3dwLWNvbnRlbnRcL3VwbG9hZHNcLzIwMjRcLzA3XC83MUNMYkFYWEhrTC5fQUNfU0wxNTAwXy5qcGciLCJzbGlkZXNob3ciOiIyYzQ0MDA3In0%3D\">\n\t\t\t\t\t<div class=\"e-gallery-image elementor-gallery-item__image\" data-thumbnail=\"https:\/\/axtshade.com\/wp-content\/uploads\/2024\/07\/71CLbAXXHkL._AC_SL1500_-817x800.jpg\" data-width=\"817\" data-height=\"800\" aria-label=\"\" role=\"img\" ><\/div>\n\t\t\t\t\t\t\t\t\t\t\t<div class=\"elementor-gallery-item__overlay\"><\/div>\n\t\t\t\t\t\t\t\t\t\t\t\t\t\t<\/a>\n\t\t\t\t\t<\/div>\n\t\t\t\t\t<\/div>\n\t\t\t\t<\/div>\n\t\t\t\t<\/div>\n\t\t<div class=\"elementor-element elementor-element-abc07b3 e-con-full e-flex e-con e-child\" data-id=\"abc07b3\" data-element_type=\"container\" data-e-type=\"container\">\n\t\t\t\t<div class=\"elementor-element elementor-element-bea9f77 elementor-widget elementor-widget-heading\" data-id=\"bea9f77\" data-element_type=\"widget\" data-e-type=\"widget\" data-widget_type=\"heading.default\">\n\t\t\t\t<div class=\"elementor-widget-container\">\n\t\t\t\t\t<h4 class=\"elementor-heading-title elementor-size-default\">Informations utiles<\/h4>\t\t\t\t<\/div>\n\t\t\t\t<\/div>\n\t\t\t\t<div class=\"elementor-element elementor-element-469f02a elementor-widget elementor-widget-gallery\" data-id=\"469f02a\" data-element_type=\"widget\" data-e-type=\"widget\" data-settings=\"{&quot;columns&quot;:2,&quot;columns_mobile&quot;:2,&quot;aspect_ratio&quot;:&quot;1:1&quot;,&quot;lazyload&quot;:&quot;yes&quot;,&quot;gallery_layout&quot;:&quot;grid&quot;,&quot;columns_tablet&quot;:2,&quot;gap&quot;:{&quot;unit&quot;:&quot;px&quot;,&quot;size&quot;:10,&quot;sizes&quot;:[]},&quot;gap_tablet&quot;:{&quot;unit&quot;:&quot;px&quot;,&quot;size&quot;:10,&quot;sizes&quot;:[]},&quot;gap_mobile&quot;:{&quot;unit&quot;:&quot;px&quot;,&quot;size&quot;:10,&quot;sizes&quot;:[]},&quot;link_to&quot;:&quot;file&quot;,&quot;overlay_background&quot;:&quot;yes&quot;,&quot;content_hover_animation&quot;:&quot;fade-in&quot;}\" data-widget_type=\"gallery.default\">\n\t\t\t\t<div class=\"elementor-widget-container\">\n\t\t\t\t\t\t\t<div class=\"elementor-gallery__container\">\n\t\t\t\t\t\t\t<a class=\"e-gallery-item elementor-gallery-item elementor-animated-content\" href=\"https:\/\/axtshade.com\/wp-content\/uploads\/2024\/07\/custom_made_rectangle_side.webp\" data-elementor-open-lightbox=\"yes\" data-elementor-lightbox-slideshow=\"469f02a\" data-elementor-lightbox-title=\"custom_made_rectangle_side\" data-e-action-hash=\"#elementor-action%3Aaction%3Dlightbox%26settings%3DeyJpZCI6MTYwOTUsInVybCI6Imh0dHBzOlwvXC9heHRzaGFkZS5jb21cL3dwLWNvbnRlbnRcL3VwbG9hZHNcLzIwMjRcLzA3XC9jdXN0b21fbWFkZV9yZWN0YW5nbGVfc2lkZS53ZWJwIiwic2xpZGVzaG93IjoiNDY5ZjAyYSJ9\">\n\t\t\t\t\t<div class=\"e-gallery-image elementor-gallery-item__image\" data-thumbnail=\"https:\/\/axtshade.com\/wp-content\/uploads\/2024\/07\/custom_made_rectangle_side.webp\" data-width=\"640\" data-height=\"640\" aria-label=\"\" role=\"img\" ><\/div>\n\t\t\t\t\t\t\t\t\t\t\t<div class=\"elementor-gallery-item__overlay\"><\/div>\n\t\t\t\t\t\t\t\t\t\t\t\t\t\t<\/a>\n\t\t\t\t\t\t\t<a class=\"e-gallery-item elementor-gallery-item elementor-animated-content\" href=\"https:\/\/axtshade.com\/wp-content\/uploads\/2024\/07\/custom_made_triangle_diy_installation.webp\" data-elementor-open-lightbox=\"yes\" data-elementor-lightbox-slideshow=\"469f02a\" data-elementor-lightbox-title=\"custom_made_triangle_diy_installation\" data-e-action-hash=\"#elementor-action%3Aaction%3Dlightbox%26settings%3DeyJpZCI6MTU4OTIsInVybCI6Imh0dHBzOlwvXC9heHRzaGFkZS5jb21cL3dwLWNvbnRlbnRcL3VwbG9hZHNcLzIwMjRcLzA3XC9jdXN0b21fbWFkZV90cmlhbmdsZV9kaXlfaW5zdGFsbGF0aW9uLndlYnAiLCJzbGlkZXNob3ciOiI0NjlmMDJhIn0%3D\">\n\t\t\t\t\t<div class=\"e-gallery-image elementor-gallery-item__image\" data-thumbnail=\"https:\/\/axtshade.com\/wp-content\/uploads\/2024\/07\/custom_made_triangle_diy_installation.webp\" data-width=\"640\" data-height=\"640\" aria-label=\"\" role=\"img\" ><\/div>\n\t\t\t\t\t\t\t\t\t\t\t<div class=\"elementor-gallery-item__overlay\"><\/div>\n\t\t\t\t\t\t\t\t\t\t\t\t\t\t<\/a>\n\t\t\t\t\t<\/div>\n\t\t\t\t\t<\/div>\n\t\t\t\t<\/div>\n\t\t\t\t<\/div>\n\t\t<div class=\"elementor-element elementor-element-494f3af e-con-full e-flex e-con e-child\" data-id=\"494f3af\" data-element_type=\"container\" data-e-type=\"container\">\n\t\t\t\t<div class=\"elementor-element elementor-element-d60e7a2 elementor-widget elementor-widget-wd_accordion\" data-id=\"d60e7a2\" data-element_type=\"widget\" data-e-type=\"widget\" data-widget_type=\"wd_accordion.default\">\n\t\t\t\t<div class=\"elementor-widget-container\">\n\t\t\t\t\t\n\t\t<div class=\"wd-accordion wd-style-shadow wd-titles-left wd-opener-pos-left wd-opener-style-arrow\" data-state=\"first\">\n\t\t\t\t\t\t\t\n\t\t\t\t<div class=\"wd-accordion-item\">\n\t\t\t\t\t<div class=\"wd-accordion-title wd-active\" data-accordion-index=\"0\">\n\t\t\t\t\t\t<div class=\"wd-accordion-title-text\">\n\t\t\t\t\t\t\t\t\t\t\t\t\t\t<span>\n\t\t\t\t\t\t\t\t\u00c0 propos des erreurs de taille\t\t\t\t\t\t\t<\/span>\n\t\t\t\t\t\t<\/div>\n\t\t\t\t\t\t<span class=\"wd-accordion-opener\"><\/span>\n\t\t\t\t\t<\/div>\n\n\t\t\t\t\t<div class=\"wd-accordion-content wd-entry-content wd-active\" data-accordion-index=\"0\">\n\t\t\t\t\t\t\t\t\t\t\t\t\t\n\t\t\t\t\t\t\t<p>Veuillez noter que le tissu est coup\u00e9 et cousu manuellement et que des erreurs de taille peuvent survenir. (Mesur\u00e9 selon les instructions vid\u00e9o ou photo, l&#039;erreur de taille est de l&#039;ordre de 1 \u00e0 10 cm)<\/p>\n\t\t\t\t\t\t\t\t\t\t\t\t\t\t\t\t\t\t<\/div>\n\t\t\t\t<\/div>\n\t\t\t\t\t\t\t\n\t\t\t\t<div class=\"wd-accordion-item\">\n\t\t\t\t\t<div class=\"wd-accordion-title\" data-accordion-index=\"1\">\n\t\t\t\t\t\t<div class=\"wd-accordion-title-text\">\n\t\t\t\t\t\t\t\t\t\t\t\t\t\t<span>\n\t\t\t\t\t\t\t\tQuelle est la composition mat\u00e9rielle de la voile d\u2019ombrage ?\t\t\t\t\t\t\t<\/span>\n\t\t\t\t\t\t<\/div>\n\t\t\t\t\t\t<span class=\"wd-accordion-opener\"><\/span>\n\t\t\t\t\t<\/div>\n\n\t\t\t\t\t<div class=\"wd-accordion-content wd-entry-content\" data-accordion-index=\"1\">\n\t\t\t\t\t\t\t\t\t\t\t\t\t\n\t\t\t\t\t\t\t<p>La voile d&#039;ombrage est faite de<b> fibre de polyester haute densit\u00e9 avec rev\u00eatement PU<\/b>. De plus, le tissu respirant est fabriqu\u00e9 \u00e0 partir de <strong>Poly\u00e9thyl\u00e8ne pur haute densit\u00e9 100%<\/strong>, laissant passer les temp\u00e9ratures fra\u00eeches et la pluie.<\/p>\n\t\t\t\t\t\t\t\t\t\t\t\t\t\t\t\t\t\t<\/div>\n\t\t\t\t<\/div>\n\t\t\t\t\t\t\t\n\t\t\t\t<div class=\"wd-accordion-item\">\n\t\t\t\t\t<div class=\"wd-accordion-title\" data-accordion-index=\"2\">\n\t\t\t\t\t\t<div class=\"wd-accordion-title-text\">\n\t\t\t\t\t\t\t\t\t\t\t\t\t\t<span>\n\t\t\t\t\t\t\t\tQuand est-il pr\u00e9f\u00e9rable d\u2019utiliser une voile d\u2019ombrage imperm\u00e9able et quand est-il pr\u00e9f\u00e9rable d\u2019utiliser une voile d\u2019ombrage respirante ?\t\t\t\t\t\t\t<\/span>\n\t\t\t\t\t\t<\/div>\n\t\t\t\t\t\t<span class=\"wd-accordion-opener\"><\/span>\n\t\t\t\t\t<\/div>\n\n\t\t\t\t\t<div class=\"wd-accordion-content wd-entry-content\" data-accordion-index=\"2\">\n\t\t\t\t\t\t\t\t\t\t\t\t\t\n\t\t\t\t\t\t\t<p>Le choix entre une voile d&#039;ombrage imperm\u00e9able ou respirante\u00a0<b>cela d\u00e9pend de vos besoins sp\u00e9cifiques<\/b>. Si vous souhaitez une protection contre la pluie, choisissez l&#039;option imperm\u00e9able. Si vous privil\u00e9giez la circulation de l&#039;air et le refroidissement, le tissu respirant est id\u00e9al.<\/p>\n\t\t\t\t\t\t\t\t\t\t\t\t\t\t\t\t\t\t<\/div>\n\t\t\t\t<\/div>\n\t\t\t\t\t\t\t\n\t\t\t\t<div class=\"wd-accordion-item\">\n\t\t\t\t\t<div class=\"wd-accordion-title\" data-accordion-index=\"3\">\n\t\t\t\t\t\t<div class=\"wd-accordion-title-text\">\n\t\t\t\t\t\t\t\t\t\t\t\t\t\t<span>\n\t\t\t\t\t\t\t\tPuis-je installer la voile d&#039;ombrage facilement ?\t\t\t\t\t\t\t<\/span>\n\t\t\t\t\t\t<\/div>\n\t\t\t\t\t\t<span class=\"wd-accordion-opener\"><\/span>\n\t\t\t\t\t<\/div>\n\n\t\t\t\t\t<div class=\"wd-accordion-content wd-entry-content\" data-accordion-index=\"3\">\n\t\t\t\t\t\t\t\t\t\t\t\t\t\n\t\t\t\t\t\t\t<p><b>Oui, l&#039;installation est simple<\/b>. Mesurez d&#039;anneau en D \u00e0 anneau en D, laissez un espace de 30 \u00e0 45 cm entre le point de fixation et la voile pour l&#039;accastillage ou la corde. La couture du tissu pointe vers le bas et un angle de montage de 20 \u00e0 40 degr\u00e9s est sugg\u00e9r\u00e9 pour une tension maximale. La conception permet un drainage rapide de l&#039;eau.<\/p>\n\t\t\t\t\t\t\t\t\t\t\t\t\t\t\t\t\t\t<\/div>\n\t\t\t\t<\/div>\n\t\t\t\t\t\t\t\n\t\t\t\t<div class=\"wd-accordion-item\">\n\t\t\t\t\t<div class=\"wd-accordion-title\" data-accordion-index=\"4\">\n\t\t\t\t\t\t<div class=\"wd-accordion-title-text\">\n\t\t\t\t\t\t\t\t\t\t\t\t\t\t<span>\n\t\t\t\t\t\t\t\tQu&#039;est-ce qui est inclus dans le forfait ?\t\t\t\t\t\t\t<\/span>\n\t\t\t\t\t\t<\/div>\n\t\t\t\t\t\t<span class=\"wd-accordion-opener\"><\/span>\n\t\t\t\t\t<\/div>\n\n\t\t\t\t\t<div class=\"wd-accordion-content wd-entry-content\" data-accordion-index=\"4\">\n\t\t\t\t\t\t\t\t\t\t\t\t\t\n\t\t\t\t\t\t\t<p>En plus de la voile d&#039;ombrage, le forfait comprend <strong>cordes pour chaque anneau de coin<\/strong> et <strong>Instructions d\u00e9taill\u00e9es<\/strong> pour l&#039;installation.<\/p>\n\t\t\t\t\t\t\t\t\t\t\t\t\t\t\t\t\t\t<\/div>\n\t\t\t\t<\/div>\n\t\t\t\t\t\t\t\n\t\t\t\t<div class=\"wd-accordion-item\">\n\t\t\t\t\t<div class=\"wd-accordion-title\" data-accordion-index=\"5\">\n\t\t\t\t\t\t<div class=\"wd-accordion-title-text\">\n\t\t\t\t\t\t\t\t\t\t\t\t\t\t<span>\n\t\t\t\t\t\t\t\tLa voile d&#039;ombrage est-elle r\u00e9sistante aux \u00e9l\u00e9ments environnementaux ?\t\t\t\t\t\t\t<\/span>\n\t\t\t\t\t\t<\/div>\n\t\t\t\t\t\t<span class=\"wd-accordion-opener\"><\/span>\n\t\t\t\t\t<\/div>\n\n\t\t\t\t\t<div class=\"wd-accordion-content wd-entry-content\" data-accordion-index=\"5\">\n\t\t\t\t\t\t\t\t\t\t\t\t\t\n\t\t\t\t\t\t\t<p>Oui, la fibre de polyester haute densit\u00e9 avec rev\u00eatement PU rend la voile d&#039;ombrage <strong>r\u00e9sistant \u00e0 l&#039;humidit\u00e9, \u00e0 la moisissure et aux taches<\/strong>. Il est con\u00e7u pour durer dans diverses conditions m\u00e9t\u00e9orologiques.<\/p>\n\t\t\t\t\t\t\t\t\t\t\t\t\t\t\t\t\t\t<\/div>\n\t\t\t\t<\/div>\n\t\t\t\t\t\t\t\n\t\t\t\t<div class=\"wd-accordion-item\">\n\t\t\t\t\t<div class=\"wd-accordion-title\" data-accordion-index=\"6\">\n\t\t\t\t\t\t<div class=\"wd-accordion-title-text\">\n\t\t\t\t\t\t\t\t\t\t\t\t\t\t<span>\n\t\t\t\t\t\t\t\tComment conserver la voile d&#039;ombrage en bon \u00e9tat ?\t\t\t\t\t\t\t<\/span>\n\t\t\t\t\t\t<\/div>\n\t\t\t\t\t\t<span class=\"wd-accordion-opener\"><\/span>\n\t\t\t\t\t<\/div>\n\n\t\t\t\t\t<div class=\"wd-accordion-content wd-entry-content\" data-accordion-index=\"6\">\n\t\t\t\t\t\t\t\t\t\t\t\t\t\n\t\t\t\t\t\t\t<p>Nous vous recommandons d&#039;utiliser une brosse douce ou un aspirateur sur les deux faces du tissu pour \u00e9liminer la poussi\u00e8re, en lavant le tissu avec de l&#039;eau et du savon neutre, de pr\u00e9f\u00e9rence d&#039;origine naturelle. S\u00e9chez le tissu \u00e0 l&#039;air libre et pour une protection suppl\u00e9mentaire, pensez \u00e0 appliquer une cire sp\u00e9ciale pour toile. Ces \u00e9tapes d&#039;entretien permettront de maintenir votre voile d&#039;ombrage dans un \u00e9tat optimal.<\/p>\n\t\t\t\t\t\t\t\t\t\t\t\t\t\t\t\t\t\t<\/div>\n\t\t\t\t<\/div>\n\t\t\t\t\t\t\t\n\t\t\t\t<div class=\"wd-accordion-item\">\n\t\t\t\t\t<div class=\"wd-accordion-title\" data-accordion-index=\"7\">\n\t\t\t\t\t\t<div class=\"wd-accordion-title-text\">\n\t\t\t\t\t\t\t\t\t\t\t\t\t\t<span>\n\t\t\t\t\t\t\t\tQuel est l&#039;emplacement id\u00e9al pour utiliser cette voile d&#039;ombrage d&#039;ext\u00e9rieur ?\t\t\t\t\t\t\t<\/span>\n\t\t\t\t\t\t<\/div>\n\t\t\t\t\t\t<span class=\"wd-accordion-opener\"><\/span>\n\t\t\t\t\t<\/div>\n\n\t\t\t\t\t<div class=\"wd-accordion-content wd-entry-content\" data-accordion-index=\"7\">\n\t\t\t\t\t\t\t\t\t\t\t\t\t\n\t\t\t\t\t\t\t<p>Cette voile d&#039;ombrage est parfaite pour une utilisation dans <strong>patios, pelouses, jardins, piscines, terrasses, parcs, garages ou tout autre espace ext\u00e9rieur<\/strong> qui n\u00e9cessitent de l\u2019ombre et une protection UV.<\/p>\n\t\t\t\t\t\t\t\t\t\t\t\t\t\t\t\t\t\t<\/div>\n\t\t\t\t<\/div>\n\t\t\t\t\t\t\t\n\t\t\t\t<div class=\"wd-accordion-item\">\n\t\t\t\t\t<div class=\"wd-accordion-title\" data-accordion-index=\"8\">\n\t\t\t\t\t\t<div class=\"wd-accordion-title-text\">\n\t\t\t\t\t\t\t\t\t\t\t\t\t\t<span>\n\t\t\t\t\t\t\t\tQuel type de protection offre la voile d&#039;ombrage ?\t\t\t\t\t\t\t<\/span>\n\t\t\t\t\t\t<\/div>\n\t\t\t\t\t\t<span class=\"wd-accordion-opener\"><\/span>\n\t\t\t\t\t<\/div>\n\n\t\t\t\t\t<div class=\"wd-accordion-content wd-entry-content\" data-accordion-index=\"8\">\n\t\t\t\t\t\t\t\t\t\t\t\t\t\n\t\t\t\t\t\t\t<p>La voile d&#039;ombrage offre une solution compl\u00e8te, <strong>offrant de l&#039;ombre, des effets rafra\u00eechissants pendant les chaudes journ\u00e9es d&#039;\u00e9t\u00e9 et une protection efficace contre les rayons UV nocifs<\/strong>. Le tissu a un facteur de protection solaire (UPF) de 50+.<\/p>\n\t\t\t\t\t\t\t\t\t\t\t\t\t\t\t\t\t\t<\/div>\n\t\t\t\t<\/div>\n\t\t\t\t\t\t\t\n\t\t\t\t<div class=\"wd-accordion-item\">\n\t\t\t\t\t<div class=\"wd-accordion-title\" data-accordion-index=\"9\">\n\t\t\t\t\t\t<div class=\"wd-accordion-title-text\">\n\t\t\t\t\t\t\t\t\t\t\t\t\t\t<span>\n\t\t\t\t\t\t\t\tQuelles caract\u00e9ristiques assurent la solidit\u00e9 et la durabilit\u00e9 de la voile d&#039;ombrage ?\t\t\t\t\t\t\t<\/span>\n\t\t\t\t\t\t<\/div>\n\t\t\t\t\t\t<span class=\"wd-accordion-opener\"><\/span>\n\t\t\t\t\t<\/div>\n\n\t\t\t\t\t<div class=\"wd-accordion-content wd-entry-content\" data-accordion-index=\"9\">\n\t\t\t\t\t\t\t\t\t\t\t\t\t\n\t\t\t\t\t\t\t<p>La voile d&#039;ombrage est con\u00e7ue avec <strong>bords concaves<\/strong> pour une meilleure tension, <strong>Anneaux D en acier inoxydable 316<\/strong> \u00e0 chaque coin pour plus de solidit\u00e9, et <strong>ruban \u00e9pais tiss\u00e9<\/strong> autour du bord pour plus de stabilit\u00e9. Les bords comportent \u00e9galement des coutures renforc\u00e9es double \u00e9paisseur pour \u00e9viter l&#039;effilochage et la d\u00e9formation.<\/p>\n\t\t\t\t\t\t\t\t\t\t\t\t\t\t\t\t\t\t<\/div>\n\t\t\t\t<\/div>\n\t\t\t\t\t<\/div>\n\t\t\t\t\t\t<\/div>\n\t\t\t\t<\/div>\n\t\t\t\t<\/div>\n\t\t\t\t\t<\/div>\n\t\t\t\t<\/div>\n\t\t\t\t<\/div>","protected":false},"excerpt":{"rendered":"<h4>Pourquoi choisir nos voiles d&#039;ombrage personnalis\u00e9es ?<\/h4>\n<ul>\n<li>Protection contre les \u00e9l\u00e9ments : les voiles d&#039;ombrage personnalis\u00e9es offrent une barri\u00e8re contre les rayons UV et la pluie, rendant votre espace ext\u00e9rieur utilisable toute l&#039;ann\u00e9e. Ventilation et refroidissement : la conception de ces voiles permet la circulation de l&#039;air, refroidissant naturellement la zone situ\u00e9e en dessous.<\/li>\n<li>Ventilation et refroidissement : la conception de ces voiles permet la circulation de l&#039;air, refroidissant naturellement la zone situ\u00e9e en dessous.<\/li>\n<li>Efficacit\u00e9 \u00e9nerg\u00e9tique : en r\u00e9duisant le besoin de refroidissement artificiel, ces voiles peuvent vous aider \u00e0 r\u00e9duire vos factures d&#039;\u00e9nergie.<\/li>\n<li>Facilit\u00e9 d&#039;installation et d&#039;entretien : ces voiles sont un choix pratique pour toute propri\u00e9t\u00e9 con\u00e7ue pour une installation et un entretien sans tracas.<\/li>\n<li>Polyvalence et style : Avec une gamme d&#039;options personnalis\u00e9es, vous pouvez choisir un design qui non seulement r\u00e9pond \u00e0 vos besoins, mais qui am\u00e9liore \u00e9galement l&#039;apparence de votre propri\u00e9t\u00e9.<\/li>\n<\/ul>","protected":false},"featured_media":16466,"comment_status":"open","ping_status":"closed","template":"","meta":[],"product_brand":[],"product_cat":[70],"product_tag":[],"class_list":{"0":"post-16094","1":"product","2":"type-product","3":"status-publish","4":"has-post-thumbnail","6":"product_cat-custom-shade-sails","8":"first","9":"instock","10":"taxable","11":"shipping-taxable","12":"purchasable","13":"product-type-simple"},"_links":{"self":[{"href":"https:\/\/axtshade.com\/fr\/wp-json\/wp\/v2\/product\/16094","targetHints":{"allow":["GET"]}}],"collection":[{"href":"https:\/\/axtshade.com\/fr\/wp-json\/wp\/v2\/product"}],"about":[{"href":"https:\/\/axtshade.com\/fr\/wp-json\/wp\/v2\/types\/product"}],"replies":[{"embeddable":true,"href":"https:\/\/axtshade.com\/fr\/wp-json\/wp\/v2\/comments?post=16094"}],"version-history":[{"count":24,"href":"https:\/\/axtshade.com\/fr\/wp-json\/wp\/v2\/product\/16094\/revisions"}],"predecessor-version":[{"id":16614,"href":"https:\/\/axtshade.com\/fr\/wp-json\/wp\/v2\/product\/16094\/revisions\/16614"}],"wp:featuredmedia":[{"embeddable":true,"href":"https:\/\/axtshade.com\/fr\/wp-json\/wp\/v2\/media\/16466"}],"wp:attachment":[{"href":"https:\/\/axtshade.com\/fr\/wp-json\/wp\/v2\/media?parent=16094"}],"wp:term":[{"taxonomy":"product_brand","embeddable":true,"href":"https:\/\/axtshade.com\/fr\/wp-json\/wp\/v2\/product_brand?post=16094"},{"taxonomy":"product_cat","embeddable":true,"href":"https:\/\/axtshade.com\/fr\/wp-json\/wp\/v2\/product_cat?post=16094"},{"taxonomy":"product_tag","embeddable":true,"href":"https:\/\/axtshade.com\/fr\/wp-json\/wp\/v2\/product_tag?post=16094"}],"curies":[{"name":"wp","href":"https:\/\/api.w.org\/{rel}","templated":true}]}}