{"id":16211,"date":"2024-07-18T15:05:28","date_gmt":"2024-07-18T13:05:28","guid":{"rendered":"https:\/\/axtshade.com\/?post_type=product&#038;p=16211"},"modified":"2025-11-07T22:15:35","modified_gmt":"2025-11-07T21:15:35","slug":"hardware-kit-for-shade-sail","status":"publish","type":"product","link":"https:\/\/axtshade.com\/fr\/producto\/hardware-kit-for-shade-sail\/","title":{"rendered":"Kit de quincaillerie pour voile d&#039;ombrage"},"content":{"rendered":"<p>Mat\u00e9riau : acier inoxydable 316 de haute qualit\u00e9, r\u00e9sistant \u00e0 la corrosion et durable.<\/p>\n<p>Performance : tendeur r\u00e9glable, parfait pour les voiles d&#039;ombrage de diff\u00e9rentes tailles. Nos kits de mat\u00e9riel de voile d&#039;ombrage rendent l&#039;installation de voile d&#039;ombrage plus simple et plus facile, gardent votre voile stable au vent.<\/p>\n<p>Application : convient pour l&#039;installation de voiles d&#039;ombrage triangulaires, carr\u00e9es et rectangulaires. Vous pouvez installer une voile d&#039;ombrage entre les arbres, les murs, les poteaux ou partout o\u00f9 vous le souhaitez.<\/p>\n<p>Contenu de l&#039;emballage : \u0153illet, mousqueton, tendeur, vis, expansion en plastique.<br \/>\n<img fetchpriority=\"high\" decoding=\"async\" class=\"alignnone wp-image-16216 size-full\" src=\"https:\/\/axtshade.com\/wp-content\/uploads\/2024\/07\/6_inch_rectangle_hardware_03.webp\" alt=\"\" width=\"640\" height=\"640\" srcset=\"https:\/\/axtshade.com\/wp-content\/uploads\/2024\/07\/6_inch_rectangle_hardware_03.webp 640w, https:\/\/axtshade.com\/wp-content\/uploads\/2024\/07\/6_inch_rectangle_hardware_03-300x300.webp 300w, https:\/\/axtshade.com\/wp-content\/uploads\/2024\/07\/6_inch_rectangle_hardware_03-150x150.webp 150w, https:\/\/axtshade.com\/wp-content\/uploads\/2024\/07\/6_inch_rectangle_hardware_03-430x430.webp 430w\" sizes=\"(max-width: 640px) 100vw, 640px\" \/><img decoding=\"async\" class=\"alignnone wp-image-16214 size-full\" src=\"https:\/\/axtshade.com\/wp-content\/uploads\/2024\/07\/6_inch_triangle_hardware_02_5b6b26c0-cc62-4f13-9d4e-d284f19bf8c6.webp\" alt=\"\" width=\"640\" height=\"640\" srcset=\"https:\/\/axtshade.com\/wp-content\/uploads\/2024\/07\/6_inch_triangle_hardware_02_5b6b26c0-cc62-4f13-9d4e-d284f19bf8c6.webp 640w, https:\/\/axtshade.com\/wp-content\/uploads\/2024\/07\/6_inch_triangle_hardware_02_5b6b26c0-cc62-4f13-9d4e-d284f19bf8c6-300x300.webp 300w, https:\/\/axtshade.com\/wp-content\/uploads\/2024\/07\/6_inch_triangle_hardware_02_5b6b26c0-cc62-4f13-9d4e-d284f19bf8c6-150x150.webp 150w, https:\/\/axtshade.com\/wp-content\/uploads\/2024\/07\/6_inch_triangle_hardware_02_5b6b26c0-cc62-4f13-9d4e-d284f19bf8c6-430x430.webp 430w\" sizes=\"(max-width: 640px) 100vw, 640px\" \/><\/p>\n<p><img decoding=\"async\" class=\"alignnone wp-image-16217 size-full\" src=\"https:\/\/axtshade.com\/wp-content\/uploads\/2024\/07\/6_inch_rectangle_hardware_04.webp\" alt=\"\" width=\"640\" height=\"640\" srcset=\"https:\/\/axtshade.com\/wp-content\/uploads\/2024\/07\/6_inch_rectangle_hardware_04.webp 640w, https:\/\/axtshade.com\/wp-content\/uploads\/2024\/07\/6_inch_rectangle_hardware_04-300x300.webp 300w, https:\/\/axtshade.com\/wp-content\/uploads\/2024\/07\/6_inch_rectangle_hardware_04-150x150.webp 150w, https:\/\/axtshade.com\/wp-content\/uploads\/2024\/07\/6_inch_rectangle_hardware_04-430x430.webp 430w\" sizes=\"(max-width: 640px) 100vw, 640px\" \/><img loading=\"lazy\" decoding=\"async\" class=\"alignnone wp-image-16212 size-full\" src=\"https:\/\/axtshade.com\/wp-content\/uploads\/2024\/07\/6_inch_rectangle_hardware_05.webp\" alt=\"\" width=\"640\" height=\"640\" srcset=\"https:\/\/axtshade.com\/wp-content\/uploads\/2024\/07\/6_inch_rectangle_hardware_05.webp 640w, https:\/\/axtshade.com\/wp-content\/uploads\/2024\/07\/6_inch_rectangle_hardware_05-300x300.webp 300w, https:\/\/axtshade.com\/wp-content\/uploads\/2024\/07\/6_inch_rectangle_hardware_05-150x150.webp 150w, https:\/\/axtshade.com\/wp-content\/uploads\/2024\/07\/6_inch_rectangle_hardware_05-430x430.webp 430w\" sizes=\"(max-width: 640px) 100vw, 640px\" \/><\/p>\n<p><img loading=\"lazy\" decoding=\"async\" class=\"alignnone wp-image-16213 size-full\" src=\"https:\/\/axtshade.com\/wp-content\/uploads\/2024\/07\/6_inch_rectangle_hardware_06.webp\" alt=\"\" width=\"640\" height=\"640\" srcset=\"https:\/\/axtshade.com\/wp-content\/uploads\/2024\/07\/6_inch_rectangle_hardware_06.webp 640w, https:\/\/axtshade.com\/wp-content\/uploads\/2024\/07\/6_inch_rectangle_hardware_06-300x300.webp 300w, https:\/\/axtshade.com\/wp-content\/uploads\/2024\/07\/6_inch_rectangle_hardware_06-150x150.webp 150w, https:\/\/axtshade.com\/wp-content\/uploads\/2024\/07\/6_inch_rectangle_hardware_06-430x430.webp 430w\" sizes=\"(max-width: 640px) 100vw, 640px\" \/><img loading=\"lazy\" decoding=\"async\" class=\"alignnone wp-image-16215\" src=\"https:\/\/axtshade.com\/wp-content\/uploads\/2024\/07\/81zlfEig-HL._AC_SL1500_-300x300.jpg\" alt=\"\" width=\"640\" height=\"640\" srcset=\"https:\/\/axtshade.com\/wp-content\/uploads\/2024\/07\/81zlfEig-HL._AC_SL1500_-300x300.jpg 300w, https:\/\/axtshade.com\/wp-content\/uploads\/2024\/07\/81zlfEig-HL._AC_SL1500_-800x800.jpg 800w, https:\/\/axtshade.com\/wp-content\/uploads\/2024\/07\/81zlfEig-HL._AC_SL1500_-150x150.jpg 150w, https:\/\/axtshade.com\/wp-content\/uploads\/2024\/07\/81zlfEig-HL._AC_SL1500_-768x768.jpg 768w, https:\/\/axtshade.com\/wp-content\/uploads\/2024\/07\/81zlfEig-HL._AC_SL1500_-430x430.jpg 430w, https:\/\/axtshade.com\/wp-content\/uploads\/2024\/07\/81zlfEig-HL._AC_SL1500_-700x700.jpg 700w, https:\/\/axtshade.com\/wp-content\/uploads\/2024\/07\/81zlfEig-HL._AC_SL1500_.jpg 1500w\" sizes=\"(max-width: 640px) 100vw, 640px\" \/><\/p>","protected":false},"excerpt":{"rendered":"<p>Ce qui est inclu<\/p>\n<p>\u25cf Tendeur x 2<br \/>\n\u25cf Oeil de protection x 4<br \/>\n\u25cf Mousqueton x 2<br \/>\n\u25cf Vis x 16<br \/>\n\u25cf Expansion en plastique x 16<\/p>","protected":false},"featured_media":16218,"comment_status":"open","ping_status":"closed","template":"","meta":[],"product_brand":[],"product_cat":[20],"product_tag":[],"class_list":{"0":"post-16211","1":"product","2":"type-product","3":"status-publish","4":"has-post-thumbnail","6":"product_cat-accessories","8":"first","9":"instock","10":"taxable","11":"shipping-taxable","12":"purchasable","13":"product-type-simple"},"_links":{"self":[{"href":"https:\/\/axtshade.com\/fr\/wp-json\/wp\/v2\/product\/16211","targetHints":{"allow":["GET"]}}],"collection":[{"href":"https:\/\/axtshade.com\/fr\/wp-json\/wp\/v2\/product"}],"about":[{"href":"https:\/\/axtshade.com\/fr\/wp-json\/wp\/v2\/types\/product"}],"replies":[{"embeddable":true,"href":"https:\/\/axtshade.com\/fr\/wp-json\/wp\/v2\/comments?post=16211"}],"version-history":[{"count":1,"href":"https:\/\/axtshade.com\/fr\/wp-json\/wp\/v2\/product\/16211\/revisions"}],"predecessor-version":[{"id":16219,"href":"https:\/\/axtshade.com\/fr\/wp-json\/wp\/v2\/product\/16211\/revisions\/16219"}],"wp:featuredmedia":[{"embeddable":true,"href":"https:\/\/axtshade.com\/fr\/wp-json\/wp\/v2\/media\/16218"}],"wp:attachment":[{"href":"https:\/\/axtshade.com\/fr\/wp-json\/wp\/v2\/media?parent=16211"}],"wp:term":[{"taxonomy":"product_brand","embeddable":true,"href":"https:\/\/axtshade.com\/fr\/wp-json\/wp\/v2\/product_brand?post=16211"},{"taxonomy":"product_cat","embeddable":true,"href":"https:\/\/axtshade.com\/fr\/wp-json\/wp\/v2\/product_cat?post=16211"},{"taxonomy":"product_tag","embeddable":true,"href":"https:\/\/axtshade.com\/fr\/wp-json\/wp\/v2\/product_tag?post=16211"}],"curies":[{"name":"wp","href":"https:\/\/api.w.org\/{rel}","templated":true}]}}