{"id":16043,"date":"2024-07-10T16:59:22","date_gmt":"2024-07-10T14:59:22","guid":{"rendered":"https:\/\/axtshade.com\/?page_id=16043"},"modified":"2024-07-10T17:25:13","modified_gmt":"2024-07-10T15:25:13","slug":"privacy-policy","status":"publish","type":"page","link":"https:\/\/axtshade.com\/it\/privacy-policy\/","title":{"rendered":"politica sulla riservatezza"},"content":{"rendered":"<div data-elementor-type=\"wp-page\" data-elementor-id=\"16043\" class=\"elementor elementor-16043\" data-elementor-post-type=\"page\">\n\t\t\t\t<div class=\"wd-negative-gap elementor-element elementor-element-60d409c e-flex e-con-boxed e-con e-parent\" data-id=\"60d409c\" data-element_type=\"container\" data-e-type=\"container\">\n\t\t\t\t\t<div class=\"e-con-inner\">\n\t\t\t\t<div class=\"elementor-element elementor-element-23fb052 color-scheme-inherit text-left elementor-widget elementor-widget-text-editor\" data-id=\"23fb052\" data-element_type=\"widget\" data-e-type=\"widget\" data-widget_type=\"text-editor.default\">\n\t\t\t\t<div class=\"elementor-widget-container\">\n\t\t\t\t\t\t\t\t\t<p><b>Ultimo aggiornamento: 25\/07\/2023<\/b><\/p>\n<p>La presente Informativa sulla privacy descrive come Axtshade (il &quot;Sito&quot;, &quot;noi&quot;, &quot;ci&quot; o &quot;nostro&quot;) raccoglie, utilizza e divulga le tue informazioni personali quando visiti, utilizzi i nostri servizi o effettui un acquisto da axtshade.com (il &quot;Sito&quot;) o comunichi in altro modo con noi (collettivamente, i &quot;Servizi&quot;). Ai fini della presente Informativa sulla privacy, &quot;tu&quot; e &quot;tuo&quot; indicano te come utente dei Servizi, sia che tu sia un cliente, un visitatore del sito Web o un altro individuo le cui informazioni abbiamo raccolto ai sensi della presente Informativa sulla privacy.<\/p>\n<p>Si prega di leggere attentamente la presente Informativa sulla privacy. Utilizzando e accedendo a uno qualsiasi dei Servizi, si accetta la raccolta, l&#039;uso e la divulgazione delle proprie informazioni come descritto nella presente Informativa sulla privacy. Se non si accetta la presente Informativa sulla privacy, si prega di non utilizzare o accedere a nessuno dei Servizi.<\/p>\n<p><br><\/p>\n<p>Modifiche alla presente Informativa sulla privacy&nbsp;<\/p>\n<p>Potremmo aggiornare la presente Informativa sulla privacy di tanto in tanto, anche per riflettere i cambiamenti nelle nostre pratiche o per altri motivi operativi, legali o normativi. Pubblicheremo l&#039;Informativa sulla privacy rivista sul Sito, aggiorneremo la data di &quot;Ultimo aggiornamento&quot; e adotteremo qualsiasi altra misura richiesta dalla legge applicabile.<\/p>\n<p>Come raccogliamo e utilizziamo le tue informazioni personali&nbsp;<\/p>\n<p>Per fornire i Servizi, raccogliamo e abbiamo raccolto negli ultimi 12 mesi informazioni personali su di te da una variet\u00e0 di fonti, come indicato di seguito. Le informazioni che raccogliamo e utilizziamo variano a seconda di come interagisci con noi.<\/p>\n<p>Oltre agli usi specifici indicati di seguito, potremmo utilizzare le informazioni che raccogliamo su di te per comunicare con te, fornire i Servizi, rispettare gli obblighi legali applicabili, applicare i termini di servizio applicabili e per proteggere o difendere i Servizi, i nostri diritti e i diritti dei nostri utenti o di altri.<\/p>\n<p>Quali informazioni personali raccogliamo<\/p>\n<p>I tipi di informazioni personali che otteniamo su di te dipendono da come interagisci con il nostro Sito e utilizzi i nostri Servizi. Quando utilizziamo il termine &quot;informazioni personali&quot;, ci riferiamo a informazioni che ti identificano, si riferiscono a, descrivono o possono essere associate a te. Le sezioni seguenti descrivono le categorie e i tipi specifici di informazioni personali che raccogliamo.<\/p>\n<p>Informazioni che raccogliamo direttamente da te&nbsp;<\/p>\n<p>Le informazioni che ci invii direttamente tramite i nostri Servizi possono includere:<\/p>\n<p><ul><li>Informazioni di contatto di base, tra cui nome, indirizzo, numero di telefono, e-mail.&nbsp;<\/li><li>Informazioni sull&#039;ordine, tra cui nome, indirizzo di fatturazione, indirizzo di spedizione, conferma del pagamento, indirizzo e-mail, numero di telefono.&nbsp;<\/li><li>Informazioni sull&#039;account, tra cui nome utente, password e domande di sicurezza.&nbsp;<\/li><li>Informazioni sugli acquisti, compresi gli articoli visualizzati, inseriti nel carrello o aggiunti alla lista dei desideri.&nbsp;<\/li><li>Informazioni di assistenza clienti, comprese le informazioni che scegli di includere nelle comunicazioni con noi, ad esempio quando invii un messaggio tramite i Servizi.&nbsp;<\/li><\/ul><\/p>\n\n\n\n\n<p>Alcune funzionalit\u00e0 dei Servizi potrebbero richiedere che tu ci fornisca direttamente determinate informazioni su di te. Puoi scegliere di non fornire queste informazioni, ma ci\u00f2 potrebbe impedirti di utilizzare o accedere a queste funzionalit\u00e0.<\/p>\n<p>Informazioni che raccogliamo tramite i cookie&nbsp;<\/p><p>Raccogliamo inoltre automaticamente alcune informazioni sulla tua interazione con i Servizi (&quot;Dati di utilizzo&quot;). Per fare ci\u00f2, potremmo utilizzare cookie, pixel e tecnologie simili (&quot;Cookie&quot;). I Dati di utilizzo potrebbero includere informazioni su come accedi e utilizzi il nostro Sito e il tuo account, tra cui informazioni sul dispositivo, informazioni sul browser, informazioni sulla tua connessione di rete, il tuo indirizzo IP e altre informazioni relative alla tua interazione con i Servizi.<\/p>\n<p>Informazioni che otteniamo da terze parti&nbsp;<\/p><p>Infine, potremmo ottenere informazioni su di te da terze parti, tra cui venditori e prestatori di servizi che potrebbero raccogliere informazioni per nostro conto, come:<\/p>\n<p><ul><li>I nostri processori di pagamento, che raccolgono informazioni di pagamento (ad esempio, informazioni sul conto bancario, sulla carta di credito o di debito, indirizzo di fatturazione) per elaborare il pagamento, evadere gli ordini e fornirti i prodotti o servizi richiesti, al fine di eseguire il contratto con te.&nbsp;<\/li><li>Quando visiti il nostro Sito, apri o clicchi sulle e-mail che ti inviamo o interagisci con i nostri Servizi o con le nostre pubblicit\u00e0, noi, o terze parti con cui collaboriamo, potremmo raccogliere automaticamente determinate informazioni utilizzando tecnologie di tracciamento online come pixel, web beacon, kit per sviluppatori software, librerie di terze parti e cookie.&nbsp;<\/li><\/ul><\/p><p>Tutte le informazioni che otteniamo da terze parti saranno trattate in conformit\u00e0 con la presente Informativa sulla privacy. Non siamo responsabili dell&#039;accuratezza delle informazioni forniteci da terze parti e non siamo responsabili delle politiche o delle pratiche di terze parti. Per maggiori informazioni, consulta la sezione sottostante, Siti Web e link di terze parti.<\/p>\n<p>Come utilizziamo le tue informazioni personali&nbsp;<\/p><p><ul><li>Fornitura di Prodotti e Servizi. Utilizziamo le tue informazioni personali per fornirti i Servizi al fine di eseguire il nostro contratto con te, incluso per elaborare i tuoi pagamenti, evadere i tuoi ordini, inviarti notifiche relative al tuo account, acquisti, resi, cambi o altre transazioni, per creare, mantenere e altrimenti gestire il tuo account, per organizzare la spedizione, facilitare eventuali resi e cambi e per consentirti di pubblicare recensioni.&nbsp;<\/li><li>Marketing e pubblicit\u00e0. Utilizziamo le tue informazioni personali per scopi di marketing e promozionali, come per inviare comunicazioni di marketing, pubblicit\u00e0 e promozioni tramite e-mail, SMS o posta ordinaria e per mostrarti pubblicit\u00e0 di prodotti o servizi. Ci\u00f2 potrebbe includere l&#039;utilizzo delle tue informazioni personali per personalizzare al meglio i Servizi e la pubblicit\u00e0 sul nostro Sito e altri siti Web.&nbsp;<\/li><li>Sicurezza e prevenzione delle frodi. Utilizziamo le tue informazioni personali per rilevare, investigare o intraprendere azioni in merito a possibili attivit\u00e0 fraudolente, illegali o dannose. Se scegli di utilizzare i Servizi e registrare un account, sei responsabile della sicurezza delle credenziali del tuo account. Ti consigliamo vivamente di non condividere il tuo nome utente, password o altri dettagli di accesso con nessun altro. Se ritieni che il tuo account sia stato compromesso, ti preghiamo di contattarci immediatamente.&nbsp;<\/li><li>Comunicare con te. Utilizziamo le tue informazioni personali per fornirti assistenza clienti e migliorare i nostri Servizi. Questo rientra nei nostri legittimi interessi per essere reattivi nei tuoi confronti, per fornirti servizi efficaci e per mantenere il nostro rapporto commerciale con te.&nbsp;<\/li><\/ul><\/p><p>Biscotti&nbsp;<\/p><p>Come molti siti web, utilizziamo i Cookie sul nostro Sito. Utilizziamo i Cookie per alimentare e migliorare il nostro Sito e i nostri Servizi (anche per ricordare le tue azioni e preferenze), per eseguire analisi e comprendere meglio l&#039;interazione dell&#039;utente con i Servizi (nel nostro legittimo interesse di amministrare, migliorare e ottimizzare i Servizi). Potremmo anche consentire a terze parti e fornitori di servizi di utilizzare i Cookie sul nostro Sito per personalizzare meglio i servizi, i prodotti e la pubblicit\u00e0 sul nostro Sito e su altri siti web.<\/p>\n<p>La maggior parte dei browser accetta automaticamente i Cookie per impostazione predefinita, ma puoi scegliere di impostare il tuo browser per rimuovere o rifiutare i Cookie tramite i controlli del browser. Tieni presente che la rimozione o il blocco dei Cookie pu\u00f2 avere un impatto negativo sulla tua esperienza utente e pu\u00f2 causare il malfunzionamento o la mancata disponibilit\u00e0 di alcuni Servizi, tra cui alcune funzionalit\u00e0 e funzionalit\u00e0 generali. Inoltre, il blocco dei Cookie potrebbe non impedire completamente il modo in cui condividiamo le informazioni con terze parti, come i nostri partner pubblicitari.<\/p>\n<p>Come divulghiamo le informazioni personali&nbsp;<\/p><p>In determinate circostanze, potremmo divulgare le tue informazioni personali a terze parti per scopi legittimi soggetti alla presente Informativa sulla privacy. Tali circostanze possono includere:<\/p>\n<p><ul><li>Con fornitori o altre terze parti che eseguono servizi per nostro conto (ad esempio, gestione IT, elaborazione dei pagamenti, analisi dei dati, assistenza clienti, archiviazione cloud, evasione degli ordini e spedizione).&nbsp;<\/li><li>Quando ci dai istruzioni, ci richiedi o acconsenti in altro modo alla divulgazione di determinate informazioni a terze parti, ad esempio per spedirti prodotti o tramite l&#039;utilizzo di widget di social media o integrazioni di accesso, con il tuo consenso.&nbsp;<\/li><li>Con le nostre affiliate o comunque all&#039;interno del nostro gruppo aziendale, nel nostro legittimo interesse a gestire un&#039;attivit\u00e0 di successo.&nbsp;<\/li><li>In relazione a una transazione commerciale come una fusione o un fallimento, per ottemperare a qualsiasi obbligo legale applicabile (incluso rispondere a citazioni in giudizio, mandati di perquisizione e richieste simili), per far rispettare eventuali termini di servizio applicabili e per proteggere o difendere i Servizi, i nostri diritti e i diritti dei nostri utenti o di altri.&nbsp;<\/li><\/ul><\/p><p>Negli ultimi 12 mesi abbiamo divulgato le seguenti categorie di informazioni personali e informazioni personali sensibili (contrassegnate da *) sugli utenti per gli scopi indicati sopra in &quot;Come raccogliamo e utilizziamo le tue informazioni personali&quot; e &quot;Come divulghiamo le informazioni personali&quot;:<\/p>\n<table>\n<thead>\n<tr>\n<th>Categoria<\/th>\n<th>Categorie di destinatari<\/th>\n<\/tr>\n<\/thead>\n<tbody>\n<tr>\n<td>Identificatori quali i dati di contatto di base e alcune informazioni sugli ordini e sugli account<\/td>\n<td>Fornitori e terze parti che eseguono servizi per nostro conto (come fornitori di servizi Internet, processori di pagamento, partner di evasione degli ordini, partner di assistenza clienti e fornitori di analisi dei dati), partner commerciali e di marketing, affiliati<\/td>\n<\/tr>\n<tr>\n<td>Informazioni commerciali come informazioni sugli ordini, informazioni sugli acquisti e informazioni sull&#039;assistenza clienti<\/td>\n<td>Fornitori e terze parti che eseguono servizi per nostro conto (come fornitori di servizi Internet, processori di pagamento, partner di evasione degli ordini, partner di assistenza clienti e fornitori di analisi dei dati), partner commerciali e di marketing, affiliati<\/td>\n<\/tr>\n<tr>\n<td>Internet o altre attivit\u00e0 di rete simili, come i dati di utilizzo<\/td>\n<td>Fornitori e terze parti che eseguono servizi per nostro conto (come fornitori di servizi Internet, processori di pagamento, partner di evasione degli ordini, partner di assistenza clienti e fornitori di analisi dei dati), partner commerciali e di marketing, affiliati<\/td>\n<\/tr>\n<\/tbody>\n<\/table>\n<p>Non utilizziamo n\u00e9 divulghiamo dati personali sensibili allo scopo di dedurre caratteristiche che ti riguardano.<\/p>\n<p>Contenuto generato dall&#039;utente&nbsp;<\/p><p>I Servizi potrebbero consentirti di pubblicare recensioni di prodotti e altri contenuti generati dagli utenti. Se scegli di inviare contenuti generati dagli utenti a qualsiasi area pubblica dei Servizi, tali contenuti saranno pubblici e accessibili a chiunque.<\/p>\n<p>Non controlliamo chi avr\u00e0 accesso alle informazioni che scegli di rendere disponibili ad altri e non possiamo garantire che le parti che hanno accesso a tali informazioni rispetteranno la tua privacy o la manterranno al sicuro. Non siamo responsabili della privacy o della sicurezza di alcuna informazione che rendi disponibile al pubblico, o dell&#039;accuratezza, dell&#039;uso o dell&#039;abuso di qualsiasi informazione che divulghi o ricevi da terze parti.<\/p>\n<p>Siti Web e link di terze parti<\/p><p>Il nostro Sito pu\u00f2 fornire link a siti web o altre piattaforme online gestite da terze parti. Se segui link a siti non affiliati o controllati da noi, dovresti rivedere le loro policy sulla privacy e sulla sicurezza e altri termini e condizioni. Non garantiamo e non siamo responsabili della privacy o della sicurezza di tali siti, inclusa l&#039;accuratezza, la completezza o l&#039;affidabilit\u00e0 delle informazioni trovate su tali siti. Le informazioni che fornisci su luoghi pubblici o semi-pubblici, comprese le informazioni che condividi su piattaforme di social network di terze parti, possono anche essere visibili ad altri utenti dei Servizi e\/o utenti di tali piattaforme di terze parti senza limitazioni per quanto riguarda il loro utilizzo da parte nostra o di terze parti. La nostra inclusione di tali link non implica, di per s\u00e9, alcuna approvazione del contenuto su tali piattaforme o dei loro proprietari o gestori, salvo quanto divulgato sui Servizi.<\/p>\n<p>Dati dei bambini&nbsp;<\/p><p>I Servizi non sono destinati all&#039;uso da parte di bambini e non raccogliamo consapevolmente alcuna informazione personale su bambini. Se sei il genitore o il tutore di un bambino che ci ha fornito le sue informazioni personali, puoi contattarci utilizzando i dettagli di contatto indicati di seguito per richiederne l&#039;eliminazione.<\/p>\n<p>Alla data di entrata in vigore della presente Informativa sulla privacy, non siamo a conoscenza del fatto che &quot;condividiamo&quot; o &quot;vendiamo&quot; (come tali termini sono definiti dalla legge applicabile) informazioni personali di individui di et\u00e0 inferiore a 16 anni.<\/p>\n<p>Sicurezza e conservazione delle tue informazioni&nbsp;<\/p><p>Si prega di notare che nessuna misura di sicurezza \u00e8 perfetta o impenetrabile e non possiamo garantire una &quot;sicurezza perfetta&quot;. Inoltre, qualsiasi informazione ci invii potrebbe non essere sicura durante il trasporto. Ti consigliamo di non utilizzare canali non sicuri per comunicarci informazioni sensibili o riservate.<\/p>\n<p>La durata della conservazione dei tuoi dati personali dipende da diversi fattori, ad esempio se abbiamo bisogno di tali informazioni per gestire il tuo account, fornire i Servizi, rispettare obblighi legali, risolvere controversie o applicare altri contratti e politiche applicabili.<\/p>\n<p>I tuoi diritti e le tue scelte&nbsp;<\/p><p>A seconda di dove vivi, potresti avere alcuni o tutti i diritti elencati di seguito in relazione alle tue informazioni personali. Tuttavia, questi diritti non sono assoluti, potrebbero applicarsi solo in determinate circostanze e, in alcuni casi, potremmo rifiutare la tua richiesta come consentito dalla legge.<\/p>\n<p><ul><li>Diritto di accesso\/conoscenza. Potresti avere il diritto di richiedere l&#039;accesso alle informazioni personali che conserviamo su di te, inclusi i dettagli relativi alle modalit\u00e0 in cui utilizziamo e condividiamo le tue informazioni.&nbsp;<\/li><li>Diritto di cancellazione. Potresti avere il diritto di richiedere che cancelliamo le informazioni personali che conserviamo su di te.&nbsp;<\/li><li>Diritto di correzione. Potresti avere il diritto di richiedere che correggiamo le informazioni personali inesatte che conserviamo su di te.&nbsp;<\/li><li>Diritto di portabilit\u00e0. Potresti avere il diritto di ricevere una copia delle informazioni personali che conserviamo su di te e di richiederne il trasferimento a terzi, in determinate circostanze e con determinate eccezioni.&nbsp;<\/li><li>Limitazione del trattamento: potresti avere il diritto di chiederci di interrompere o limitare il trattamento dei tuoi dati personali.&nbsp;<\/li><li>Revoca del consenso: laddove facciamo affidamento sul consenso per elaborare i tuoi dati personali, potresti avere il diritto di revocare tale consenso.&nbsp;<\/li><li>Appello: potresti avere il diritto di presentare ricorso contro la nostra decisione se rifiutiamo di elaborare la tua richiesta. Puoi farlo rispondendo direttamente al nostro diniego.&nbsp;<\/li><li>Gestione delle preferenze di comunicazione: potremmo inviarti e-mail promozionali e puoi scegliere di non riceverle in qualsiasi momento utilizzando l&#039;opzione di annullamento dell&#039;iscrizione visualizzata nelle nostre e-mail. Se decidi di non riceverle, potremmo comunque inviarti e-mail non promozionali, come quelle relative al tuo account o agli ordini che hai effettuato.&nbsp;<\/li><\/ul><\/p><p>\u00c8 possibile esercitare uno qualsiasi di questi diritti nei modi indicati sul nostro Sito o contattandoci utilizzando i dettagli di contatto forniti di seguito.<\/p>\n<p>Non faremo discriminazioni nei tuoi confronti per l&#039;esercizio di uno qualsiasi di questi diritti. Potremmo dover raccogliere informazioni da te per verificare la tua identit\u00e0, come il tuo indirizzo email o le informazioni dell&#039;account, prima di fornire una risposta sostanziale alla richiesta. In conformit\u00e0 con le leggi applicabili, puoi designare un agente autorizzato a presentare richieste per tuo conto per esercitare i tuoi diritti. Prima di accettare tale richiesta da un agente, richiederemo che l&#039;agente fornisca la prova che lo hai autorizzato ad agire per tuo conto e potremmo aver bisogno che tu verifichi la tua identit\u00e0 direttamente con noi. Risponderemo alla tua richiesta in modo tempestivo come richiesto dalla legge applicabile.<\/p>\n<p>Reclami&nbsp;<\/p><p>Se hai reclami su come trattiamo i tuoi dati personali, ti preghiamo di contattarci utilizzando i dettagli di contatto forniti di seguito. Se non sei soddisfatto della nostra risposta al tuo reclamo, a seconda di dove vivi potresti avere il diritto di presentare ricorso contro la nostra decisione contattandoci utilizzando i dettagli di contatto indicati di seguito, oppure presentare il tuo reclamo all&#039;autorit\u00e0 locale per la protezione dei dati.<\/p>\n<p>Utenti internazionali&nbsp;<\/p><p>Si prega di notare che potremmo trasferire, archiviare ed elaborare le tue informazioni personali al di fuori del paese in cui vivi, compresi gli Stati Uniti. Le tue informazioni personali vengono inoltre elaborate da personale e fornitori di servizi terzi e partner in questi paesi.<\/p>\n<p>Se trasferiamo i tuoi dati personali fuori dall&#039;Europa, faremo affidamento su meccanismi di trasferimento riconosciuti, come le clausole contrattuali standard della Commissione Europea o eventuali contratti equivalenti emessi dall&#039;autorit\u00e0 competente del Regno Unito, a seconda dei casi, a meno che il trasferimento dei dati non avvenga verso un paese che \u00e8 stato ritenuto in grado di fornire un livello di protezione adeguato.<\/p>\n<p>Contatto&nbsp;<\/p><p>In caso di domande sulle nostre pratiche sulla privacy o sulla presente Informativa sulla privacy, o se desideri esercitare uno qualsiasi dei diritti a tua disposizione, inviaci un&#039;e-mail all&#039;indirizzo <a rel=\"noreferrer\">info@axtshade.com<\/a> oppure contattaci a Carrer del Consell de Cent 394, 08009 Barcelona, Barcelona, Espa\u00f1a.<\/p>\t\t\t\t\t\t\t\t<\/div>\n\t\t\t\t<\/div>\n\t\t\t\t\t<\/div>\n\t\t\t\t<\/div>\n\t\t\t\t<\/div>","protected":false},"excerpt":{"rendered":"<p>Last updated: 25\/07\/2023 This Privacy Policy describes how Axtshade (the \u201cSite\u201c, \u201cwe\u201c, \u201cus\u201c, or \u201cour\u201c) collects, uses, and discloses your<\/p>","protected":false},"author":1,"featured_media":0,"parent":0,"menu_order":0,"comment_status":"closed","ping_status":"closed","template":"elementor_header_footer","meta":{"footnotes":""},"class_list":["post-16043","page","type-page","status-publish","hentry"],"_links":{"self":[{"href":"https:\/\/axtshade.com\/it\/wp-json\/wp\/v2\/pages\/16043","targetHints":{"allow":["GET"]}}],"collection":[{"href":"https:\/\/axtshade.com\/it\/wp-json\/wp\/v2\/pages"}],"about":[{"href":"https:\/\/axtshade.com\/it\/wp-json\/wp\/v2\/types\/page"}],"author":[{"embeddable":true,"href":"https:\/\/axtshade.com\/it\/wp-json\/wp\/v2\/users\/1"}],"replies":[{"embeddable":true,"href":"https:\/\/axtshade.com\/it\/wp-json\/wp\/v2\/comments?post=16043"}],"version-history":[{"count":4,"href":"https:\/\/axtshade.com\/it\/wp-json\/wp\/v2\/pages\/16043\/revisions"}],"predecessor-version":[{"id":16047,"href":"https:\/\/axtshade.com\/it\/wp-json\/wp\/v2\/pages\/16043\/revisions\/16047"}],"wp:attachment":[{"href":"https:\/\/axtshade.com\/it\/wp-json\/wp\/v2\/media?parent=16043"}],"curies":[{"name":"wp","href":"https:\/\/api.w.org\/{rel}","templated":true}]}}