{"id":16048,"date":"2024-07-10T17:16:21","date_gmt":"2024-07-10T15:16:21","guid":{"rendered":"https:\/\/axtshade.com\/?page_id=16048"},"modified":"2024-07-10T17:17:07","modified_gmt":"2024-07-10T15:17:07","slug":"refund-policy","status":"publish","type":"page","link":"https:\/\/axtshade.com\/it\/refund-policy\/","title":{"rendered":"Politica di rimborso"},"content":{"rendered":"<div data-elementor-type=\"wp-page\" data-elementor-id=\"16048\" class=\"elementor elementor-16048\" data-elementor-post-type=\"page\">\n\t\t\t\t<div class=\"wd-negative-gap elementor-element elementor-element-1ec5d8e e-flex e-con-boxed e-con e-parent\" data-id=\"1ec5d8e\" data-element_type=\"container\" data-e-type=\"container\">\n\t\t\t\t\t<div class=\"e-con-inner\">\n\t\t\t\t<div class=\"elementor-element elementor-element-b787fd5 color-scheme-inherit text-left elementor-widget elementor-widget-text-editor\" data-id=\"b787fd5\" data-element_type=\"widget\" data-e-type=\"widget\" data-widget_type=\"text-editor.default\">\n\t\t\t\t<div class=\"elementor-widget-container\">\n\t\t\t\t\t\t\t\t\t<p>Secondo la nostra politica di rimborso, per offrirti un&#039;esperienza di acquisto ancora migliore, accettiamo resi entro 20 giorni dalla data di ricezione del prodotto a casa tua. Vogliamo assicurarci che tu sia soddisfatto del tuo acquisto, quindi abbiamo semplificato il processo di reso.<\/p><p>Facciamo molta attenzione a garantire la qualit\u00e0 dei nostri prodotti e ogni articolo su misura \u00e8 realizzato su misura per soddisfare le vostre esigenze e preferenze uniche. Ti invitiamo pertanto a rivedere attentamente il tuo ordine prima di effettuare un acquisto.<\/p><p>Per usufruire di questa speciale opzione di reso, segui questi passaggi:<\/p><p><strong>Contattaci:<\/strong><\/p><p>Se desideri restituire un prodotto, contattaci entro 14 giorni dal ricevimento. Ti preghiamo di spiegare i motivi del tuo reso in modo che possiamo fornirti la migliore assistenza possibile.<\/p><p><strong>Condizione del prodotto:<\/strong><\/p><p>Assicurarsi che il prodotto sia in perfette condizioni. Dovrebbe funzionare correttamente, pulito e privo di danni, graffi, ammaccature o abrasioni.<\/p><p><strong>Confezione originale:<\/strong><\/p><p>Restituire il prodotto nella sua confezione originale. Assicurati di piegarlo esattamente come \u00e8 arrivato e di includere tutti gli accessori e l&#039;imballaggio che erano presenti al momento della consegna.<\/p><p><strong>Costo del reso:<\/strong><\/p><p>Se il motivo della restituzione \u00e8 che il prodotto \u00e8 danneggiato o difettoso, l&#039;azienda coprir\u00e0 i costi di restituzione. Vogliamo correggere eventuali problemi che potresti riscontrare con i nostri prodotti.<\/p><p>Se il reso \u00e8 dovuto al fatto che il prodotto non soddisfa le tue preferenze o semplicemente hai cambiato idea, sarai responsabile della copertura dei costi di restituzione.<\/p><p>Una volta ricevuto e valutato il tuo reso, ti informeremo del suo stato e procederemo come segue:<\/p><p><strong>Procedura di rimborso:<\/strong><\/p><p>Se il reso soddisfa i requisiti menzionati e viene approvato, elaboreremo il rimborso sul metodo di pagamento originale entro 10 giorni lavorativi.<\/p><p>Se hai domande o hai bisogno di ulteriori informazioni sul tuo reso, non esitare a contattarci all&#039;indirizzo <a rel=\"noreferrer\">info@axtshade.com<\/a>. Siamo qui per aiutarti ad avere un&#039;esperienza di acquisto soddisfacente.<\/p><p>Apprezziamo la fiducia che riponete in noi e non vediamo l&#039;ora di continuare a servirvi nel miglior modo possibile.<\/p>\t\t\t\t\t\t\t\t<\/div>\n\t\t\t\t<\/div>\n\t\t\t\t\t<\/div>\n\t\t\t\t<\/div>\n\t\t\t\t<\/div>","protected":false},"excerpt":{"rendered":"<p>According to our refund policy, in order to provide you with an even better shopping experience, we accept returns within<\/p>","protected":false},"author":1,"featured_media":0,"parent":0,"menu_order":0,"comment_status":"closed","ping_status":"closed","template":"elementor_header_footer","meta":{"footnotes":""},"class_list":["post-16048","page","type-page","status-publish","hentry"],"_links":{"self":[{"href":"https:\/\/axtshade.com\/it\/wp-json\/wp\/v2\/pages\/16048","targetHints":{"allow":["GET"]}}],"collection":[{"href":"https:\/\/axtshade.com\/it\/wp-json\/wp\/v2\/pages"}],"about":[{"href":"https:\/\/axtshade.com\/it\/wp-json\/wp\/v2\/types\/page"}],"author":[{"embeddable":true,"href":"https:\/\/axtshade.com\/it\/wp-json\/wp\/v2\/users\/1"}],"replies":[{"embeddable":true,"href":"https:\/\/axtshade.com\/it\/wp-json\/wp\/v2\/comments?post=16048"}],"version-history":[{"count":4,"href":"https:\/\/axtshade.com\/it\/wp-json\/wp\/v2\/pages\/16048\/revisions"}],"predecessor-version":[{"id":16052,"href":"https:\/\/axtshade.com\/it\/wp-json\/wp\/v2\/pages\/16048\/revisions\/16052"}],"wp:attachment":[{"href":"https:\/\/axtshade.com\/it\/wp-json\/wp\/v2\/media?parent=16048"}],"curies":[{"name":"wp","href":"https:\/\/api.w.org\/{rel}","templated":true}]}}