{"id":16094,"date":"2024-07-17T16:09:51","date_gmt":"2024-07-17T14:09:51","guid":{"rendered":"https:\/\/axtshade.com\/?post_type=product&#038;p=16094"},"modified":"2025-11-07T21:58:04","modified_gmt":"2025-11-07T20:58:04","slug":"custom-sun-shade-sails-rectangle","status":"publish","type":"product","link":"https:\/\/axtshade.com\/it\/producto\/custom-sun-shade-sails-rectangle\/","title":{"rendered":"Vele ombreggianti \u2013 Rettangolari"},"content":{"rendered":"<div data-elementor-type=\"product-post\" data-elementor-id=\"16094\" class=\"elementor elementor-16094\" data-elementor-post-type=\"product\">\n\t\t\t\t<div class=\"wd-negative-gap elementor-element elementor-element-671fd65e e-flex e-con-boxed e-con e-parent\" data-id=\"671fd65e\" data-element_type=\"container\" data-e-type=\"container\">\n\t\t\t\t\t<div class=\"e-con-inner\">\n\t\t<div class=\"elementor-element elementor-element-e127a6d e-con-full e-flex e-con e-child\" data-id=\"e127a6d\" data-element_type=\"container\" data-e-type=\"container\">\n\t\t\t\t<div class=\"elementor-element elementor-element-40314673 elementor-widget__width-initial color-scheme-inherit text-left elementor-widget elementor-widget-text-editor\" data-id=\"40314673\" data-element_type=\"widget\" data-e-type=\"widget\" data-widget_type=\"text-editor.default\">\n\t\t\t\t<div class=\"elementor-widget-container\">\n\t\t\t\t\t\t\t\t\t<strong>Soluzione ombreggiante ideale<\/strong>: Perfetto per l&#039;uso in cortili, prati, giardini, piscine, terrazze, parchi, garage o altre aree esterne. Ti mantiene fresco durante le calde giornate estive, fornendo un&#039;area sicura e protetta dai raggi UV.\u00a0<strong>Garanzia di alta qualit\u00e0<\/strong>: La tenda \u00e8 realizzata in fibra di poliestere ad alta densit\u00e0 con rivestimento in PU, che la rende resistente all&#039;umidit\u00e0, alla muffa e alle macchie.\u00a0<strong>95% Protezione UV<\/strong>: Il tessuto impermeabile fornisce una protezione efficace contro i raggi solari dannosi, con un fattore di protezione solare (UPF) di 50+. Protegge la pelle dagli effetti dannosi del sole.\u00a0<strong>Costruzione durevole<\/strong>: Progettato con bordi concavi per una migliore tensione e anelli a D in acciaio inossidabile 316 su ogni angolo per una maggiore resistenza. Il nastro pesante intrecciato attorno al bordo della vela fornisce ulteriore stabilit\u00e0. Inoltre, i bordi hanno cuciture rinforzate a doppio spessore per evitare sfilacciamenti e deformazioni.\u00a0<strong>Installazione facile<\/strong>: Si misura da D-ring a D-ring e si consiglia di lasciare uno spazio di 30-45 cm tra il punto di fissaggio e la vela per l&#039;hardware o la corda. La cucitura del tessuto \u00e8 rivolta verso il basso e per la massima tensione si consiglia un angolo di montaggio compreso tra 20 e 40 gradi. Consente un rapido drenaggio dell&#039;acqua.\t\t\t\t\t\t\t\t<\/div>\n\t\t\t\t<\/div>\n\t\t\t\t<div class=\"elementor-element elementor-element-ca04a5a elementor-widget__width-initial color-scheme-inherit text-left elementor-widget elementor-widget-text-editor\" data-id=\"ca04a5a\" data-element_type=\"widget\" data-e-type=\"widget\" data-widget_type=\"text-editor.default\">\n\t\t\t\t<div class=\"elementor-widget-container\">\n\t\t\t\t\t\t\t\t\t<h2>Contenuto del pacco:<\/h2><ul><li>1x vela ombreggiante personalizzata<\/li><li>4 corde da 5 piedi<\/li><li>1x manuale di istruzioni<\/li><\/ul>\t\t\t\t\t\t\t\t<\/div>\n\t\t\t\t<\/div>\n\t\t\t\t<\/div>\n\t\t<div class=\"elementor-element elementor-element-52f55a2 e-con-full e-flex e-con e-child\" data-id=\"52f55a2\" data-element_type=\"container\" data-e-type=\"container\">\n\t\t\t\t<div class=\"elementor-element elementor-element-3d68c02 elementor-widget elementor-widget-heading\" data-id=\"3d68c02\" data-element_type=\"widget\" data-e-type=\"widget\" data-widget_type=\"heading.default\">\n\t\t\t\t<div class=\"elementor-widget-container\">\n\t\t\t\t\t<h4 class=\"elementor-heading-title elementor-size-default\">Impermeabile vs traspirante<\/h4>\t\t\t\t<\/div>\n\t\t\t\t<\/div>\n\t\t\t\t<div class=\"elementor-element elementor-element-29f3a68 elementor-widget__width-initial elementor-widget elementor-widget-gallery\" data-id=\"29f3a68\" data-element_type=\"widget\" data-e-type=\"widget\" data-settings=\"{&quot;columns&quot;:1,&quot;columns_mobile&quot;:2,&quot;aspect_ratio&quot;:&quot;1:1&quot;,&quot;lazyload&quot;:&quot;yes&quot;,&quot;gallery_layout&quot;:&quot;grid&quot;,&quot;columns_tablet&quot;:2,&quot;gap&quot;:{&quot;unit&quot;:&quot;px&quot;,&quot;size&quot;:10,&quot;sizes&quot;:[]},&quot;gap_tablet&quot;:{&quot;unit&quot;:&quot;px&quot;,&quot;size&quot;:10,&quot;sizes&quot;:[]},&quot;gap_mobile&quot;:{&quot;unit&quot;:&quot;px&quot;,&quot;size&quot;:10,&quot;sizes&quot;:[]},&quot;link_to&quot;:&quot;file&quot;,&quot;overlay_background&quot;:&quot;yes&quot;,&quot;content_hover_animation&quot;:&quot;fade-in&quot;}\" data-widget_type=\"gallery.default\">\n\t\t\t\t<div class=\"elementor-widget-container\">\n\t\t\t\t\t\t\t<div class=\"elementor-gallery__container\">\n\t\t\t\t\t\t\t<a class=\"e-gallery-item elementor-gallery-item elementor-animated-content\" href=\"https:\/\/axtshade.com\/wp-content\/uploads\/2024\/07\/custom_made_triangle_fabric.webp\" data-elementor-open-lightbox=\"yes\" data-elementor-lightbox-slideshow=\"29f3a68\" data-elementor-lightbox-title=\"custom_made_triangle_fabric\" data-e-action-hash=\"#elementor-action%3Aaction%3Dlightbox%26settings%3DeyJpZCI6MTU5MDMsInVybCI6Imh0dHBzOlwvXC9heHRzaGFkZS5jb21cL3dwLWNvbnRlbnRcL3VwbG9hZHNcLzIwMjRcLzA3XC9jdXN0b21fbWFkZV90cmlhbmdsZV9mYWJyaWMud2VicCIsInNsaWRlc2hvdyI6IjI5ZjNhNjgifQ%3D%3D\">\n\t\t\t\t\t<div class=\"e-gallery-image elementor-gallery-item__image\" data-thumbnail=\"https:\/\/axtshade.com\/wp-content\/uploads\/2024\/07\/custom_made_triangle_fabric.webp\" data-width=\"640\" data-height=\"640\" aria-label=\"\" role=\"img\" ><\/div>\n\t\t\t\t\t\t\t\t\t\t\t<div class=\"elementor-gallery-item__overlay\"><\/div>\n\t\t\t\t\t\t\t\t\t\t\t\t\t\t<\/a>\n\t\t\t\t\t<\/div>\n\t\t\t\t\t<\/div>\n\t\t\t\t<\/div>\n\t\t\t\t<\/div>\n\t\t<div class=\"elementor-element elementor-element-490384a e-con-full e-flex e-con e-child\" data-id=\"490384a\" data-element_type=\"container\" data-e-type=\"container\" id=\"mea\">\n\t\t\t\t<div class=\"elementor-element elementor-element-0d1b20b elementor-widget elementor-widget-heading\" data-id=\"0d1b20b\" data-element_type=\"widget\" data-e-type=\"widget\" data-widget_type=\"heading.default\">\n\t\t\t\t<div class=\"elementor-widget-container\">\n\t\t\t\t\t<h4 class=\"elementor-heading-title elementor-size-default\">Misurazione delle dimensioni e installazione<\/h4>\t\t\t\t<\/div>\n\t\t\t\t<\/div>\n\t\t\t\t<div class=\"elementor-element elementor-element-2c44007 elementor-widget elementor-widget-gallery\" data-id=\"2c44007\" data-element_type=\"widget\" data-e-type=\"widget\" data-settings=\"{&quot;columns&quot;:2,&quot;columns_mobile&quot;:2,&quot;aspect_ratio&quot;:&quot;1:1&quot;,&quot;lazyload&quot;:&quot;yes&quot;,&quot;gallery_layout&quot;:&quot;grid&quot;,&quot;columns_tablet&quot;:2,&quot;gap&quot;:{&quot;unit&quot;:&quot;px&quot;,&quot;size&quot;:10,&quot;sizes&quot;:[]},&quot;gap_tablet&quot;:{&quot;unit&quot;:&quot;px&quot;,&quot;size&quot;:10,&quot;sizes&quot;:[]},&quot;gap_mobile&quot;:{&quot;unit&quot;:&quot;px&quot;,&quot;size&quot;:10,&quot;sizes&quot;:[]},&quot;link_to&quot;:&quot;file&quot;,&quot;overlay_background&quot;:&quot;yes&quot;,&quot;content_hover_animation&quot;:&quot;fade-in&quot;}\" data-widget_type=\"gallery.default\">\n\t\t\t\t<div class=\"elementor-widget-container\">\n\t\t\t\t\t\t\t<div class=\"elementor-gallery__container\">\n\t\t\t\t\t\t\t<a class=\"e-gallery-item elementor-gallery-item elementor-animated-content\" href=\"https:\/\/axtshade.com\/wp-content\/uploads\/2024\/07\/71XKe7UpD9L._AC_SL1500_.jpg\" data-elementor-open-lightbox=\"yes\" data-elementor-lightbox-slideshow=\"2c44007\" data-elementor-lightbox-title=\"71XKe7UpD9L._AC_SL1500_\" data-e-action-hash=\"#elementor-action%3Aaction%3Dlightbox%26settings%3DeyJpZCI6MTU4OTQsInVybCI6Imh0dHBzOlwvXC9heHRzaGFkZS5jb21cL3dwLWNvbnRlbnRcL3VwbG9hZHNcLzIwMjRcLzA3XC83MVhLZTdVcEQ5TC5fQUNfU0wxNTAwXy5qcGciLCJzbGlkZXNob3ciOiIyYzQ0MDA3In0%3D\">\n\t\t\t\t\t<div class=\"e-gallery-image elementor-gallery-item__image\" data-thumbnail=\"https:\/\/axtshade.com\/wp-content\/uploads\/2024\/07\/71XKe7UpD9L._AC_SL1500_-832x800.jpg\" data-width=\"832\" data-height=\"800\" aria-label=\"\" role=\"img\" ><\/div>\n\t\t\t\t\t\t\t\t\t\t\t<div class=\"elementor-gallery-item__overlay\"><\/div>\n\t\t\t\t\t\t\t\t\t\t\t\t\t\t<\/a>\n\t\t\t\t\t\t\t<a class=\"e-gallery-item elementor-gallery-item elementor-animated-content\" href=\"https:\/\/axtshade.com\/wp-content\/uploads\/2024\/07\/71CLbAXXHkL._AC_SL1500_.jpg\" data-elementor-open-lightbox=\"yes\" data-elementor-lightbox-slideshow=\"2c44007\" data-elementor-lightbox-title=\"71CLbAXXHkL._AC_SL1500_\" data-e-action-hash=\"#elementor-action%3Aaction%3Dlightbox%26settings%3DeyJpZCI6MTU4OTMsInVybCI6Imh0dHBzOlwvXC9heHRzaGFkZS5jb21cL3dwLWNvbnRlbnRcL3VwbG9hZHNcLzIwMjRcLzA3XC83MUNMYkFYWEhrTC5fQUNfU0wxNTAwXy5qcGciLCJzbGlkZXNob3ciOiIyYzQ0MDA3In0%3D\">\n\t\t\t\t\t<div class=\"e-gallery-image elementor-gallery-item__image\" data-thumbnail=\"https:\/\/axtshade.com\/wp-content\/uploads\/2024\/07\/71CLbAXXHkL._AC_SL1500_-817x800.jpg\" data-width=\"817\" data-height=\"800\" aria-label=\"\" role=\"img\" ><\/div>\n\t\t\t\t\t\t\t\t\t\t\t<div class=\"elementor-gallery-item__overlay\"><\/div>\n\t\t\t\t\t\t\t\t\t\t\t\t\t\t<\/a>\n\t\t\t\t\t<\/div>\n\t\t\t\t\t<\/div>\n\t\t\t\t<\/div>\n\t\t\t\t<\/div>\n\t\t<div class=\"elementor-element elementor-element-abc07b3 e-con-full e-flex e-con e-child\" data-id=\"abc07b3\" data-element_type=\"container\" data-e-type=\"container\">\n\t\t\t\t<div class=\"elementor-element elementor-element-bea9f77 elementor-widget elementor-widget-heading\" data-id=\"bea9f77\" data-element_type=\"widget\" data-e-type=\"widget\" data-widget_type=\"heading.default\">\n\t\t\t\t<div class=\"elementor-widget-container\">\n\t\t\t\t\t<h4 class=\"elementor-heading-title elementor-size-default\">Informazioni utili<\/h4>\t\t\t\t<\/div>\n\t\t\t\t<\/div>\n\t\t\t\t<div class=\"elementor-element elementor-element-469f02a elementor-widget elementor-widget-gallery\" data-id=\"469f02a\" data-element_type=\"widget\" data-e-type=\"widget\" data-settings=\"{&quot;columns&quot;:2,&quot;columns_mobile&quot;:2,&quot;aspect_ratio&quot;:&quot;1:1&quot;,&quot;lazyload&quot;:&quot;yes&quot;,&quot;gallery_layout&quot;:&quot;grid&quot;,&quot;columns_tablet&quot;:2,&quot;gap&quot;:{&quot;unit&quot;:&quot;px&quot;,&quot;size&quot;:10,&quot;sizes&quot;:[]},&quot;gap_tablet&quot;:{&quot;unit&quot;:&quot;px&quot;,&quot;size&quot;:10,&quot;sizes&quot;:[]},&quot;gap_mobile&quot;:{&quot;unit&quot;:&quot;px&quot;,&quot;size&quot;:10,&quot;sizes&quot;:[]},&quot;link_to&quot;:&quot;file&quot;,&quot;overlay_background&quot;:&quot;yes&quot;,&quot;content_hover_animation&quot;:&quot;fade-in&quot;}\" data-widget_type=\"gallery.default\">\n\t\t\t\t<div class=\"elementor-widget-container\">\n\t\t\t\t\t\t\t<div class=\"elementor-gallery__container\">\n\t\t\t\t\t\t\t<a class=\"e-gallery-item elementor-gallery-item elementor-animated-content\" href=\"https:\/\/axtshade.com\/wp-content\/uploads\/2024\/07\/custom_made_rectangle_side.webp\" data-elementor-open-lightbox=\"yes\" data-elementor-lightbox-slideshow=\"469f02a\" data-elementor-lightbox-title=\"custom_made_rectangle_side\" data-e-action-hash=\"#elementor-action%3Aaction%3Dlightbox%26settings%3DeyJpZCI6MTYwOTUsInVybCI6Imh0dHBzOlwvXC9heHRzaGFkZS5jb21cL3dwLWNvbnRlbnRcL3VwbG9hZHNcLzIwMjRcLzA3XC9jdXN0b21fbWFkZV9yZWN0YW5nbGVfc2lkZS53ZWJwIiwic2xpZGVzaG93IjoiNDY5ZjAyYSJ9\">\n\t\t\t\t\t<div class=\"e-gallery-image elementor-gallery-item__image\" data-thumbnail=\"https:\/\/axtshade.com\/wp-content\/uploads\/2024\/07\/custom_made_rectangle_side.webp\" data-width=\"640\" data-height=\"640\" aria-label=\"\" role=\"img\" ><\/div>\n\t\t\t\t\t\t\t\t\t\t\t<div class=\"elementor-gallery-item__overlay\"><\/div>\n\t\t\t\t\t\t\t\t\t\t\t\t\t\t<\/a>\n\t\t\t\t\t\t\t<a class=\"e-gallery-item elementor-gallery-item elementor-animated-content\" href=\"https:\/\/axtshade.com\/wp-content\/uploads\/2024\/07\/custom_made_triangle_diy_installation.webp\" data-elementor-open-lightbox=\"yes\" data-elementor-lightbox-slideshow=\"469f02a\" data-elementor-lightbox-title=\"custom_made_triangle_diy_installation\" data-e-action-hash=\"#elementor-action%3Aaction%3Dlightbox%26settings%3DeyJpZCI6MTU4OTIsInVybCI6Imh0dHBzOlwvXC9heHRzaGFkZS5jb21cL3dwLWNvbnRlbnRcL3VwbG9hZHNcLzIwMjRcLzA3XC9jdXN0b21fbWFkZV90cmlhbmdsZV9kaXlfaW5zdGFsbGF0aW9uLndlYnAiLCJzbGlkZXNob3ciOiI0NjlmMDJhIn0%3D\">\n\t\t\t\t\t<div class=\"e-gallery-image elementor-gallery-item__image\" data-thumbnail=\"https:\/\/axtshade.com\/wp-content\/uploads\/2024\/07\/custom_made_triangle_diy_installation.webp\" data-width=\"640\" data-height=\"640\" aria-label=\"\" role=\"img\" ><\/div>\n\t\t\t\t\t\t\t\t\t\t\t<div class=\"elementor-gallery-item__overlay\"><\/div>\n\t\t\t\t\t\t\t\t\t\t\t\t\t\t<\/a>\n\t\t\t\t\t<\/div>\n\t\t\t\t\t<\/div>\n\t\t\t\t<\/div>\n\t\t\t\t<\/div>\n\t\t<div class=\"elementor-element elementor-element-494f3af e-con-full e-flex e-con e-child\" data-id=\"494f3af\" data-element_type=\"container\" data-e-type=\"container\">\n\t\t\t\t<div class=\"elementor-element elementor-element-d60e7a2 elementor-widget elementor-widget-wd_accordion\" data-id=\"d60e7a2\" data-element_type=\"widget\" data-e-type=\"widget\" data-widget_type=\"wd_accordion.default\">\n\t\t\t\t<div class=\"elementor-widget-container\">\n\t\t\t\t\t\n\t\t<div class=\"wd-accordion wd-style-shadow wd-titles-left wd-opener-pos-left wd-opener-style-arrow\" data-state=\"first\">\n\t\t\t\t\t\t\t\n\t\t\t\t<div class=\"wd-accordion-item\">\n\t\t\t\t\t<div class=\"wd-accordion-title wd-active\" data-accordion-index=\"0\">\n\t\t\t\t\t\t<div class=\"wd-accordion-title-text\">\n\t\t\t\t\t\t\t\t\t\t\t\t\t\t<span>\n\t\t\t\t\t\t\t\tInformazioni sugli errori di dimensione\t\t\t\t\t\t\t<\/span>\n\t\t\t\t\t\t<\/div>\n\t\t\t\t\t\t<span class=\"wd-accordion-opener\"><\/span>\n\t\t\t\t\t<\/div>\n\n\t\t\t\t\t<div class=\"wd-accordion-content wd-entry-content wd-active\" data-accordion-index=\"0\">\n\t\t\t\t\t\t\t\t\t\t\t\t\t\n\t\t\t\t\t\t\t<p>Si prega di notare che il tessuto viene tagliato e cucito manualmente e si verificheranno errori di dimensione. (Misurato in base alle istruzioni del video o dell&#039;immagine, l&#039;errore di dimensione \u00e8 compreso tra 1 e 10 cm)<\/p>\n\t\t\t\t\t\t\t\t\t\t\t\t\t\t\t\t\t\t<\/div>\n\t\t\t\t<\/div>\n\t\t\t\t\t\t\t\n\t\t\t\t<div class=\"wd-accordion-item\">\n\t\t\t\t\t<div class=\"wd-accordion-title\" data-accordion-index=\"1\">\n\t\t\t\t\t\t<div class=\"wd-accordion-title-text\">\n\t\t\t\t\t\t\t\t\t\t\t\t\t\t<span>\n\t\t\t\t\t\t\t\tQual \u00e8 la composizione del materiale della vela ombreggiante?\t\t\t\t\t\t\t<\/span>\n\t\t\t\t\t\t<\/div>\n\t\t\t\t\t\t<span class=\"wd-accordion-opener\"><\/span>\n\t\t\t\t\t<\/div>\n\n\t\t\t\t\t<div class=\"wd-accordion-content wd-entry-content\" data-accordion-index=\"1\">\n\t\t\t\t\t\t\t\t\t\t\t\t\t\n\t\t\t\t\t\t\t<p>La vela ombreggiante \u00e8 composta da<b> fibra di poliestere ad alta densit\u00e0 con rivestimento in PU<\/b>. Inoltre, il tessuto traspirante \u00e8 realizzato <strong>100% puro polietilene ad alta densit\u00e0<\/strong>, consentendo il passaggio di temperature fresche e pioggia.<\/p>\n\t\t\t\t\t\t\t\t\t\t\t\t\t\t\t\t\t\t<\/div>\n\t\t\t\t<\/div>\n\t\t\t\t\t\t\t\n\t\t\t\t<div class=\"wd-accordion-item\">\n\t\t\t\t\t<div class=\"wd-accordion-title\" data-accordion-index=\"2\">\n\t\t\t\t\t\t<div class=\"wd-accordion-title-text\">\n\t\t\t\t\t\t\t\t\t\t\t\t\t\t<span>\n\t\t\t\t\t\t\t\tQuando \u00e8 meglio usare una vela ombreggiante impermeabile e quando \u00e8 meglio usarne una traspirante?\t\t\t\t\t\t\t<\/span>\n\t\t\t\t\t\t<\/div>\n\t\t\t\t\t\t<span class=\"wd-accordion-opener\"><\/span>\n\t\t\t\t\t<\/div>\n\n\t\t\t\t\t<div class=\"wd-accordion-content wd-entry-content\" data-accordion-index=\"2\">\n\t\t\t\t\t\t\t\t\t\t\t\t\t\n\t\t\t\t\t\t\t<p>La scelta tra una vela ombreggiante impermeabile o traspirante\u00a0<b>dipende dalle tue esigenze specifiche<\/b>. Se desideri protezione dalla pioggia, scegli l&#039;opzione impermeabile. Se dai priorit\u00e0 alla circolazione dell&#039;aria e al raffreddamento, il tessuto traspirante \u00e8 l&#039;ideale.<\/p>\n\t\t\t\t\t\t\t\t\t\t\t\t\t\t\t\t\t\t<\/div>\n\t\t\t\t<\/div>\n\t\t\t\t\t\t\t\n\t\t\t\t<div class=\"wd-accordion-item\">\n\t\t\t\t\t<div class=\"wd-accordion-title\" data-accordion-index=\"3\">\n\t\t\t\t\t\t<div class=\"wd-accordion-title-text\">\n\t\t\t\t\t\t\t\t\t\t\t\t\t\t<span>\n\t\t\t\t\t\t\t\tPosso installare facilmente la vela ombreggiante?\t\t\t\t\t\t\t<\/span>\n\t\t\t\t\t\t<\/div>\n\t\t\t\t\t\t<span class=\"wd-accordion-opener\"><\/span>\n\t\t\t\t\t<\/div>\n\n\t\t\t\t\t<div class=\"wd-accordion-content wd-entry-content\" data-accordion-index=\"3\">\n\t\t\t\t\t\t\t\t\t\t\t\t\t\n\t\t\t\t\t\t\t<p><b>S\u00ec, l&#039;installazione \u00e8 semplice<\/b>. Misurare da D-ring a D-ring, lasciare uno spazio di 30-45 cm tra il punto di fissaggio e la vela per l&#039;hardware o la corda. La cucitura del tessuto \u00e8 rivolta verso il basso e per la massima tensione si consiglia un angolo di montaggio compreso tra 20 e 40 gradi. Il design consente un rapido drenaggio dell&#039;acqua.<\/p>\n\t\t\t\t\t\t\t\t\t\t\t\t\t\t\t\t\t\t<\/div>\n\t\t\t\t<\/div>\n\t\t\t\t\t\t\t\n\t\t\t\t<div class=\"wd-accordion-item\">\n\t\t\t\t\t<div class=\"wd-accordion-title\" data-accordion-index=\"4\">\n\t\t\t\t\t\t<div class=\"wd-accordion-title-text\">\n\t\t\t\t\t\t\t\t\t\t\t\t\t\t<span>\n\t\t\t\t\t\t\t\tCosa \u00e8 incluso nel pacchetto?\t\t\t\t\t\t\t<\/span>\n\t\t\t\t\t\t<\/div>\n\t\t\t\t\t\t<span class=\"wd-accordion-opener\"><\/span>\n\t\t\t\t\t<\/div>\n\n\t\t\t\t\t<div class=\"wd-accordion-content wd-entry-content\" data-accordion-index=\"4\">\n\t\t\t\t\t\t\t\t\t\t\t\t\t\n\t\t\t\t\t\t\t<p>La confezione comprende oltre alla vela ombreggiante <strong>corde per ciascun anello d&#039;angolo<\/strong> E <strong>istruzioni dettagliate<\/strong> per l&#039;installazione.<\/p>\n\t\t\t\t\t\t\t\t\t\t\t\t\t\t\t\t\t\t<\/div>\n\t\t\t\t<\/div>\n\t\t\t\t\t\t\t\n\t\t\t\t<div class=\"wd-accordion-item\">\n\t\t\t\t\t<div class=\"wd-accordion-title\" data-accordion-index=\"5\">\n\t\t\t\t\t\t<div class=\"wd-accordion-title-text\">\n\t\t\t\t\t\t\t\t\t\t\t\t\t\t<span>\n\t\t\t\t\t\t\t\tLa vela ombreggiante \u00e8 resistente agli elementi ambientali?\t\t\t\t\t\t\t<\/span>\n\t\t\t\t\t\t<\/div>\n\t\t\t\t\t\t<span class=\"wd-accordion-opener\"><\/span>\n\t\t\t\t\t<\/div>\n\n\t\t\t\t\t<div class=\"wd-accordion-content wd-entry-content\" data-accordion-index=\"5\">\n\t\t\t\t\t\t\t\t\t\t\t\t\t\n\t\t\t\t\t\t\t<p>S\u00ec, la fibra di poliestere ad alta densit\u00e0 con rivestimento in PU rende l&#039;ombra velata <strong>resistente all&#039;umidit\u00e0, alla muffa e alle macchie<\/strong>. \u00c8 progettato per durare nel tempo in varie condizioni atmosferiche.<\/p>\n\t\t\t\t\t\t\t\t\t\t\t\t\t\t\t\t\t\t<\/div>\n\t\t\t\t<\/div>\n\t\t\t\t\t\t\t\n\t\t\t\t<div class=\"wd-accordion-item\">\n\t\t\t\t\t<div class=\"wd-accordion-title\" data-accordion-index=\"6\">\n\t\t\t\t\t\t<div class=\"wd-accordion-title-text\">\n\t\t\t\t\t\t\t\t\t\t\t\t\t\t<span>\n\t\t\t\t\t\t\t\tCome posso mantenere la vela ombreggiante in buone condizioni?\t\t\t\t\t\t\t<\/span>\n\t\t\t\t\t\t<\/div>\n\t\t\t\t\t\t<span class=\"wd-accordion-opener\"><\/span>\n\t\t\t\t\t<\/div>\n\n\t\t\t\t\t<div class=\"wd-accordion-content wd-entry-content\" data-accordion-index=\"6\">\n\t\t\t\t\t\t\t\t\t\t\t\t\t\n\t\t\t\t\t\t\t<p>Si consiglia di utilizzare una spazzola morbida o di aspirare su entrambi i lati del tessuto per rimuovere la polvere, lavando il tessuto con acqua e sapone neutro, preferibilmente di origine naturale. Fai asciugare il tessuto all&#039;aria e, per una protezione aggiuntiva, considera l&#039;applicazione di una cera speciale per tela. Questi passaggi di cura ti aiuteranno a mantenere la tua vela ombreggiante in condizioni ottimali.<\/p>\n\t\t\t\t\t\t\t\t\t\t\t\t\t\t\t\t\t\t<\/div>\n\t\t\t\t<\/div>\n\t\t\t\t\t\t\t\n\t\t\t\t<div class=\"wd-accordion-item\">\n\t\t\t\t\t<div class=\"wd-accordion-title\" data-accordion-index=\"7\">\n\t\t\t\t\t\t<div class=\"wd-accordion-title-text\">\n\t\t\t\t\t\t\t\t\t\t\t\t\t\t<span>\n\t\t\t\t\t\t\t\tQual \u00e8 la posizione ideale per utilizzare questa vela ombreggiante da esterno?\t\t\t\t\t\t\t<\/span>\n\t\t\t\t\t\t<\/div>\n\t\t\t\t\t\t<span class=\"wd-accordion-opener\"><\/span>\n\t\t\t\t\t<\/div>\n\n\t\t\t\t\t<div class=\"wd-accordion-content wd-entry-content\" data-accordion-index=\"7\">\n\t\t\t\t\t\t\t\t\t\t\t\t\t\n\t\t\t\t\t\t\t<p>Questa vela ombreggiante \u00e8 perfetta per l&#039;uso in <strong>cortili, prati, giardini, piscine, terrazze, parchi, garage o qualsiasi altra area esterna<\/strong> che richiedono ombra e protezione dai raggi UV.<\/p>\n\t\t\t\t\t\t\t\t\t\t\t\t\t\t\t\t\t\t<\/div>\n\t\t\t\t<\/div>\n\t\t\t\t\t\t\t\n\t\t\t\t<div class=\"wd-accordion-item\">\n\t\t\t\t\t<div class=\"wd-accordion-title\" data-accordion-index=\"8\">\n\t\t\t\t\t\t<div class=\"wd-accordion-title-text\">\n\t\t\t\t\t\t\t\t\t\t\t\t\t\t<span>\n\t\t\t\t\t\t\t\tChe tipo di protezione offre la vela ombreggiante?\t\t\t\t\t\t\t<\/span>\n\t\t\t\t\t\t<\/div>\n\t\t\t\t\t\t<span class=\"wd-accordion-opener\"><\/span>\n\t\t\t\t\t<\/div>\n\n\t\t\t\t\t<div class=\"wd-accordion-content wd-entry-content\" data-accordion-index=\"8\">\n\t\t\t\t\t\t\t\t\t\t\t\t\t\n\t\t\t\t\t\t\t<p>La vela ombreggiante offre una soluzione completa, <strong>fornendo ombra, effetti rinfrescanti durante le calde giornate estive e una protezione efficace contro i dannosi raggi UV<\/strong>. Il tessuto ha un fattore di protezione solare (UPF) di 50+.<\/p>\n\t\t\t\t\t\t\t\t\t\t\t\t\t\t\t\t\t\t<\/div>\n\t\t\t\t<\/div>\n\t\t\t\t\t\t\t\n\t\t\t\t<div class=\"wd-accordion-item\">\n\t\t\t\t\t<div class=\"wd-accordion-title\" data-accordion-index=\"9\">\n\t\t\t\t\t\t<div class=\"wd-accordion-title-text\">\n\t\t\t\t\t\t\t\t\t\t\t\t\t\t<span>\n\t\t\t\t\t\t\t\tQuali caratteristiche garantiscono la resistenza e la durata della vela ombreggiante?\t\t\t\t\t\t\t<\/span>\n\t\t\t\t\t\t<\/div>\n\t\t\t\t\t\t<span class=\"wd-accordion-opener\"><\/span>\n\t\t\t\t\t<\/div>\n\n\t\t\t\t\t<div class=\"wd-accordion-content wd-entry-content\" data-accordion-index=\"9\">\n\t\t\t\t\t\t\t\t\t\t\t\t\t\n\t\t\t\t\t\t\t<p>La vela ombreggiante \u00e8 progettata con <strong>bordi concavi<\/strong> per una migliore tensione, <strong>Anelli a D in acciaio inossidabile 316<\/strong> su ogni angolo per una maggiore resistenza e <strong>nastro pesante tessuto<\/strong> attorno al bordo per stabilit\u00e0. I bordi sono inoltre dotati di cuciture rinforzate a doppio spessore per evitare sfilacciamenti e deformazioni.<\/p>\n\t\t\t\t\t\t\t\t\t\t\t\t\t\t\t\t\t\t<\/div>\n\t\t\t\t<\/div>\n\t\t\t\t\t<\/div>\n\t\t\t\t\t\t<\/div>\n\t\t\t\t<\/div>\n\t\t\t\t<\/div>\n\t\t\t\t\t<\/div>\n\t\t\t\t<\/div>\n\t\t\t\t<\/div>","protected":false},"excerpt":{"rendered":"<h4>Perch\u00e9 scegliere le nostre vele ombreggianti personalizzate?<\/h4>\n<ul>\n<li>Protezione dagli elementi: le vele ombreggianti personalizzate offrono una barriera contro i raggi UV e la pioggia, rendendo la tua area esterna utilizzabile tutto l&#039;anno. Ventilazione e raffreddamento: il design di queste vele consente la circolazione dell&#039;aria, raffreddando naturalmente l&#039;area sottostante.<\/li>\n<li>Ventilazione e raffreddamento: il design di queste vele consente la circolazione dell&#039;aria, raffreddando naturalmente l&#039;area sottostante.<\/li>\n<li>Efficienza energetica: riducendo la necessit\u00e0 di raffreddamento artificiale, queste vele possono aiutare a ridurre le bollette energetiche.<\/li>\n<li>Facilit\u00e0 di installazione e manutenzione: queste vele sono una scelta pratica per qualsiasi propriet\u00e0 progettata per un&#039;installazione e una manutenzione senza problemi.<\/li>\n<li>Versatilit\u00e0 e stile: con una gamma di opzioni personalizzate, puoi scegliere un design che non solo soddisfi le tue esigenze ma migliori anche l&#039;aspetto della tua propriet\u00e0.<\/li>\n<\/ul>","protected":false},"featured_media":16466,"comment_status":"open","ping_status":"closed","template":"","meta":[],"product_brand":[],"product_cat":[70],"product_tag":[],"class_list":{"0":"post-16094","1":"product","2":"type-product","3":"status-publish","4":"has-post-thumbnail","6":"product_cat-custom-shade-sails","8":"first","9":"instock","10":"taxable","11":"shipping-taxable","12":"purchasable","13":"product-type-simple"},"_links":{"self":[{"href":"https:\/\/axtshade.com\/it\/wp-json\/wp\/v2\/product\/16094","targetHints":{"allow":["GET"]}}],"collection":[{"href":"https:\/\/axtshade.com\/it\/wp-json\/wp\/v2\/product"}],"about":[{"href":"https:\/\/axtshade.com\/it\/wp-json\/wp\/v2\/types\/product"}],"replies":[{"embeddable":true,"href":"https:\/\/axtshade.com\/it\/wp-json\/wp\/v2\/comments?post=16094"}],"version-history":[{"count":24,"href":"https:\/\/axtshade.com\/it\/wp-json\/wp\/v2\/product\/16094\/revisions"}],"predecessor-version":[{"id":16614,"href":"https:\/\/axtshade.com\/it\/wp-json\/wp\/v2\/product\/16094\/revisions\/16614"}],"wp:featuredmedia":[{"embeddable":true,"href":"https:\/\/axtshade.com\/it\/wp-json\/wp\/v2\/media\/16466"}],"wp:attachment":[{"href":"https:\/\/axtshade.com\/it\/wp-json\/wp\/v2\/media?parent=16094"}],"wp:term":[{"taxonomy":"product_brand","embeddable":true,"href":"https:\/\/axtshade.com\/it\/wp-json\/wp\/v2\/product_brand?post=16094"},{"taxonomy":"product_cat","embeddable":true,"href":"https:\/\/axtshade.com\/it\/wp-json\/wp\/v2\/product_cat?post=16094"},{"taxonomy":"product_tag","embeddable":true,"href":"https:\/\/axtshade.com\/it\/wp-json\/wp\/v2\/product_tag?post=16094"}],"curies":[{"name":"wp","href":"https:\/\/api.w.org\/{rel}","templated":true}]}}