{"id":16140,"date":"2024-07-17T21:26:17","date_gmt":"2024-07-17T19:26:17","guid":{"rendered":"https:\/\/axtshade.com\/?post_type=product&#038;p=16140"},"modified":"2025-11-07T22:23:17","modified_gmt":"2025-11-07T21:23:17","slug":"shade-cloth","status":"publish","type":"product","link":"https:\/\/axtshade.com\/it\/producto\/shade-cloth\/","title":{"rendered":"Telo ombreggiante"},"content":{"rendered":"<div data-elementor-type=\"product-post\" data-elementor-id=\"16140\" class=\"elementor elementor-16140\" data-elementor-post-type=\"product\">\n\t\t\t\t<div class=\"wd-negative-gap elementor-element elementor-element-671fd65e e-flex e-con-boxed e-con e-parent\" data-id=\"671fd65e\" data-element_type=\"container\" data-e-type=\"container\">\n\t\t\t\t\t<div class=\"e-con-inner\">\n\t\t<div class=\"elementor-element elementor-element-e127a6d e-con-full e-flex e-con e-child\" data-id=\"e127a6d\" data-element_type=\"container\" data-e-type=\"container\">\n\t\t\t\t<div class=\"elementor-element elementor-element-40314673 elementor-widget__width-initial color-scheme-inherit text-left elementor-widget elementor-widget-text-editor\" data-id=\"40314673\" data-element_type=\"widget\" data-e-type=\"widget\" data-widget_type=\"text-editor.default\">\n\t\t\t\t<div class=\"elementor-widget-container\">\n\t\t\t\t\t\t\t\t\t<p>Trasforma i tuoi spazi esterni in paradisi freschi e confortevoli con questo\u00a0<strong>telo parasole in polietilene ad alta densit\u00e0<\/strong>. Buona permeabilit\u00e0 all&#039;aria, nessun accumulo di acqua. Offrendo fino a <strong>95% Protezione UV<\/strong>, \u00e8 ideale per le aree che richiedono un significativo blocco del sole pur mantenendo il flusso d&#039;aria. Questo telo ombreggiante \u00e8 dotato di\u00a0<strong>anelli di tenuta in rame inossidabile<\/strong>\u00a0per una facile installazione ed \u00e8 disponibile in diverse dimensioni e colori, tra cui sabbia, antracite, marrone, turchese e beige. \u00c8 progettato per esserlo\u00a0<strong>traspirante<\/strong>,\u00a0<strong>filtraggio della luce<\/strong>e resistente a\u00a0<strong>sbiadimento<\/strong>,\u00a0<strong>muffa<\/strong>, E\u00a0<strong>muffa<\/strong>, rendendolo un&#039;aggiunta pratica per giardini, cortili e altro ancora.<\/p>\t\t\t\t\t\t\t\t<\/div>\n\t\t\t\t<\/div>\n\t\t\t\t<div class=\"elementor-element elementor-element-ca04a5a elementor-widget__width-initial color-scheme-inherit text-left elementor-widget elementor-widget-text-editor\" data-id=\"ca04a5a\" data-element_type=\"widget\" data-e-type=\"widget\" data-widget_type=\"text-editor.default\">\n\t\t\t\t<div class=\"elementor-widget-container\">\n\t\t\t\t\t\t\t\t\t<h2>Contenuto del pacco:<\/h2><ul><li>1x panno parasole personalizzato per carichi pesanti<\/li><li>Una confezione di fascette<\/li><li>1x manuale di istruzioni<\/li><\/ul>\t\t\t\t\t\t\t\t<\/div>\n\t\t\t\t<\/div>\n\t\t\t\t<\/div>\n\t\t<div class=\"elementor-element elementor-element-10309ab e-con-full e-flex e-con e-child\" data-id=\"10309ab\" data-element_type=\"container\" data-e-type=\"container\">\n\t\t<div class=\"elementor-element elementor-element-08ee870 e-con-full e-flex e-con e-child\" data-id=\"08ee870\" data-element_type=\"container\" data-e-type=\"container\">\n\t\t\t\t<div class=\"elementor-element elementor-element-da79d98 elementor-widget elementor-widget-heading\" data-id=\"da79d98\" data-element_type=\"widget\" data-e-type=\"widget\" data-widget_type=\"heading.default\">\n\t\t\t\t<div class=\"elementor-widget-container\">\n\t\t\t\t\t<h4 class=\"elementor-heading-title elementor-size-default\">Protezione UV<\/h4>\t\t\t\t<\/div>\n\t\t\t\t<\/div>\n\t\t\t\t<div class=\"elementor-element elementor-element-d3bbd00 elementor-widget elementor-widget-gallery\" data-id=\"d3bbd00\" data-element_type=\"widget\" data-e-type=\"widget\" data-settings=\"{&quot;columns&quot;:2,&quot;columns_mobile&quot;:2,&quot;aspect_ratio&quot;:&quot;1:1&quot;,&quot;lazyload&quot;:&quot;yes&quot;,&quot;gallery_layout&quot;:&quot;grid&quot;,&quot;columns_tablet&quot;:2,&quot;gap&quot;:{&quot;unit&quot;:&quot;px&quot;,&quot;size&quot;:10,&quot;sizes&quot;:[]},&quot;gap_tablet&quot;:{&quot;unit&quot;:&quot;px&quot;,&quot;size&quot;:10,&quot;sizes&quot;:[]},&quot;gap_mobile&quot;:{&quot;unit&quot;:&quot;px&quot;,&quot;size&quot;:10,&quot;sizes&quot;:[]},&quot;link_to&quot;:&quot;file&quot;,&quot;overlay_background&quot;:&quot;yes&quot;,&quot;content_hover_animation&quot;:&quot;fade-in&quot;}\" data-widget_type=\"gallery.default\">\n\t\t\t\t<div class=\"elementor-widget-container\">\n\t\t\t\t\t\t\t<div class=\"elementor-gallery__container\">\n\t\t\t\t\t\t\t<a class=\"e-gallery-item elementor-gallery-item elementor-animated-content\" href=\"https:\/\/axtshade.com\/wp-content\/uploads\/2024\/07\/hdpe_shade_cloth_charcoal_01.webp\" data-elementor-open-lightbox=\"yes\" data-elementor-lightbox-slideshow=\"d3bbd00\" data-elementor-lightbox-title=\"hdpe_shade_cloth_charcoal_01\" data-e-action-hash=\"#elementor-action%3Aaction%3Dlightbox%26settings%3DeyJpZCI6MTYxNDksInVybCI6Imh0dHBzOlwvXC9heHRzaGFkZS5jb21cL3dwLWNvbnRlbnRcL3VwbG9hZHNcLzIwMjRcLzA3XC9oZHBlX3NoYWRlX2Nsb3RoX2NoYXJjb2FsXzAxLndlYnAiLCJzbGlkZXNob3ciOiJkM2JiZDAwIn0%3D\">\n\t\t\t\t\t<div class=\"e-gallery-image elementor-gallery-item__image\" data-thumbnail=\"https:\/\/axtshade.com\/wp-content\/uploads\/2024\/07\/hdpe_shade_cloth_charcoal_01.webp\" data-width=\"640\" data-height=\"640\" aria-label=\"\" role=\"img\" ><\/div>\n\t\t\t\t\t\t\t\t\t\t\t<div class=\"elementor-gallery-item__overlay\"><\/div>\n\t\t\t\t\t\t\t\t\t\t\t\t\t\t<\/a>\n\t\t\t\t\t\t\t<a class=\"e-gallery-item elementor-gallery-item elementor-animated-content\" href=\"https:\/\/axtshade.com\/wp-content\/uploads\/2024\/07\/hdpe_shade_cloth_charcoal_02.webp\" data-elementor-open-lightbox=\"yes\" data-elementor-lightbox-slideshow=\"d3bbd00\" data-elementor-lightbox-title=\"hdpe_shade_cloth_charcoal_02\" data-e-action-hash=\"#elementor-action%3Aaction%3Dlightbox%26settings%3DeyJpZCI6MTYxNTAsInVybCI6Imh0dHBzOlwvXC9heHRzaGFkZS5jb21cL3dwLWNvbnRlbnRcL3VwbG9hZHNcLzIwMjRcLzA3XC9oZHBlX3NoYWRlX2Nsb3RoX2NoYXJjb2FsXzAyLndlYnAiLCJzbGlkZXNob3ciOiJkM2JiZDAwIn0%3D\">\n\t\t\t\t\t<div class=\"e-gallery-image elementor-gallery-item__image\" data-thumbnail=\"https:\/\/axtshade.com\/wp-content\/uploads\/2024\/07\/hdpe_shade_cloth_charcoal_02.webp\" data-width=\"640\" data-height=\"637\" aria-label=\"\" role=\"img\" ><\/div>\n\t\t\t\t\t\t\t\t\t\t\t<div class=\"elementor-gallery-item__overlay\"><\/div>\n\t\t\t\t\t\t\t\t\t\t\t\t\t\t<\/a>\n\t\t\t\t\t<\/div>\n\t\t\t\t\t<\/div>\n\t\t\t\t<\/div>\n\t\t\t\t<\/div>\n\t\t<div class=\"elementor-element elementor-element-d04da1b e-con-full e-flex e-con e-child\" data-id=\"d04da1b\" data-element_type=\"container\" data-e-type=\"container\">\n\t\t\t\t<div class=\"elementor-element elementor-element-601590c elementor-widget elementor-widget-heading\" data-id=\"601590c\" data-element_type=\"widget\" data-e-type=\"widget\" data-widget_type=\"heading.default\">\n\t\t\t\t<div class=\"elementor-widget-container\">\n\t\t\t\t\t<h4 class=\"elementor-heading-title elementor-size-default\">Materiale di alta qualit\u00e0<\/h4>\t\t\t\t<\/div>\n\t\t\t\t<\/div>\n\t\t\t\t<div class=\"elementor-element elementor-element-28a6073 elementor-widget elementor-widget-gallery\" data-id=\"28a6073\" data-element_type=\"widget\" data-e-type=\"widget\" data-settings=\"{&quot;columns&quot;:2,&quot;columns_mobile&quot;:2,&quot;aspect_ratio&quot;:&quot;1:1&quot;,&quot;lazyload&quot;:&quot;yes&quot;,&quot;gallery_layout&quot;:&quot;grid&quot;,&quot;columns_tablet&quot;:2,&quot;gap&quot;:{&quot;unit&quot;:&quot;px&quot;,&quot;size&quot;:10,&quot;sizes&quot;:[]},&quot;gap_tablet&quot;:{&quot;unit&quot;:&quot;px&quot;,&quot;size&quot;:10,&quot;sizes&quot;:[]},&quot;gap_mobile&quot;:{&quot;unit&quot;:&quot;px&quot;,&quot;size&quot;:10,&quot;sizes&quot;:[]},&quot;link_to&quot;:&quot;file&quot;,&quot;overlay_background&quot;:&quot;yes&quot;,&quot;content_hover_animation&quot;:&quot;fade-in&quot;}\" data-widget_type=\"gallery.default\">\n\t\t\t\t<div class=\"elementor-widget-container\">\n\t\t\t\t\t\t\t<div class=\"elementor-gallery__container\">\n\t\t\t\t\t\t\t<a class=\"e-gallery-item elementor-gallery-item elementor-animated-content\" href=\"https:\/\/axtshade.com\/wp-content\/uploads\/2024\/07\/hdpe_shade_cloth_charcoal_03.jpg\" data-elementor-open-lightbox=\"yes\" data-elementor-lightbox-slideshow=\"28a6073\" data-elementor-lightbox-title=\"hdpe_shade_cloth_charcoal_03\" data-e-action-hash=\"#elementor-action%3Aaction%3Dlightbox%26settings%3DeyJpZCI6MTYxNTEsInVybCI6Imh0dHBzOlwvXC9heHRzaGFkZS5jb21cL3dwLWNvbnRlbnRcL3VwbG9hZHNcLzIwMjRcLzA3XC9oZHBlX3NoYWRlX2Nsb3RoX2NoYXJjb2FsXzAzLmpwZyIsInNsaWRlc2hvdyI6IjI4YTYwNzMifQ%3D%3D\">\n\t\t\t\t\t<div class=\"e-gallery-image elementor-gallery-item__image\" data-thumbnail=\"https:\/\/axtshade.com\/wp-content\/uploads\/2024\/07\/hdpe_shade_cloth_charcoal_03.jpg\" data-width=\"640\" data-height=\"640\" aria-label=\"\" role=\"img\" ><\/div>\n\t\t\t\t\t\t\t\t\t\t\t<div class=\"elementor-gallery-item__overlay\"><\/div>\n\t\t\t\t\t\t\t\t\t\t\t\t\t\t<\/a>\n\t\t\t\t\t\t\t<a class=\"e-gallery-item elementor-gallery-item elementor-animated-content\" href=\"https:\/\/axtshade.com\/wp-content\/uploads\/2024\/07\/hdpe_shade_cloth_charcoal_04.webp\" data-elementor-open-lightbox=\"yes\" data-elementor-lightbox-slideshow=\"28a6073\" data-elementor-lightbox-title=\"hdpe_shade_cloth_charcoal_04\" data-e-action-hash=\"#elementor-action%3Aaction%3Dlightbox%26settings%3DeyJpZCI6MTYxNTIsInVybCI6Imh0dHBzOlwvXC9heHRzaGFkZS5jb21cL3dwLWNvbnRlbnRcL3VwbG9hZHNcLzIwMjRcLzA3XC9oZHBlX3NoYWRlX2Nsb3RoX2NoYXJjb2FsXzA0LndlYnAiLCJzbGlkZXNob3ciOiIyOGE2MDczIn0%3D\">\n\t\t\t\t\t<div class=\"e-gallery-image elementor-gallery-item__image\" data-thumbnail=\"https:\/\/axtshade.com\/wp-content\/uploads\/2024\/07\/hdpe_shade_cloth_charcoal_04.webp\" data-width=\"640\" data-height=\"640\" aria-label=\"\" role=\"img\" ><\/div>\n\t\t\t\t\t\t\t\t\t\t\t<div class=\"elementor-gallery-item__overlay\"><\/div>\n\t\t\t\t\t\t\t\t\t\t\t\t\t\t<\/a>\n\t\t\t\t\t<\/div>\n\t\t\t\t\t<\/div>\n\t\t\t\t<\/div>\n\t\t\t\t<\/div>\n\t\t<div class=\"elementor-element elementor-element-347fd4f e-con-full e-flex e-con e-child\" data-id=\"347fd4f\" data-element_type=\"container\" data-e-type=\"container\">\n\t\t\t\t<div class=\"elementor-element elementor-element-238f847 elementor-widget elementor-widget-heading\" data-id=\"238f847\" data-element_type=\"widget\" data-e-type=\"widget\" data-widget_type=\"heading.default\">\n\t\t\t\t<div class=\"elementor-widget-container\">\n\t\t\t\t\t<h4 class=\"elementor-heading-title elementor-size-default\">Informazioni utili<\/h4>\t\t\t\t<\/div>\n\t\t\t\t<\/div>\n\t\t\t\t<div class=\"elementor-element elementor-element-5116488 elementor-widget elementor-widget-gallery\" data-id=\"5116488\" data-element_type=\"widget\" data-e-type=\"widget\" data-settings=\"{&quot;columns&quot;:2,&quot;columns_mobile&quot;:2,&quot;aspect_ratio&quot;:&quot;1:1&quot;,&quot;lazyload&quot;:&quot;yes&quot;,&quot;gallery_layout&quot;:&quot;grid&quot;,&quot;columns_tablet&quot;:2,&quot;gap&quot;:{&quot;unit&quot;:&quot;px&quot;,&quot;size&quot;:10,&quot;sizes&quot;:[]},&quot;gap_tablet&quot;:{&quot;unit&quot;:&quot;px&quot;,&quot;size&quot;:10,&quot;sizes&quot;:[]},&quot;gap_mobile&quot;:{&quot;unit&quot;:&quot;px&quot;,&quot;size&quot;:10,&quot;sizes&quot;:[]},&quot;link_to&quot;:&quot;file&quot;,&quot;overlay_background&quot;:&quot;yes&quot;,&quot;content_hover_animation&quot;:&quot;fade-in&quot;}\" data-widget_type=\"gallery.default\">\n\t\t\t\t<div class=\"elementor-widget-container\">\n\t\t\t\t\t\t\t<div class=\"elementor-gallery__container\">\n\t\t\t\t\t\t\t<a class=\"e-gallery-item elementor-gallery-item elementor-animated-content\" href=\"https:\/\/axtshade.com\/wp-content\/uploads\/2024\/07\/hdpe_shade_cloth_charcoal_05.webp\" data-elementor-open-lightbox=\"yes\" data-elementor-lightbox-slideshow=\"5116488\" data-elementor-lightbox-title=\"hdpe_shade_cloth_charcoal_05\" data-e-action-hash=\"#elementor-action%3Aaction%3Dlightbox%26settings%3DeyJpZCI6MTYxNTMsInVybCI6Imh0dHBzOlwvXC9heHRzaGFkZS5jb21cL3dwLWNvbnRlbnRcL3VwbG9hZHNcLzIwMjRcLzA3XC9oZHBlX3NoYWRlX2Nsb3RoX2NoYXJjb2FsXzA1LndlYnAiLCJzbGlkZXNob3ciOiI1MTE2NDg4In0%3D\">\n\t\t\t\t\t<div class=\"e-gallery-image elementor-gallery-item__image\" data-thumbnail=\"https:\/\/axtshade.com\/wp-content\/uploads\/2024\/07\/hdpe_shade_cloth_charcoal_05.webp\" data-width=\"640\" data-height=\"640\" aria-label=\"\" role=\"img\" ><\/div>\n\t\t\t\t\t\t\t\t\t\t\t<div class=\"elementor-gallery-item__overlay\"><\/div>\n\t\t\t\t\t\t\t\t\t\t\t\t\t\t<\/a>\n\t\t\t\t\t\t\t<a class=\"e-gallery-item elementor-gallery-item elementor-animated-content\" href=\"https:\/\/axtshade.com\/wp-content\/uploads\/2024\/07\/hdpe_shade_cloth_charcoal_06.webp\" data-elementor-open-lightbox=\"yes\" data-elementor-lightbox-slideshow=\"5116488\" data-elementor-lightbox-title=\"hdpe_shade_cloth_charcoal_06\" data-e-action-hash=\"#elementor-action%3Aaction%3Dlightbox%26settings%3DeyJpZCI6MTYxNTQsInVybCI6Imh0dHBzOlwvXC9heHRzaGFkZS5jb21cL3dwLWNvbnRlbnRcL3VwbG9hZHNcLzIwMjRcLzA3XC9oZHBlX3NoYWRlX2Nsb3RoX2NoYXJjb2FsXzA2LndlYnAiLCJzbGlkZXNob3ciOiI1MTE2NDg4In0%3D\">\n\t\t\t\t\t<div class=\"e-gallery-image elementor-gallery-item__image\" data-thumbnail=\"https:\/\/axtshade.com\/wp-content\/uploads\/2024\/07\/hdpe_shade_cloth_charcoal_06.webp\" data-width=\"640\" data-height=\"583\" aria-label=\"\" role=\"img\" ><\/div>\n\t\t\t\t\t\t\t\t\t\t\t<div class=\"elementor-gallery-item__overlay\"><\/div>\n\t\t\t\t\t\t\t\t\t\t\t\t\t\t<\/a>\n\t\t\t\t\t<\/div>\n\t\t\t\t\t<\/div>\n\t\t\t\t<\/div>\n\t\t\t\t<\/div>\n\t\t<div class=\"elementor-element elementor-element-42d75c6 e-con-full e-flex e-con e-child\" data-id=\"42d75c6\" data-element_type=\"container\" data-e-type=\"container\">\n\t\t\t\t<div class=\"elementor-element elementor-element-ee820bf elementor-widget elementor-widget-wd_accordion\" data-id=\"ee820bf\" data-element_type=\"widget\" data-e-type=\"widget\" data-widget_type=\"wd_accordion.default\">\n\t\t\t\t<div class=\"elementor-widget-container\">\n\t\t\t\t\t\n\t\t<div class=\"wd-accordion wd-style-shadow wd-titles-left wd-opener-pos-left wd-opener-style-arrow\" data-state=\"first\">\n\t\t\t\t\t\t\t\n\t\t\t\t<div class=\"wd-accordion-item\">\n\t\t\t\t\t<div class=\"wd-accordion-title wd-active\" data-accordion-index=\"0\">\n\t\t\t\t\t\t<div class=\"wd-accordion-title-text\">\n\t\t\t\t\t\t\t\t\t\t\t\t\t\t<span>\n\t\t\t\t\t\t\t\tInformazioni sugli errori di dimensione\t\t\t\t\t\t\t<\/span>\n\t\t\t\t\t\t<\/div>\n\t\t\t\t\t\t<span class=\"wd-accordion-opener\"><\/span>\n\t\t\t\t\t<\/div>\n\n\t\t\t\t\t<div class=\"wd-accordion-content wd-entry-content wd-active\" data-accordion-index=\"0\">\n\t\t\t\t\t\t\t\t\t\t\t\t\t\n\t\t\t\t\t\t\t<p>Si prega di notare che il tessuto viene tagliato e cucito manualmente e si verificheranno errori di dimensione. (Misurato in base alle istruzioni del video o dell&#039;immagine, l&#039;errore di dimensione \u00e8 compreso tra 1 e 10 cm)<\/p>\n\t\t\t\t\t\t\t\t\t\t\t\t\t\t\t\t\t\t<\/div>\n\t\t\t\t<\/div>\n\t\t\t\t\t\t\t\n\t\t\t\t<div class=\"wd-accordion-item\">\n\t\t\t\t\t<div class=\"wd-accordion-title\" data-accordion-index=\"1\">\n\t\t\t\t\t\t<div class=\"wd-accordion-title-text\">\n\t\t\t\t\t\t\t\t\t\t\t\t\t\t<span>\n\t\t\t\t\t\t\t\tDi che materiale \u00e8 fatto il tessuto parasole?\t\t\t\t\t\t\t<\/span>\n\t\t\t\t\t\t<\/div>\n\t\t\t\t\t\t<span class=\"wd-accordion-opener\"><\/span>\n\t\t\t\t\t<\/div>\n\n\t\t\t\t\t<div class=\"wd-accordion-content wd-entry-content\" data-accordion-index=\"1\">\n\t\t\t\t\t\t\t\t\t\t\t\t\t\n\t\t\t\t\t\t\t<p>Il tessuto parasole \u00e8 realizzato in\u00a0<strong>polietilene ad alta densit\u00e0<\/strong>, fornendo una durata eccezionale e una robusta protezione UV. Questo materiale \u00e8 stato scelto appositamente per la sua capacit\u00e0 di resistere all&#039;esposizione prolungata a elementi ambientali difficili.<\/p>\n\t\t\t\t\t\t\t\t\t\t\t\t\t\t\t\t\t\t<\/div>\n\t\t\t\t<\/div>\n\t\t\t\t\t\t\t\n\t\t\t\t<div class=\"wd-accordion-item\">\n\t\t\t\t\t<div class=\"wd-accordion-title\" data-accordion-index=\"2\">\n\t\t\t\t\t\t<div class=\"wd-accordion-title-text\">\n\t\t\t\t\t\t\t\t\t\t\t\t\t\t<span>\n\t\t\t\t\t\t\t\tPosso personalizzare la dimensione?\t\t\t\t\t\t\t<\/span>\n\t\t\t\t\t\t<\/div>\n\t\t\t\t\t\t<span class=\"wd-accordion-opener\"><\/span>\n\t\t\t\t\t<\/div>\n\n\t\t\t\t\t<div class=\"wd-accordion-content wd-entry-content\" data-accordion-index=\"2\">\n\t\t\t\t\t\t\t\t\t\t\t\t\t\n\t\t\t\t\t\t\t<p>S\u00ec, il telo ombreggiante \u00e8 disponibile in varie dimensioni standard ma offre anche la flessibilit\u00e0 per\u00a0<strong>personalizzazione<\/strong>. Se hai bisogno di una dimensione pi\u00f9 grande per un progetto commerciale o di una pi\u00f9 piccola per uso residenziale, puoi personalizzarla per soddisfare le tue esigenze specifiche.<\/p>\n\t\t\t\t\t\t\t\t\t\t\t\t\t\t\t\t\t\t<\/div>\n\t\t\t\t<\/div>\n\t\t\t\t\t\t\t\n\t\t\t\t<div class=\"wd-accordion-item\">\n\t\t\t\t\t<div class=\"wd-accordion-title\" data-accordion-index=\"3\">\n\t\t\t\t\t\t<div class=\"wd-accordion-title-text\">\n\t\t\t\t\t\t\t\t\t\t\t\t\t\t<span>\n\t\t\t\t\t\t\t\tCome viene installato il tessuto parasole?\t\t\t\t\t\t\t<\/span>\n\t\t\t\t\t\t<\/div>\n\t\t\t\t\t\t<span class=\"wd-accordion-opener\"><\/span>\n\t\t\t\t\t<\/div>\n\n\t\t\t\t\t<div class=\"wd-accordion-content wd-entry-content\" data-accordion-index=\"3\">\n\t\t\t\t\t\t\t\t\t\t\t\t\t\n\t\t\t\t\t\t\t<p>L&#039;installazione \u00e8 resa semplice con\u00a0<strong>occhielli<\/strong>\u00a0distribuiti lungo i bordi, consentono un fissaggio facile e sicuro a recinzioni, telai o strutture esistenti. Questa configurazione consente un rapido montaggio e smontaggio, rendendolo pratico sia per usi permanenti che temporanei.<\/p>\n\t\t\t\t\t\t\t\t\t\t\t\t\t\t\t\t\t\t<\/div>\n\t\t\t\t<\/div>\n\t\t\t\t\t\t\t\n\t\t\t\t<div class=\"wd-accordion-item\">\n\t\t\t\t\t<div class=\"wd-accordion-title\" data-accordion-index=\"4\">\n\t\t\t\t\t\t<div class=\"wd-accordion-title-text\">\n\t\t\t\t\t\t\t\t\t\t\t\t\t\t<span>\n\t\t\t\t\t\t\t\t\u00c8 adatto a tutte le condizioni atmosferiche?\t\t\t\t\t\t\t<\/span>\n\t\t\t\t\t\t<\/div>\n\t\t\t\t\t\t<span class=\"wd-accordion-opener\"><\/span>\n\t\t\t\t\t<\/div>\n\n\t\t\t\t\t<div class=\"wd-accordion-content wd-entry-content\" data-accordion-index=\"4\">\n\t\t\t\t\t\t\t\t\t\t\t\t\t\n\t\t\t\t\t\t\t<p>Assolutamente, il telo ombreggiante \u00e8 costruito per resistere a tutte le condizioni atmosferiche, dalla luce solare intensa alla pioggia battente. Il suo materiale \u00e8 trattato per essere\u00a0<strong>resistente agli agenti atmosferici<\/strong>, garantendo che rimanga funzionale ed esteticamente gradevole attraverso le varie stagioni.<\/p>\n\t\t\t\t\t\t\t\t\t\t\t\t\t\t\t\t\t\t<\/div>\n\t\t\t\t<\/div>\n\t\t\t\t\t\t\t\n\t\t\t\t<div class=\"wd-accordion-item\">\n\t\t\t\t\t<div class=\"wd-accordion-title\" data-accordion-index=\"5\">\n\t\t\t\t\t\t<div class=\"wd-accordion-title-text\">\n\t\t\t\t\t\t\t\t\t\t\t\t\t\t<span>\n\t\t\t\t\t\t\t\tPu\u00f2 essere utilizzato per altri scopi?\t\t\t\t\t\t\t<\/span>\n\t\t\t\t\t\t<\/div>\n\t\t\t\t\t\t<span class=\"wd-accordion-opener\"><\/span>\n\t\t\t\t\t<\/div>\n\n\t\t\t\t\t<div class=\"wd-accordion-content wd-entry-content\" data-accordion-index=\"5\">\n\t\t\t\t\t\t\t\t\t\t\t\t\t\n\t\t\t\t\t\t\t<p>Infatti, oltre a fornire ombra, questo telo pu\u00f2 essere utilizzato efficacemente in una variet\u00e0 di ambienti, tra cui giardini, cortili o come parabrezza. La sua versatilit\u00e0 lo rende una scelta eccellente per migliorare la privacy e il comfort in molteplici aree esterne.<\/p>\n\t\t\t\t\t\t\t\t\t\t\t\t\t\t\t\t\t\t<\/div>\n\t\t\t\t<\/div>\n\t\t\t\t\t\t\t\n\t\t\t\t<div class=\"wd-accordion-item\">\n\t\t\t\t\t<div class=\"wd-accordion-title\" data-accordion-index=\"6\">\n\t\t\t\t\t\t<div class=\"wd-accordion-title-text\">\n\t\t\t\t\t\t\t\t\t\t\t\t\t\t<span>\n\t\t\t\t\t\t\t\tCome posso pulirlo e mantenerlo?\t\t\t\t\t\t\t<\/span>\n\t\t\t\t\t\t<\/div>\n\t\t\t\t\t\t<span class=\"wd-accordion-opener\"><\/span>\n\t\t\t\t\t<\/div>\n\n\t\t\t\t\t<div class=\"wd-accordion-content wd-entry-content\" data-accordion-index=\"6\">\n\t\t\t\t\t\t\t\t\t\t\t\t\t\n\t\t\t\t\t\t\t<p>La pulizia del telo ombreggiante prevede una semplice routine di lavaggio\u00a0<strong>acqua e sapone neutro<\/strong>. Si consiglia di pulire regolarmente il tessuto per prevenire l&#039;accumulo di sporco e di ispezionare gli accessori per eventuali regolazioni necessarie, assicurandosi che rimanga in condizioni ottimali.<\/p>\n\t\t\t\t\t\t\t\t\t\t\t\t\t\t\t\t\t\t<\/div>\n\t\t\t\t<\/div>\n\t\t\t\t\t\t\t\n\t\t\t\t<div class=\"wd-accordion-item\">\n\t\t\t\t\t<div class=\"wd-accordion-title\" data-accordion-index=\"7\">\n\t\t\t\t\t\t<div class=\"wd-accordion-title-text\">\n\t\t\t\t\t\t\t\t\t\t\t\t\t\t<span>\n\t\t\t\t\t\t\t\tCosa \u00e8 incluso nel pacchetto?\t\t\t\t\t\t\t<\/span>\n\t\t\t\t\t\t<\/div>\n\t\t\t\t\t\t<span class=\"wd-accordion-opener\"><\/span>\n\t\t\t\t\t<\/div>\n\n\t\t\t\t\t<div class=\"wd-accordion-content wd-entry-content\" data-accordion-index=\"7\">\n\t\t\t\t\t\t\t\t\t\t\t\t\t\n\t\t\t\t\t\t\t<div class=\"elementor-element elementor-element-41c96b0a e-flex e-con-boxed e-con e-parent\" data-id=\"41c96b0a\" data-element_type=\"container\"><div class=\"e-con-inner\"><div class=\"elementor-element elementor-element-37f553ed e-flex e-con-boxed e-con e-child\" data-id=\"37f553ed\" data-element_type=\"container\"><div class=\"e-con-inner\"><div class=\"elementor-element elementor-element-b212f0b elementor-widget elementor-widget-text-editor\" data-id=\"b212f0b\" data-element_type=\"widget\" data-widget_type=\"text-editor.default\"><div class=\"elementor-widget-container\"><p>Il pacchetto generalmente include il\u00a0<strong>Panno parasole<\/strong>\u00a0insieme a tutto il necessario\u00a0<strong>accessori per l&#039;installazione<\/strong>\u00a0come cravatte o corde, a seconda del modello. Ci\u00f2 ti garantisce di avere tutto il necessario per la configurazione immediatamente pronto all&#039;uso.<\/p><\/div><\/div><\/div><\/div><\/div><\/div><div class=\"elementor-element elementor-element-80d940c e-flex e-con-boxed e-con e-parent\" data-id=\"80d940c\" data-element_type=\"container\"><div class=\"e-con-inner\"><div class=\"elementor-element elementor-element-64502fb elementor-icon-list--layout-inline elementor-list-item-link-full_width elementor-widget elementor-widget-icon-list\" data-id=\"64502fb\" data-element_type=\"widget\" data-widget_type=\"icon-list.default\"><div class=\"elementor-widget-container\"><ul class=\"elementor-icon-list-items elementor-inline-items\"><li class=\"elementor-icon-list-item elementor-inline-item\">\u00a0<\/li><\/ul><\/div><\/div><\/div><\/div>\n\t\t\t\t\t\t\t\t\t\t\t\t\t\t\t\t\t\t<\/div>\n\t\t\t\t<\/div>\n\t\t\t\t\t<\/div>\n\t\t\t\t\t\t<\/div>\n\t\t\t\t<\/div>\n\t\t\t\t<\/div>\n\t\t\t\t<\/div>\n\t\t\t\t\t<\/div>\n\t\t\t\t<\/div>\n\t\t\t\t<\/div>","protected":false},"excerpt":{"rendered":"<div class=\"elementor-element elementor-element-468f3aa elementor-widget elementor-widget-heading\" data-id=\"468f3aa\" data-element_type=\"widget\" data-widget_type=\"heading.default\">\n<div class=\"elementor-widget-container\">\n<div class=\"elementor-element elementor-element-122bea1b elementor-widget elementor-widget-heading\" data-id=\"122bea1b\" data-element_type=\"widget\" data-widget_type=\"heading.default\">\n<div class=\"elementor-widget-container\">\n<h2 class=\"elementor-heading-title elementor-size-default\">Perch\u00e9 scegliere il nostro tessuto parasole resistente?<\/h2>\n<\/div>\n<\/div>\n<div class=\"elementor-element elementor-element-4848f6a elementor-icon-list--layout-traditional elementor-list-item-link-full_width elementor-widget elementor-widget-icon-list\" data-id=\"4848f6a\" data-element_type=\"widget\" data-widget_type=\"icon-list.default\">\n<div class=\"elementor-widget-container\">\n<ul class=\"elementor-icon-list-items\">\n<li class=\"elementor-icon-list-item\"><i class=\"fas fa-check\" aria-hidden=\"true\"><\/i><span class=\"elementor-icon-list-text\"><strong>Materiale robusto<\/strong>: Progettato in polietilene ad alta densit\u00e0 per una durata superiore in condizioni esterne.<\/span><\/li>\n<li class=\"elementor-icon-list-item\"><i class=\"fas fa-check\" aria-hidden=\"true\"><\/i><span class=\"elementor-icon-list-text\"><strong>Protezione UV<\/strong>: Offre un blocco UV fino a 95% per proteggere sia la pelle che i mobili dai danni del sole.<\/span><\/li>\n<li class=\"elementor-icon-list-item\"><i class=\"fas fa-check\" aria-hidden=\"true\"><\/i><span class=\"elementor-icon-list-text\"><strong>Circolazione d&#039;aria<\/strong>: Progettato per essere traspirante, garantendo un ambiente pi\u00f9 fresco facilitando il flusso d&#039;aria.<\/span><\/li>\n<li class=\"elementor-icon-list-item\"><i class=\"fas fa-check\" aria-hidden=\"true\"><\/i><span class=\"elementor-icon-list-text\"><strong>Vestibilit\u00e0 personalizzata<\/strong>: Disponibile in una gamma di dimensioni e colori per adattarsi a vari spazi esterni.<\/span><\/li>\n<li class=\"elementor-icon-list-item\"><i class=\"fas fa-check\" aria-hidden=\"true\"><\/i><span class=\"elementor-icon-list-text\"><strong>Installazione facile<\/strong>: Dotato di resistenti anelli di tenuta in rame inossidabile per un montaggio rapido e sicuro.<\/span><\/li>\n<li class=\"elementor-icon-list-item\"><i class=\"fas fa-check\" aria-hidden=\"true\"><\/i><span class=\"elementor-icon-list-text\"><strong>Bassa manutenzione<\/strong>: Resistente allo sbiadimento, alla muffa e alla muffa per una manutenzione senza problemi.<\/span><\/li>\n<\/ul>\n<\/div>\n<\/div>\n<\/div>\n<\/div>","protected":false},"featured_media":16141,"comment_status":"open","ping_status":"closed","template":"","meta":[],"product_brand":[],"product_cat":[71],"product_tag":[],"class_list":{"0":"post-16140","1":"product","2":"type-product","3":"status-publish","4":"has-post-thumbnail","6":"product_cat-custom-shade-cloth","8":"first","9":"instock","10":"taxable","11":"shipping-taxable","12":"purchasable","13":"product-type-simple"},"_links":{"self":[{"href":"https:\/\/axtshade.com\/it\/wp-json\/wp\/v2\/product\/16140","targetHints":{"allow":["GET"]}}],"collection":[{"href":"https:\/\/axtshade.com\/it\/wp-json\/wp\/v2\/product"}],"about":[{"href":"https:\/\/axtshade.com\/it\/wp-json\/wp\/v2\/types\/product"}],"replies":[{"embeddable":true,"href":"https:\/\/axtshade.com\/it\/wp-json\/wp\/v2\/comments?post=16140"}],"version-history":[{"count":20,"href":"https:\/\/axtshade.com\/it\/wp-json\/wp\/v2\/product\/16140\/revisions"}],"predecessor-version":[{"id":16572,"href":"https:\/\/axtshade.com\/it\/wp-json\/wp\/v2\/product\/16140\/revisions\/16572"}],"wp:featuredmedia":[{"embeddable":true,"href":"https:\/\/axtshade.com\/it\/wp-json\/wp\/v2\/media\/16141"}],"wp:attachment":[{"href":"https:\/\/axtshade.com\/it\/wp-json\/wp\/v2\/media?parent=16140"}],"wp:term":[{"taxonomy":"product_brand","embeddable":true,"href":"https:\/\/axtshade.com\/it\/wp-json\/wp\/v2\/product_brand?post=16140"},{"taxonomy":"product_cat","embeddable":true,"href":"https:\/\/axtshade.com\/it\/wp-json\/wp\/v2\/product_cat?post=16140"},{"taxonomy":"product_tag","embeddable":true,"href":"https:\/\/axtshade.com\/it\/wp-json\/wp\/v2\/product_tag?post=16140"}],"curies":[{"name":"wp","href":"https:\/\/api.w.org\/{rel}","templated":true}]}}